{"id":1026758,"date":"2024-06-17T15:56:40","date_gmt":"2024-06-17T07:56:40","guid":{"rendered":"https:\/\/vimaterial.de\/product\/cloruro-di-piombo\/"},"modified":"2024-10-25T16:01:46","modified_gmt":"2024-10-25T08:01:46","slug":"cloruro-di-piombo","status":"publish","type":"product","link":"https:\/\/vimaterial.de\/it\/product\/cloruro-di-piombo\/","title":{"rendered":"Cloruro di piombo"},"content":{"rendered":"<p>Il target PbCl\u2082 \u00e8 un materiale con cloruro di piombo (PbCl\u2082) come componente principale, che ha importanti applicazioni in diversi campi.<\/p>\n<h3>Propriet\u00e0 di base:<\/h3>\n<p>Composizione chimica: il componente principale \u00e8 il cloruro di piombo, composto da piombo elementare e cloro elementare.<\/p>\n<p>Aspetto: Di solito appare come un materiale bersaglio solido bianco con una certa cristallinit\u00e0.<\/p>\n<p>Punto di fusione: il PbCl\u2082 ha un punto di fusione relativamente basso, il che significa che nel processo di preparazione del bersaglio non richiede temperature eccessivamente elevate per fonderlo e modellarlo, riducendo la difficolt\u00e0 e il costo della preparazione.<\/p>\n<h3>Propriet\u00e0 chimiche:<\/h3>\n<p>Stabilit\u00e0: a temperatura e pressione normali, il bersaglio PbCl\u2082 ha una certa stabilit\u00e0 chimica, ma in alcuni ambienti chimici specifici, come quando si incontrano forti agenti ossidanti o riducenti, possono verificarsi reazioni chimiche.<\/p>\n<p>Reattivit\u00e0: in determinate condizioni, il PbCl\u2082 pu\u00f2 reagire con altri composti, ad esempio in soluzioni acide o alcaline, possono verificarsi reazioni come la dissoluzione o la decomposizione.<\/p>\n<h3>Aree di applicazione:<\/h3>\n<p>Celle solari: nella preparazione di celle solari calcogenuri, i bersagli di cloruro di piombo possono essere utilizzati come fonte di piombo e gli elementi di piombo possono essere introdotti nel materiale calcogenuro attraverso lo sputtering e altri metodi per formare film sottili calcogenuri con buone propriet\u00e0 fotovoltaiche.<\/p>\n<p>Rivestimento ottico: poich\u00e9 il cloruro di piombo ha determinate propriet\u00e0 ottiche, pu\u00f2 essere utilizzato nel campo del rivestimento ottico per preparare una variet\u00e0 di pellicole ottiche, come pellicole di miglioramento della trasmittanza, pellicole riflettenti e cos\u00ec via.<\/p>\n<p>Produzione di semiconduttori: nel processo di produzione dei semiconduttori, i target di cloruro di piombo possono essere utilizzati per preparare materiali semiconduttori contenenti piombo, come le leghe di piombo-stagno. Questi materiali possono svolgere un ruolo nei dispositivi a semiconduttore come la conduttivit\u00e0 e la connessione.<\/p>\n","protected":false},"excerpt":{"rendered":"<p>Il target PbCl\u2082 \u00e8 un materiale con cloruro di piombo (PbCl\u2082) come componente principale, che ha importanti applicazioni in diversi campi.<\/p>\n<p>Celle solari: nella preparazione di celle solari calcogenuri, i bersagli di PbCl\u2082 possono essere utilizzati come fonte di piombo e gli elementi di piombo possono essere introdotti nel materiale calcogenuro attraverso lo sputtering e altri metodi per formare film sottili calcogenuri con buone propriet\u00e0 fotovoltaiche.<\/p>\n<p>Rivestimento ottico: poich\u00e9 il PbCl\u2082 ha determinate propriet\u00e0 ottiche, pu\u00f2 essere utilizzato nel campo del rivestimento ottico per preparare una variet\u00e0 di pellicole ottiche, come pellicole per il miglioramento della trasmittanza, pellicole riflettenti e cos\u00ec via.<\/p>\n","protected":false},"featured_media":1033491,"comment_status":"open","ping_status":"closed","template":"","meta":{"_acf_changed":false},"product_brand":[],"product_cat":[197],"product_tag":[],"class_list":{"0":"post-1026758","1":"product","2":"type-product","3":"status-publish","4":"has-post-thumbnail","6":"product_cat-obiettivi-di-sputtering-planari","8":"first","9":"instock","10":"shipping-taxable","11":"product-type-variable"},"acf":[],"_links":{"self":[{"href":"https:\/\/vimaterial.de\/it\/wp-json\/wp\/v2\/product\/1026758","targetHints":{"allow":["GET"]}}],"collection":[{"href":"https:\/\/vimaterial.de\/it\/wp-json\/wp\/v2\/product"}],"about":[{"href":"https:\/\/vimaterial.de\/it\/wp-json\/wp\/v2\/types\/product"}],"replies":[{"embeddable":true,"href":"https:\/\/vimaterial.de\/it\/wp-json\/wp\/v2\/comments?post=1026758"}],"wp:featuredmedia":[{"embeddable":true,"href":"https:\/\/vimaterial.de\/it\/wp-json\/wp\/v2\/media\/1033491"}],"wp:attachment":[{"href":"https:\/\/vimaterial.de\/it\/wp-json\/wp\/v2\/media?parent=1026758"}],"wp:term":[{"taxonomy":"product_brand","embeddable":true,"href":"https:\/\/vimaterial.de\/it\/wp-json\/wp\/v2\/product_brand?post=1026758"},{"taxonomy":"product_cat","embeddable":true,"href":"https:\/\/vimaterial.de\/it\/wp-json\/wp\/v2\/product_cat?post=1026758"},{"taxonomy":"product_tag","embeddable":true,"href":"https:\/\/vimaterial.de\/it\/wp-json\/wp\/v2\/product_tag?post=1026758"}],"curies":[{"name":"wp","href":"https:\/\/api.w.org\/{rel}","templated":true}]}}