{"id":1026752,"date":"2024-06-17T16:05:16","date_gmt":"2024-06-17T08:05:16","guid":{"rendered":"https:\/\/vimaterial.de\/product\/fluoruro-di-praseodimio-2\/"},"modified":"2024-10-24T13:47:44","modified_gmt":"2024-10-24T05:47:44","slug":"fluoruro-di-praseodimio-2","status":"publish","type":"product","link":"https:\/\/vimaterial.de\/it\/product\/fluoruro-di-praseodimio-2\/","title":{"rendered":"Fluoruro di praseodimio"},"content":{"rendered":"<h3>Informazioni di base<\/h3>\n<p>Formula chimica: PrF\u2083, costituito dagli elementi praseodimio (Pr) e fluoro (F), di cui il praseodimio \u00e8 un elemento delle terre rare che di solito mostra una valenza +3.<\/p>\n<p>Peso molecolare: circa 197,902 g\/mo.<\/p>\n<p>Numero CAS: 13709 &#8211; 46 &#8211; 1.<\/p>\n<p>Aspetto e colore: particelle solide generalmente verdi<\/p>\n<p>Densit\u00e0: alta densit\u00e0, circa 6,159 g\/cm\u00b3.<\/p>\n<p>Punto di fusione e punto di ebollizione: il punto di fusione \u00e8 1395\u00b0C, il punto di ebollizione \u00e8 di circa 2327\u00b0C.<\/p>\n<p>Solubilit\u00e0: \u00c8 difficile da sciogliere in acqua e la sua solubilit\u00e0 in acqua \u00e8 molto bassa.<\/p>\n<p>Struttura cristallina: con struttura a sistema cristallino esagonale.<\/p>\n<h3>Campi di applicazione<\/h3>\n<p>Materiali ottici: fluoruro di praseodimio Grazie alle sue speciali propriet\u00e0 ottiche, come l&#8217;assorbimento e l&#8217;emissione di specifiche lunghezze d&#8217;onda della luce, pu\u00f2 essere utilizzato nella produzione di vetro ottico, fibre ottiche e altri materiali.<\/p>\n<p>Campo di materiale magnetico: l&#8217;elemento di praseodimio ha propriet\u00e0 magnetiche speciali, il fluoruro di praseodimio pu\u00f2 essere utilizzato come materia prima per la preparazione di materiali magnetici.<\/p>\n<p>Campo del catalizzatore: Pu\u00f2 essere utilizzato come catalizzatore o precursore di un catalizzatore in alcune reazioni chimiche. Nel campo dei materiali ceramici: il PrF\u2083 pu\u00f2 essere utilizzato per preparare materiali ceramici con propriet\u00e0 speciali.<\/p>\n","protected":false},"excerpt":{"rendered":"<p>Materiali ottici: fluoruro di praseodimio Grazie alle sue speciali propriet\u00e0 ottiche, come l&#8217;assorbimento e l&#8217;emissione di specifiche lunghezze d&#8217;onda della luce, pu\u00f2 essere utilizzato nella produzione di vetro ottico, fibre ottiche e altri materiali.<\/p>\n<p>Campo di materiale magnetico: l&#8217;elemento di praseodimio ha propriet\u00e0 magnetiche speciali, il fluoruro di praseodimio pu\u00f2 essere utilizzato come materia prima per la preparazione di materiali magnetici.<\/p>\n<p>Campo del catalizzatore: Pu\u00f2 essere utilizzato come catalizzatore o precursore di un catalizzatore in alcune reazioni chimiche.<\/p>\n","protected":false},"featured_media":1034088,"comment_status":"open","ping_status":"closed","template":"","meta":{"_acf_changed":false},"product_brand":[],"product_cat":[198],"product_tag":[],"class_list":{"0":"post-1026752","1":"product","2":"type-product","3":"status-publish","4":"has-post-thumbnail","6":"product_cat-materiali-per-levaporazione","8":"first","9":"instock","10":"shipping-taxable","11":"purchasable","12":"product-type-variable"},"acf":[],"_links":{"self":[{"href":"https:\/\/vimaterial.de\/it\/wp-json\/wp\/v2\/product\/1026752","targetHints":{"allow":["GET"]}}],"collection":[{"href":"https:\/\/vimaterial.de\/it\/wp-json\/wp\/v2\/product"}],"about":[{"href":"https:\/\/vimaterial.de\/it\/wp-json\/wp\/v2\/types\/product"}],"replies":[{"embeddable":true,"href":"https:\/\/vimaterial.de\/it\/wp-json\/wp\/v2\/comments?post=1026752"}],"wp:featuredmedia":[{"embeddable":true,"href":"https:\/\/vimaterial.de\/it\/wp-json\/wp\/v2\/media\/1034088"}],"wp:attachment":[{"href":"https:\/\/vimaterial.de\/it\/wp-json\/wp\/v2\/media?parent=1026752"}],"wp:term":[{"taxonomy":"product_brand","embeddable":true,"href":"https:\/\/vimaterial.de\/it\/wp-json\/wp\/v2\/product_brand?post=1026752"},{"taxonomy":"product_cat","embeddable":true,"href":"https:\/\/vimaterial.de\/it\/wp-json\/wp\/v2\/product_cat?post=1026752"},{"taxonomy":"product_tag","embeddable":true,"href":"https:\/\/vimaterial.de\/it\/wp-json\/wp\/v2\/product_tag?post=1026752"}],"curies":[{"name":"wp","href":"https:\/\/api.w.org\/{rel}","templated":true}]}}