{"id":1026582,"date":"2024-06-17T15:56:40","date_gmt":"2024-06-17T07:56:40","guid":{"rendered":"https:\/\/vimaterial.de\/product\/fluoruro-di-piombo\/"},"modified":"2024-10-25T16:24:47","modified_gmt":"2024-10-25T08:24:47","slug":"fluoruro-di-piombo","status":"publish","type":"product","link":"https:\/\/vimaterial.de\/it\/product\/fluoruro-di-piombo\/","title":{"rendered":"Fluoruro di piombo"},"content":{"rendered":"<h3>Informazioni di base<\/h3>\n<p>Formula chimica e composizione: PbF\u2082 \u00e8 un composto binario composto dagli elementi piombo (Pb) e fluoro (F), dove il piombo \u00e8 un elemento metallico e il fluoro \u00e8 tipicamente un elemento non metallico.<\/p>\n<p>Peso molecolare: 245,20.<\/p>\n<p>Numero CAS: 7783 &#8211; 46 &#8211; 2.<\/p>\n<p>Aspetto e morfologia: le particelle di PbF\u2082 sono generalmente di colore bianco e di aspetto granulare fine.<\/p>\n<p>Densit\u00e0: Ha due tipi di cristalli, corrispondenti a densit\u00e0 diverse.<\/p>\n<p>Punto di fusione e punto di ebollizione: Il punto di fusione \u00e8 824\u00b0C e il punto di ebollizione \u00e8 1293\u00b0C. Il punto di fusione e il punto di ebollizione pi\u00f9 elevati sono dovuti al fatto che la densit\u00e0 della forma cristallina cubica \u00e8 di circa 7.750 g\/cm\u00b3.<\/p>\n<h3>Campi di applicazione del PbF\u2082<\/h3>\n<p>Campo ottico: come importante materiale ottico, le particelle di fluoruro di piombo possono essere utilizzate per produrre lenti ottiche, filtri e cos\u00ec via. A causa della sua buona trasmittanza ai raggi infrarossi, \u00e8 ampiamente utilizzato negli strumenti ottici a infrarossi, come rilevatori a infrarossi, apparecchiature per immagini termiche a infrarossi, ecc., che possono aiutare a realizzare le funzioni di messa a fuoco e filtraggio a infrarossi.<\/p>\n<p>Industria elettronica: Ha anche un posto nella produzione di dispositivi elettronici. Ad esempio, nel processo di produzione di alcuni tubi elettronici, tubi a raggi catodici e altri dispositivi, le particelle di fluoruro di piombo possono essere utilizzate come additivo o materiale di rivestimento per migliorare le prestazioni del dispositivo, ad esempio per migliorare l&#8217;efficienza dell&#8217;emissione di elettroni, migliorare la stabilit\u00e0 del dispositivo.<\/p>\n<p>Campo della catalisi chimica: in alcune reazioni chimiche, le particelle di fluoruro di piombo possono essere utilizzate come catalizzatori o vettori di catalizzatori. Ad esempio, in alcune reazioni di sintesi organica, pu\u00f2 promuovere la reazione modificando l&#8217;energia di attivazione della reazione e migliorare l&#8217;efficienza e la selettivit\u00e0 della reazione.<\/p>\n","protected":false},"excerpt":{"rendered":"<p>Campo ottico: come importante materiale ottico, le particelle di fluoruro di piombo possono essere utilizzate per produrre lenti ottiche, filtri e cos\u00ec via. A causa della sua buona trasmittanza ai raggi infrarossi, \u00e8 ampiamente utilizzato negli strumenti ottici a infrarossi, come rilevatori a infrarossi, apparecchiature per immagini termiche a infrarossi, ecc., che possono aiutare a realizzare le funzioni di messa a fuoco e filtraggio a infrarossi.<\/p>\n<p>Industria elettronica: Ha anche un posto nella produzione di dispositivi elettronici. Ad esempio, nel processo di produzione di alcuni tubi elettronici, tubi a raggi catodici e altri dispositivi, le particelle di fluoruro di piombo possono essere utilizzate come additivo o materiale di rivestimento per migliorare le prestazioni del dispositivo, ad esempio per migliorare l&#8217;efficienza dell&#8217;emissione di elettroni, migliorare la stabilit\u00e0 del dispositivo.<\/p>\n","protected":false},"featured_media":1033501,"comment_status":"open","ping_status":"closed","template":"","meta":{"_acf_changed":false},"product_brand":[],"product_cat":[198],"product_tag":[],"class_list":{"0":"post-1026582","1":"product","2":"type-product","3":"status-publish","4":"has-post-thumbnail","6":"product_cat-materiali-per-levaporazione","8":"first","9":"instock","10":"shipping-taxable","11":"product-type-variable"},"acf":[],"_links":{"self":[{"href":"https:\/\/vimaterial.de\/it\/wp-json\/wp\/v2\/product\/1026582","targetHints":{"allow":["GET"]}}],"collection":[{"href":"https:\/\/vimaterial.de\/it\/wp-json\/wp\/v2\/product"}],"about":[{"href":"https:\/\/vimaterial.de\/it\/wp-json\/wp\/v2\/types\/product"}],"replies":[{"embeddable":true,"href":"https:\/\/vimaterial.de\/it\/wp-json\/wp\/v2\/comments?post=1026582"}],"wp:featuredmedia":[{"embeddable":true,"href":"https:\/\/vimaterial.de\/it\/wp-json\/wp\/v2\/media\/1033501"}],"wp:attachment":[{"href":"https:\/\/vimaterial.de\/it\/wp-json\/wp\/v2\/media?parent=1026582"}],"wp:term":[{"taxonomy":"product_brand","embeddable":true,"href":"https:\/\/vimaterial.de\/it\/wp-json\/wp\/v2\/product_brand?post=1026582"},{"taxonomy":"product_cat","embeddable":true,"href":"https:\/\/vimaterial.de\/it\/wp-json\/wp\/v2\/product_cat?post=1026582"},{"taxonomy":"product_tag","embeddable":true,"href":"https:\/\/vimaterial.de\/it\/wp-json\/wp\/v2\/product_tag?post=1026582"}],"curies":[{"name":"wp","href":"https:\/\/api.w.org\/{rel}","templated":true}]}}