{"id":1026568,"date":"2024-06-17T15:53:34","date_gmt":"2024-06-17T07:53:34","guid":{"rendered":"https:\/\/vimaterial.de\/product\/ioduro-di-piombo\/"},"modified":"2024-10-28T09:18:18","modified_gmt":"2024-10-28T01:18:18","slug":"ioduro-di-piombo","status":"publish","type":"product","link":"https:\/\/vimaterial.de\/it\/product\/ioduro-di-piombo\/","title":{"rendered":"Ioduro di piombo"},"content":{"rendered":"<p>Lo ioduro di piombo, un composto inorganico con la formula chimica PbI2, \u00e8 una polvere cristallina gialla, solubile in soluzioni di ioduro di potassio e ioduro di sodio, insolubile in acqua ed etanolo, ed \u00e8 utilizzato principalmente nell&#8217;industria farmaceutica e nell&#8217;industria fotografica.<\/p>\n<h3>Informazioni di base:<\/h3>\n<p>Aspetto: solitamente polvere gialla o cristallo.<\/p>\n<p>Densit\u00e0: la densit\u00e0 relativa \u00e8 grande. Solubilit\u00e0: meno solubile in acqua, ma pu\u00f2 avere una certa solubilit\u00e0 in alcuni solventi organici.<\/p>\n<p>Stabilit\u00e0: Ha una certa stabilit\u00e0 a temperatura e pressione ambiente, ma pu\u00f2 avere reazioni chimiche in alcune condizioni. Ad esempio, pu\u00f2 reagire con alcuni agenti riducenti.<br \/>\nStabilit\u00e0 termica: reazioni come la decomposizione possono verificarsi quando riscaldato.<\/p>\n<h3>Campi di applicazione<\/h3>\n<p>Campo fotovoltaico: lo ioduro di piombo ha un ruolo importante nella ricerca delle celle solari in calcite. I materiali in calcitonite contengono spesso componenti di ioduro di piombo e questa cella ha un&#8217;elevata efficienza di conversione fotoelettrica ed \u00e8 considerata una nuova promettente tecnologia di celle solari.<\/p>\n<p>Altri campi: pu\u00f2 anche essere utilizzato come materia prima o intermedio in alcune sintesi chimiche, ricerca sui materiali, ecc.<\/p>\n<p>&nbsp;<\/p>\n","protected":false},"excerpt":{"rendered":"<p>Lo ioduro di piombo, un composto inorganico con la formula chimica PbI2, \u00e8 una polvere cristallina gialla, solubile in soluzioni di ioduro di potassio e ioduro di sodio, insolubile in acqua ed etanolo, ed \u00e8 utilizzato principalmente nell&#8217;industria farmaceutica e nell&#8217;industria fotografica.<\/p>\n","protected":false},"featured_media":1033426,"comment_status":"open","ping_status":"closed","template":"","meta":{"_acf_changed":false},"product_brand":[],"product_cat":[201],"product_tag":[],"class_list":{"0":"post-1026568","1":"product","2":"type-product","3":"status-publish","4":"has-post-thumbnail","6":"product_cat-materiali-a-base-di-alogenuri","8":"first","9":"instock","10":"shipping-taxable","11":"purchasable","12":"product-type-variable"},"acf":[],"_links":{"self":[{"href":"https:\/\/vimaterial.de\/it\/wp-json\/wp\/v2\/product\/1026568","targetHints":{"allow":["GET"]}}],"collection":[{"href":"https:\/\/vimaterial.de\/it\/wp-json\/wp\/v2\/product"}],"about":[{"href":"https:\/\/vimaterial.de\/it\/wp-json\/wp\/v2\/types\/product"}],"replies":[{"embeddable":true,"href":"https:\/\/vimaterial.de\/it\/wp-json\/wp\/v2\/comments?post=1026568"}],"wp:featuredmedia":[{"embeddable":true,"href":"https:\/\/vimaterial.de\/it\/wp-json\/wp\/v2\/media\/1033426"}],"wp:attachment":[{"href":"https:\/\/vimaterial.de\/it\/wp-json\/wp\/v2\/media?parent=1026568"}],"wp:term":[{"taxonomy":"product_brand","embeddable":true,"href":"https:\/\/vimaterial.de\/it\/wp-json\/wp\/v2\/product_brand?post=1026568"},{"taxonomy":"product_cat","embeddable":true,"href":"https:\/\/vimaterial.de\/it\/wp-json\/wp\/v2\/product_cat?post=1026568"},{"taxonomy":"product_tag","embeddable":true,"href":"https:\/\/vimaterial.de\/it\/wp-json\/wp\/v2\/product_tag?post=1026568"}],"curies":[{"name":"wp","href":"https:\/\/api.w.org\/{rel}","templated":true}]}}