{"id":1026554,"date":"2024-06-17T15:53:34","date_gmt":"2024-06-17T07:53:34","guid":{"rendered":"https:\/\/vimaterial.de\/product\/seleniuro-di-piombo-3\/"},"modified":"2024-10-28T09:33:32","modified_gmt":"2024-10-28T01:33:32","slug":"seleniuro-di-piombo-3","status":"publish","type":"product","link":"https:\/\/vimaterial.de\/it\/product\/seleniuro-di-piombo-3\/","title":{"rendered":"Seleniuro di piombo"},"content":{"rendered":"<p>Seleniuro di piombo, un composto inorganico, formula chimica PbSe, struttura del sistema cristallino cubico, solubile in acido nitrico e acido cloridrico concentrato caldo, insolubile in acqua, utilizzato principalmente nella produzione di resistori fotosensibili e rivelatori a infrarossi e cos\u00ec via.<\/p>\n<h3>Propriet\u00e0 di base<\/h3>\n<p>Formula chimica: PbSe<br \/>\nStruttura cristallina: ha una struttura cristallina specifica e le sue caratteristiche strutturali influenzeranno le sue propriet\u00e0 fisiche e chimiche.<\/p>\n<p>Densit\u00e0: Ha un&#8217;alta densit\u00e0.<\/p>\n<p>Stabilit\u00e0: \u00e8 relativamente stabile in determinate condizioni, ma pu\u00f2 subire reazioni chimiche in determinati ambienti. Ad esempio, pu\u00f2 reagire con alcuni acidi o agenti ossidanti.<\/p>\n<p>Stato di ossidazione: il piombo di solito mostra +2 valenza e il selenio mostra -2 valenza.<\/p>\n<h3>Aree di applicazione<\/h3>\n<p>Rivelatori a infrarossi: i rivelatori a infrarossi sono utilizzati per la produzione di rivelatori a infrarossi, sfruttando il loro assorbimento della luce infrarossa. In campo militare, pu\u00f2 essere utilizzato per dispositivi di visione notturna, sistemi di guida missilistica, ecc. In campo civile, pu\u00f2 essere utilizzato per dispositivi di imaging termico nei sistemi di monitoraggio della sicurezza, sensori a infrarossi nei sistemi di allarme antincendio, ecc.<\/p>\n<p>Dispositivi optoelettronici: come materiali semiconduttori, il seleniuro di piombo pu\u00f2 essere utilizzato per produrre fotodiodi, fototransistor e altri dispositivi optoelettronici, utilizzati per il rilevamento e la conversione del segnale ottico.<\/p>\n<p>Materiale termoelettrico: il seleniuro di piombo ha anche potenziali applicazioni in alcuni dispositivi di conversione termoelettrica, che possono convertire l&#8217;energia termica in energia elettrica, e ha un valore di ricerca nel campo del recupero del calore di scarto.<\/p>\n","protected":false},"excerpt":{"rendered":"<p>Seleniuro di piombo, un composto inorganico, formula chimica PbSe, struttura del sistema cristallino cubico, solubile in acido nitrico e acido cloridrico concentrato caldo, insolubile in acqua, utilizzato principalmente nella produzione di resistori fotosensibili e rivelatori a infrarossi e cos\u00ec via.<\/p>\n","protected":false},"featured_media":1033431,"comment_status":"open","ping_status":"closed","template":"","meta":{"_acf_changed":false},"product_brand":[],"product_cat":[198],"product_tag":[],"class_list":{"0":"post-1026554","1":"product","2":"type-product","3":"status-publish","4":"has-post-thumbnail","6":"product_cat-materiali-per-levaporazione","8":"first","9":"instock","10":"shipping-taxable","11":"product-type-variable"},"acf":[],"_links":{"self":[{"href":"https:\/\/vimaterial.de\/it\/wp-json\/wp\/v2\/product\/1026554","targetHints":{"allow":["GET"]}}],"collection":[{"href":"https:\/\/vimaterial.de\/it\/wp-json\/wp\/v2\/product"}],"about":[{"href":"https:\/\/vimaterial.de\/it\/wp-json\/wp\/v2\/types\/product"}],"replies":[{"embeddable":true,"href":"https:\/\/vimaterial.de\/it\/wp-json\/wp\/v2\/comments?post=1026554"}],"wp:featuredmedia":[{"embeddable":true,"href":"https:\/\/vimaterial.de\/it\/wp-json\/wp\/v2\/media\/1033431"}],"wp:attachment":[{"href":"https:\/\/vimaterial.de\/it\/wp-json\/wp\/v2\/media?parent=1026554"}],"wp:term":[{"taxonomy":"product_brand","embeddable":true,"href":"https:\/\/vimaterial.de\/it\/wp-json\/wp\/v2\/product_brand?post=1026554"},{"taxonomy":"product_cat","embeddable":true,"href":"https:\/\/vimaterial.de\/it\/wp-json\/wp\/v2\/product_cat?post=1026554"},{"taxonomy":"product_tag","embeddable":true,"href":"https:\/\/vimaterial.de\/it\/wp-json\/wp\/v2\/product_tag?post=1026554"}],"curies":[{"name":"wp","href":"https:\/\/api.w.org\/{rel}","templated":true}]}}