{"id":1026298,"date":"2024-06-17T15:56:45","date_gmt":"2024-06-17T07:56:45","guid":{"rendered":"https:\/\/vimaterial.de\/product\/ossido-di-bismuto-2\/"},"modified":"2024-09-27T11:36:17","modified_gmt":"2024-09-27T03:36:17","slug":"ossido-di-bismuto-2","status":"publish","type":"product","link":"https:\/\/vimaterial.de\/it\/product\/ossido-di-bismuto-2\/","title":{"rendered":"Ossido di bismuto"},"content":{"rendered":"<p>I bersagli per sputtering di ossido di bismuto sono utilizzati nelle tecniche di deposizione di film sottili come la deposizione fisica da vapore (PVD), in particolare lo sputtering con magnetron, per creare rivestimenti sottili di Bi\u2082O\u2083 su vari substrati. Questi film sottili sono comunemente usati nell&#8217;elettronica, nell&#8217;ottica e nelle applicazioni energetiche.<\/p>\n<p>Propriet\u00e0<\/p>\n<p>Purezza: Tipicamente disponibile in elevata purezza (dal 99,9% al 99,999%) per garantire film sottili di alta qualit\u00e0.<br \/>\nDensit\u00e0: ~8,9 g\/cm\u00b3.<br \/>\nPunto di fusione: 817\u00b0C.<br \/>\nPropriet\u00e0 elettriche: I bersagli sputtering dell&#8217;ossido di bismuto possono essere semiconduttori, con una banda proibita di ~2,8 eV.<br \/>\nForma: Disponibile come bersagli circolari, rettangolari o di forma personalizzata, a seconda del sistema di sputtering.<\/p>\n<p>Applicazioni<\/p>\n<p>Elettronica: Utilizzato per depositare film sottili per la produzione di componenti elettronici come varistori, condensatori e resistori. Importante per transistor a film sottile (TFT) e altri dispositivi a semiconduttore.<br \/>\nOttica: i bersagli sputtering con ossido di bismuto migliorano le propriet\u00e0 ottiche come l&#8217;indice di rifrazione, la trasparenza e la riflettivit\u00e0. Utilizzato in filtri ottici, lenti e specchi grazie al suo alto indice di rifrazione.<br \/>\nApplicazioni energetiche: i film sottili di Bi\u2082O\u2083 sono impiegati nelle celle a combustibile a ossidi solidi (SOFC) e in altri dispositivi legati all&#8217;energia per la loro conduttivit\u00e0 ionica.<br \/>\nFotocatalisi: i film sottili di Bi\u2082O\u2083 hanno propriet\u00e0 fotocatalitiche, che consentono loro di degradare gli inquinanti organici se esposti alla luce.<\/p>\n<p>Sensori:Utilizzato nei sensori di gas grazie alla sua sensibilit\u00e0 a vari gas, inclusi ossigeno e ossidi di azoto.<br \/>\nVantaggi Non tossico e senza piombo: l&#8217;ossido di bismuto \u00e8 un&#8217;alternativa pi\u00f9 sicura ai materiali a base di piombo nell&#8217;elettronica e nei rivestimenti.<br \/>\nVersatilit\u00e0 del film sottile: consente un controllo preciso dello spessore e della composizione dello strato depositato, che \u00e8 fondamentale per la messa a punto delle propriet\u00e0 elettriche e ottiche.<\/p>\n","protected":false},"excerpt":{"rendered":"<p>I bersagli sputtering di ossido di bismuto sono utilizzati nelle tecniche di deposizione di film sottili come la deposizione fisica da vapore (PVD), in particolare lo sputtering con magnetron, per creare rivestimenti sottili di Bi\u2082O\u2083 su vari substrati.Questi film sottili sono comunemente usati nell&#8217;elettronica, nell&#8217;ottica e nelle applicazioni energetiche.<\/p>\n<p>Non tossico e privo di piombo: l&#8217;ossido di bismuto \u00e8 un&#8217;alternativa pi\u00f9 sicura ai materiali a base di piombo nell&#8217;elettronica e nei rivestimenti.<br \/>\nVersatilit\u00e0 del film sottile: consente un controllo preciso dello spessore e della composizione dello strato depositato, che \u00e8 fondamentale per la messa a punto delle propriet\u00e0 elettriche e ottiche.<\/p>\n","protected":false},"featured_media":1033601,"comment_status":"open","ping_status":"closed","template":"","meta":{"_acf_changed":false},"product_brand":[],"product_cat":[197],"product_tag":[],"class_list":{"0":"post-1026298","1":"product","2":"type-product","3":"status-publish","4":"has-post-thumbnail","6":"product_cat-obiettivi-di-sputtering-planari","8":"first","9":"instock","10":"shipping-taxable","11":"product-type-variable"},"acf":[],"_links":{"self":[{"href":"https:\/\/vimaterial.de\/it\/wp-json\/wp\/v2\/product\/1026298","targetHints":{"allow":["GET"]}}],"collection":[{"href":"https:\/\/vimaterial.de\/it\/wp-json\/wp\/v2\/product"}],"about":[{"href":"https:\/\/vimaterial.de\/it\/wp-json\/wp\/v2\/types\/product"}],"replies":[{"embeddable":true,"href":"https:\/\/vimaterial.de\/it\/wp-json\/wp\/v2\/comments?post=1026298"}],"wp:featuredmedia":[{"embeddable":true,"href":"https:\/\/vimaterial.de\/it\/wp-json\/wp\/v2\/media\/1033601"}],"wp:attachment":[{"href":"https:\/\/vimaterial.de\/it\/wp-json\/wp\/v2\/media?parent=1026298"}],"wp:term":[{"taxonomy":"product_brand","embeddable":true,"href":"https:\/\/vimaterial.de\/it\/wp-json\/wp\/v2\/product_brand?post=1026298"},{"taxonomy":"product_cat","embeddable":true,"href":"https:\/\/vimaterial.de\/it\/wp-json\/wp\/v2\/product_cat?post=1026298"},{"taxonomy":"product_tag","embeddable":true,"href":"https:\/\/vimaterial.de\/it\/wp-json\/wp\/v2\/product_tag?post=1026298"}],"curies":[{"name":"wp","href":"https:\/\/api.w.org\/{rel}","templated":true}]}}