{"id":1026280,"date":"2024-06-17T15:56:44","date_gmt":"2024-06-17T07:56:44","guid":{"rendered":"https:\/\/vimaterial.de\/product\/ossido-di-bismuto\/"},"modified":"2024-09-27T14:24:43","modified_gmt":"2024-09-27T06:24:43","slug":"ossido-di-bismuto","status":"publish","type":"product","link":"https:\/\/vimaterial.de\/it\/product\/ossido-di-bismuto\/","title":{"rendered":"Ossido di bismuto"},"content":{"rendered":"<p>La polvere di ossido di bismuto (Bi\u2082O\u2083) \u00e8 una forma di particolato fine di ossido di bismuto con una vasta gamma di applicazioni industriali e di ricerca grazie alle sue versatili propriet\u00e0 fisiche, chimiche ed elettriche.<\/p>\n<p>Propriet\u00e0 Peso<\/p>\n<p>molecolare: 465,96 g\/mol<br \/>\nDensit\u00e0: ~8,9 g\/cm\u00b3<br \/>\nPunto di fusione: ~817\u00b0C<br \/>\nStruttura cristallina: Esiste in pi\u00f9 polimorfi, il pi\u00f9 stabile dei quali \u00e8 il monoclino \u03b1-Bi\u2082O\u2083.<br \/>\nSemiconduttore: agisce come un semiconduttore di tipo n con una banda proibita di circa 2,8 eV.<br \/>\nAlto indice di rifrazione: utile nelle applicazioni ottiche.<\/p>\n<p>Applicazioni<\/p>\n<p>Ceramica e vetro: migliora l&#8217;indice di rifrazione del vetro e della ceramica. Viene utilizzato nelle formulazioni del vetro per la sua opacit\u00e0, densit\u00e0 e propriet\u00e0 coloranti.<br \/>\nElettronica:Utilizzato nella realizzazione di varistori, condensatori ceramici e termistori grazie alla sua conduttivit\u00e0 elettrica a temperature elevate.<br \/>\nCelle a combustibile a ossidi solidi (SOFC): impiegate come materiale elettrolitico nelle SOFC a causa della sua elevata conduttivit\u00e0 ionica in specifici intervalli di temperatura.<br \/>\nFotocatalisi: efficace nella catalisi per applicazioni ambientali come la degradazione di inquinanti organici sotto la luce UV.<br \/>\nApplicazioni mediche: Utilizzato nella produzione di materiali radiopachi per la diagnostica medica, come la schermatura a raggi X e i cementi dentali.<br \/>\nPigmenti: l&#8217;ossido di bismuto pu\u00f2 essere utilizzato in vernici e rivestimenti come sostituto non tossico dei pigmenti a base di piombo.<\/p>\n<p>Vantaggi<\/p>\n<p>Sostituto atossico del piombo in varie applicazioni come i pigmenti e l&#8217;elettronica.<br \/>\nSicurezza ambientale e sanitaria: il Bi\u2082O\u2083 \u00e8 relativamente meno tossico rispetto ad altri ossidi di metalli pesanti.<\/p>\n","protected":false},"excerpt":{"rendered":"<p>La polvere di ossido di bismuto (Bi\u2082O\u2083) \u00e8 una forma di particolato fine di ossido di bismuto con una vasta gamma di applicazioni industriali e di ricerca grazie alle sue versatili propriet\u00e0 fisiche, chimiche ed elettriche.<\/p>\n<p>Ceramica e vetro: migliora l&#8217;indice di rifrazione del vetro e della ceramica.<br \/>\nViene utilizzato nelle formulazioni del vetro per la sua opacit\u00e0, densit\u00e0 e propriet\u00e0 coloranti.<br \/>\nElettronica:Utilizzato nella realizzazione di varistori, condensatori ceramici e termistori grazie alla sua conduttivit\u00e0 elettrica a temperature elevate.<br \/>\nCelle a combustibile a ossidi solidi (SOFC): impiegate come materiale elettrolitico nelle SOFC a causa della sua elevata conduttivit\u00e0 ionica in specifici intervalli di temperatura.<br \/>\nFotocatalisi: efficace nella catalisi per applicazioni ambientali come la degradazione di inquinanti organici sotto la luce UV.<br \/>\nApplicazioni mediche: Utilizzato nella produzione di materiali radiopachi per la diagnostica medica, come la schermatura a raggi X e i cementi dentali.<br \/>\nPigmenti: l&#8217;ossido di bismuto pu\u00f2 essere utilizzato in vernici e rivestimenti come sostituto non tossico dei pigmenti a base di piombo.<\/p>\n","protected":false},"featured_media":1033596,"comment_status":"open","ping_status":"closed","template":"","meta":{"_acf_changed":false},"product_brand":[],"product_cat":[205],"product_tag":[],"class_list":{"0":"post-1026280","1":"product","2":"type-product","3":"status-publish","4":"has-post-thumbnail","6":"product_cat-materiali-ossidi-idrossidi","8":"first","9":"instock","10":"shipping-taxable","11":"purchasable","12":"product-type-variable"},"acf":[],"_links":{"self":[{"href":"https:\/\/vimaterial.de\/it\/wp-json\/wp\/v2\/product\/1026280","targetHints":{"allow":["GET"]}}],"collection":[{"href":"https:\/\/vimaterial.de\/it\/wp-json\/wp\/v2\/product"}],"about":[{"href":"https:\/\/vimaterial.de\/it\/wp-json\/wp\/v2\/types\/product"}],"replies":[{"embeddable":true,"href":"https:\/\/vimaterial.de\/it\/wp-json\/wp\/v2\/comments?post=1026280"}],"wp:featuredmedia":[{"embeddable":true,"href":"https:\/\/vimaterial.de\/it\/wp-json\/wp\/v2\/media\/1033596"}],"wp:attachment":[{"href":"https:\/\/vimaterial.de\/it\/wp-json\/wp\/v2\/media?parent=1026280"}],"wp:term":[{"taxonomy":"product_brand","embeddable":true,"href":"https:\/\/vimaterial.de\/it\/wp-json\/wp\/v2\/product_brand?post=1026280"},{"taxonomy":"product_cat","embeddable":true,"href":"https:\/\/vimaterial.de\/it\/wp-json\/wp\/v2\/product_cat?post=1026280"},{"taxonomy":"product_tag","embeddable":true,"href":"https:\/\/vimaterial.de\/it\/wp-json\/wp\/v2\/product_tag?post=1026280"}],"curies":[{"name":"wp","href":"https:\/\/api.w.org\/{rel}","templated":true}]}}