{"id":1026271,"date":"2024-06-17T15:56:45","date_gmt":"2024-06-17T07:56:45","guid":{"rendered":"https:\/\/vimaterial.de\/product\/solfuro-di-bismuto-2\/"},"modified":"2024-10-11T15:05:40","modified_gmt":"2024-10-11T07:05:40","slug":"solfuro-di-bismuto-2","status":"publish","type":"product","link":"https:\/\/vimaterial.de\/it\/product\/solfuro-di-bismuto-2\/","title":{"rendered":"Solfuro di bismuto"},"content":{"rendered":"<p>La polvere di solfuro di bismuto \u00e8 un importante materiale composto inorganico.<\/p>\n<p>&nbsp;<\/p>\n<p>Informazioni di base:<\/p>\n<p>&nbsp;<\/p>\n<p>Formula chimica: Bi\u2082S\u2083, composto da bismuto (Bi) e zolfo (S).<\/p>\n<p>Numero CAS: 1345-07-9.<\/p>\n<p>Peso molecolare: 514,16.<\/p>\n<p>&nbsp;<\/p>\n<p>Propriet\u00e0 fisiche:<\/p>\n<p>&nbsp;<\/p>\n<p>Aspetto: Di solito una polvere marrone scuro o giallo brunastro.<\/p>\n<p>Densit\u00e0: La densit\u00e0 relativa \u00e8 di circa 7,6-7,8 g\/cm\u00b3.<\/p>\n<p>Punto di fusione: circa 685\u00b0C (temperatura di decomposizione).<\/p>\n<p>Struttura cristallina: appartiene al sistema cristallino triangolare, con una speciale struttura stratificata e legami deboli tra le unit\u00e0 stratificate.<\/p>\n<p>&nbsp;<\/p>\n<p>Metodo di preparazione:<\/p>\n<p>&nbsp;<\/p>\n<p>Metodo di sintesi diretta: la polvere di bismuto e la polvere di zolfo vengono miscelate secondo una certa proporzione e la polvere di Bi\u2082S\u2083 viene fatta reagire direttamente in condizioni di alta temperatura.<\/p>\n<p>&nbsp;<\/p>\n<p>Metodo della soluzione: la soluzione di sale di bismuto viene miscelata con una soluzione composta contenente zolfo e il Bi\u2082S\u2083 viene precipitato attraverso una reazione chimica, quindi la polvere di Bi\u2082S\u2083 viene ottenuta attraverso la filtrazione, il lavaggio, l&#8217;asciugatura e altri passaggi.<\/p>\n<p>&nbsp;<\/p>\n<p>Campo di applicazione:<\/p>\n<p>&nbsp;<\/p>\n<p>Campo dei semiconduttori: come importante materiale semiconduttore, il solfuro di bismuto ha potenziali applicazioni nei dispositivi termoelettrici, elettronici e optoelettronici.<\/p>\n<p>&nbsp;<\/p>\n<p>Campo ottico: pu\u00f2 essere utilizzato per realizzare convertitori fotoelettrici e ha un&#8217;ampia gamma di prospettive applicative nella spettroscopia a infrarossi, materiali luminescenti, materiali ottici non lineari, ecc.<\/p>\n","protected":false},"excerpt":{"rendered":"<p>La polvere di solfuro di bismuto \u00e8 un importante materiale composto inorganico.<\/p>\n<p>Campo dei semiconduttori: Come importante materiale semiconduttore, il Bi\u2082S\u2083 ha potenziali applicazioni nei dispositivi termoelettrici, elettronici e optoelettronici.<\/p>\n<p>Campo ottico: pu\u00f2 essere utilizzato per realizzare convertitori fotoelettrici e ha un&#8217;ampia gamma di prospettive applicative nella spettroscopia a infrarossi, materiali luminescenti, materiali ottici non lineari, ecc.<\/p>\n","protected":false},"featured_media":1033611,"comment_status":"open","ping_status":"closed","template":"","meta":{"_acf_changed":false},"product_brand":[],"product_cat":[200],"product_tag":[],"class_list":{"0":"post-1026271","1":"product","2":"type-product","3":"status-publish","4":"has-post-thumbnail","6":"product_cat-materiali-calcogenidici","8":"first","9":"instock","10":"shipping-taxable","11":"product-type-variable"},"acf":[],"_links":{"self":[{"href":"https:\/\/vimaterial.de\/it\/wp-json\/wp\/v2\/product\/1026271","targetHints":{"allow":["GET"]}}],"collection":[{"href":"https:\/\/vimaterial.de\/it\/wp-json\/wp\/v2\/product"}],"about":[{"href":"https:\/\/vimaterial.de\/it\/wp-json\/wp\/v2\/types\/product"}],"replies":[{"embeddable":true,"href":"https:\/\/vimaterial.de\/it\/wp-json\/wp\/v2\/comments?post=1026271"}],"wp:featuredmedia":[{"embeddable":true,"href":"https:\/\/vimaterial.de\/it\/wp-json\/wp\/v2\/media\/1033611"}],"wp:attachment":[{"href":"https:\/\/vimaterial.de\/it\/wp-json\/wp\/v2\/media?parent=1026271"}],"wp:term":[{"taxonomy":"product_brand","embeddable":true,"href":"https:\/\/vimaterial.de\/it\/wp-json\/wp\/v2\/product_brand?post=1026271"},{"taxonomy":"product_cat","embeddable":true,"href":"https:\/\/vimaterial.de\/it\/wp-json\/wp\/v2\/product_cat?post=1026271"},{"taxonomy":"product_tag","embeddable":true,"href":"https:\/\/vimaterial.de\/it\/wp-json\/wp\/v2\/product_tag?post=1026271"}],"curies":[{"name":"wp","href":"https:\/\/api.w.org\/{rel}","templated":true}]}}