{"id":1026266,"date":"2024-06-17T15:56:45","date_gmt":"2024-06-17T07:56:45","guid":{"rendered":"https:\/\/vimaterial.de\/product\/solfuro-di-bismuto\/"},"modified":"2024-10-11T14:41:29","modified_gmt":"2024-10-11T06:41:29","slug":"solfuro-di-bismuto","status":"publish","type":"product","link":"https:\/\/vimaterial.de\/it\/product\/solfuro-di-bismuto\/","title":{"rendered":"Solfuro di bismuto"},"content":{"rendered":"<p>Le particelle di solfuro di bismuto sono un importante materiale composto inorganico.<\/p>\n<p>&nbsp;<\/p>\n<p>Informazioni di base:<\/p>\n<p>&nbsp;<\/p>\n<p>Formula chimica: Bi\u2082S\u2083, composto da due elementi: bismuto (Bi) e zolfo (S).<\/p>\n<p>Aspetto: Di solito particelle di polvere marrone scuro, ma a seconda del metodo di preparazione e della purezza e di altri fattori, il colore pu\u00f2 variare.<\/p>\n<p>Densit\u00e0: la densit\u00e0 relativa \u00e8 compresa tra 6,78 e 7,8 g\/cm\u00b3.<\/p>\n<p>Punto di fusione: circa 685\u00b0C (temperatura di decomposizione).<\/p>\n<p>Struttura cristallina: appartiene al sistema cristallino trigonale.<\/p>\n<p>&nbsp;<\/p>\n<p>Metodo di preparazione:<\/p>\n<p>&nbsp;<\/p>\n<p>Metodo di sintesi diretta: la polvere di bismuto e la polvere di zolfo vengono miscelate in una certa proporzione e le particelle di solfuro di bismuto vengono generate direttamente in condizioni di alta temperatura.<\/p>\n<p>&nbsp;<\/p>\n<p>Metodo della soluzione: la soluzione di sale di bismuto viene miscelata con una soluzione composta contenente zolfo e il Bi\u2082S\u2083 viene precipitato attraverso una reazione chimica, quindi le particelle di solfuro di bismuto vengono ottenute attraverso la filtrazione, il lavaggio, l&#8217;asciugatura e altri passaggi. Questo metodo pu\u00f2 essere eseguito a temperature relativamente basse e le dimensioni e la morfologia delle particelle possono essere regolate controllando le condizioni di reazione.<\/p>\n<p>&nbsp;<\/p>\n<p>Campo di applicazione:<\/p>\n<p>&nbsp;<\/p>\n<p>Campo dei semiconduttori: il solfuro di bismuto \u00e8 un materiale semiconduttore, che ha un certo potenziale applicativo nei dispositivi a semiconduttore e pu\u00f2 essere utilizzato per preparare fotorivelatori, celle solari, ecc.<\/p>\n<p>&nbsp;<\/p>\n<p>Materiali termoelettrici: negli ultimi anni, il solfuro di bismuto ha attirato l&#8217;attenzione come nuovo materiale termoelettrico. Ottimizzando il processo di preparazione e il drogaggio, le propriet\u00e0 termoelettriche possono essere migliorate e si prevede che venga applicato nei settori della generazione di energia termica di scarto e della refrigerazione a differenza di temperatura.<\/p>\n<p>&nbsp;<\/p>\n<p>Campo ottico: Grazie alle sue speciali propriet\u00e0 ottiche, pu\u00f2 essere utilizzato per preparare rivestimenti ottici, materiali ottici non lineari, ecc.<\/p>\n","protected":false},"excerpt":{"rendered":"<p>Le particelle di solfuro di bismuto sono un importante materiale composto inorganico.<\/p>\n<p>Campo dei semiconduttori: il solfuro di bismuto \u00e8 un materiale semiconduttore, che ha un certo potenziale applicativo nei dispositivi a semiconduttore e pu\u00f2 essere utilizzato per preparare fotorivelatori, celle solari, ecc.<\/p>\n<p>Materiali termoelettrici: negli ultimi anni, il solfuro di bismuto ha attirato l&#8217;attenzione come nuovo materiale termoelettrico. Ottimizzando il processo di preparazione e il drogaggio, le propriet\u00e0 termoelettriche possono essere migliorate e si prevede che venga applicato nei settori della generazione di energia termica di scarto e della refrigerazione a differenza di temperatura.<\/p>\n<p>&nbsp;<\/p>\n","protected":false},"featured_media":1033606,"comment_status":"open","ping_status":"closed","template":"","meta":{"_acf_changed":false},"product_brand":[],"product_cat":[198],"product_tag":[],"class_list":{"0":"post-1026266","1":"product","2":"type-product","3":"status-publish","4":"has-post-thumbnail","6":"product_cat-materiali-per-levaporazione","8":"first","9":"instock","10":"shipping-taxable","11":"product-type-variable"},"acf":[],"_links":{"self":[{"href":"https:\/\/vimaterial.de\/it\/wp-json\/wp\/v2\/product\/1026266","targetHints":{"allow":["GET"]}}],"collection":[{"href":"https:\/\/vimaterial.de\/it\/wp-json\/wp\/v2\/product"}],"about":[{"href":"https:\/\/vimaterial.de\/it\/wp-json\/wp\/v2\/types\/product"}],"replies":[{"embeddable":true,"href":"https:\/\/vimaterial.de\/it\/wp-json\/wp\/v2\/comments?post=1026266"}],"wp:featuredmedia":[{"embeddable":true,"href":"https:\/\/vimaterial.de\/it\/wp-json\/wp\/v2\/media\/1033606"}],"wp:attachment":[{"href":"https:\/\/vimaterial.de\/it\/wp-json\/wp\/v2\/media?parent=1026266"}],"wp:term":[{"taxonomy":"product_brand","embeddable":true,"href":"https:\/\/vimaterial.de\/it\/wp-json\/wp\/v2\/product_brand?post=1026266"},{"taxonomy":"product_cat","embeddable":true,"href":"https:\/\/vimaterial.de\/it\/wp-json\/wp\/v2\/product_cat?post=1026266"},{"taxonomy":"product_tag","embeddable":true,"href":"https:\/\/vimaterial.de\/it\/wp-json\/wp\/v2\/product_tag?post=1026266"}],"curies":[{"name":"wp","href":"https:\/\/api.w.org\/{rel}","templated":true}]}}