{"id":1026206,"date":"2024-06-17T15:56:46","date_gmt":"2024-06-17T07:56:46","guid":{"rendered":"https:\/\/vimaterial.de\/product\/bismuto-iii-telluride-3\/"},"modified":"2024-10-25T15:06:29","modified_gmt":"2024-10-25T07:06:29","slug":"bismuto-iii-telluride-3","status":"publish","type":"product","link":"https:\/\/vimaterial.de\/it\/product\/bismuto-iii-telluride-3\/","title":{"rendered":"Bismuto (III) Telluride"},"content":{"rendered":"<p>La polvere di Tellururo di bismuto \u00e8 un importante materiale semiconduttore con propriet\u00e0 fisico-chimiche uniche e un&#8217;ampia gamma di applicazioni.<\/p>\n<h3>Informazioni di base:<\/h3>\n<p>Composizione chimica: \u00c8 composto da due elementi, bismuto (Bi) e tellurio (Te), nel rapporto di 2:3.<\/p>\n<p>Struttura cristallina: appartiene al sistema cristallino triangolare, con struttura a strati, questa struttura fa s\u00ec che il materiale abbia propriet\u00e0 fisiche anisotrope in alcune direzioni.<\/p>\n<p>Peso molecolare: circa 800,76.<\/p>\n<p>Aspetto: solitamente una polvere grigia.<\/p>\n<p>Densit\u00e0: relativamente alta, circa 7,642 &#8211; 7,8587 g\/cm\u00b3.<\/p>\n<p>Punto di fusione: circa 575 &#8211; 585\u00b0C.<\/p>\n<h3>Propriet\u00e0 chimiche:<\/h3>\n<p>Stabilit\u00e0: \u00e8 pi\u00f9 stabile a temperatura e pressione ambiente, ma in alcuni ambienti chimici specifici, come acidi e basi forti, possono verificarsi reazioni chimiche. Solubilit\u00e0: solubile in etanolo, insolubile in acqua.<\/p>\n<h3>Campo di applicazione:<\/h3>\n<p>Campo termoelettrico:Tellururo di bismuto \u00e8 uno dei materiali termoelettrici a temperatura ambiente pi\u00f9 performanti disponibili e pu\u00f2 essere utilizzato per realizzare dispositivi di generazione di energia termoelettrica e apparecchiature elettroniche di refrigerazione. Ad esempio, pu\u00f2 essere applicato a piccoli refrigeratori, dissipatori di calore per dispositivi elettronici e dispositivi di controllo della temperatura in alcuni ambienti speciali.<\/p>\n<p>Campo del sensore di temperatura: Tellururo di bismuto Grazie alla sua sensibilit\u00e0 alle variazioni di temperatura, pu\u00f2 essere utilizzato per produrre sensori di temperatura ad alta precisione, che hanno importanti applicazioni nella produzione industriale, nelle apparecchiature mediche, nel monitoraggio ambientale e in altri campi.<\/p>\n<p>Campo fotorivelatore: pu\u00f2 essere utilizzato per produrre rivelatori termoelettrici a luce infrarossa a onde lunghe, che svolgono un ruolo nell&#8217;imaging a infrarossi, nel monitoraggio della sicurezza, nell&#8217;aerospaziale e in altri campi.<\/p>\n","protected":false},"excerpt":{"rendered":"<p>La polvere di Tellururo di bismuto \u00e8 un importante materiale semiconduttore con propriet\u00e0 fisico-chimiche uniche e un&#8217;ampia gamma di applicazioni.<\/p>\n<p>Campo termoelettrico: il telururo di bismuto \u00e8 uno dei materiali termoelettrici a temperatura ambiente pi\u00f9 performanti disponibili e pu\u00f2 essere utilizzato per realizzare dispositivi di generazione di energia termoelettrica e apparecchiature di refrigerazione elettronica. Ad esempio, pu\u00f2 essere applicato a piccoli refrigeratori, dissipatori di calore per dispositivi elettronici e dispositivi di controllo della temperatura in alcuni ambienti speciali.<\/p>\n<p>Campo del sensore di temperatura: Tellururo di bismuto Grazie alla sua sensibilit\u00e0 alle variazioni di temperatura, pu\u00f2 essere utilizzato per produrre sensori di temperatura ad alta precisione, che hanno importanti applicazioni nella produzione industriale, nelle apparecchiature mediche, nel monitoraggio ambientale e in altri campi.<\/p>\n","protected":false},"featured_media":1033636,"comment_status":"open","ping_status":"closed","template":"","meta":{"_acf_changed":false},"product_brand":[],"product_cat":[200],"product_tag":[],"class_list":{"0":"post-1026206","1":"product","2":"type-product","3":"status-publish","4":"has-post-thumbnail","6":"product_cat-materiali-calcogenidici","8":"first","9":"instock","10":"shipping-taxable","11":"purchasable","12":"product-type-variable"},"acf":[],"_links":{"self":[{"href":"https:\/\/vimaterial.de\/it\/wp-json\/wp\/v2\/product\/1026206","targetHints":{"allow":["GET"]}}],"collection":[{"href":"https:\/\/vimaterial.de\/it\/wp-json\/wp\/v2\/product"}],"about":[{"href":"https:\/\/vimaterial.de\/it\/wp-json\/wp\/v2\/types\/product"}],"replies":[{"embeddable":true,"href":"https:\/\/vimaterial.de\/it\/wp-json\/wp\/v2\/comments?post=1026206"}],"wp:featuredmedia":[{"embeddable":true,"href":"https:\/\/vimaterial.de\/it\/wp-json\/wp\/v2\/media\/1033636"}],"wp:attachment":[{"href":"https:\/\/vimaterial.de\/it\/wp-json\/wp\/v2\/media?parent=1026206"}],"wp:term":[{"taxonomy":"product_brand","embeddable":true,"href":"https:\/\/vimaterial.de\/it\/wp-json\/wp\/v2\/product_brand?post=1026206"},{"taxonomy":"product_cat","embeddable":true,"href":"https:\/\/vimaterial.de\/it\/wp-json\/wp\/v2\/product_cat?post=1026206"},{"taxonomy":"product_tag","embeddable":true,"href":"https:\/\/vimaterial.de\/it\/wp-json\/wp\/v2\/product_tag?post=1026206"}],"curies":[{"name":"wp","href":"https:\/\/api.w.org\/{rel}","templated":true}]}}