{"id":1026201,"date":"2024-06-17T15:56:46","date_gmt":"2024-06-17T07:56:46","guid":{"rendered":"https:\/\/vimaterial.de\/product\/bismuto-iii-telluride-2\/"},"modified":"2024-10-25T14:48:45","modified_gmt":"2024-10-25T06:48:45","slug":"bismuto-iii-telluride-2","status":"publish","type":"product","link":"https:\/\/vimaterial.de\/it\/product\/bismuto-iii-telluride-2\/","title":{"rendered":"Bismuto (III) Telluride"},"content":{"rendered":"<p>Le particelle di Bi\u2082Te\u2083 sono un importante materiale funzionale con propriet\u00e0 fisico-chimiche uniche e un&#8217;ampia gamma di applicazioni.<\/p>\n<h3>Informazioni di base:<\/h3>\n<p>Composizione chimica: \u00c8 composto da due elementi, bismuto (Bi) e tellurio (Te), nel rapporto di 2:3.<\/p>\n<p>Struttura cristallina: Appartiene al sistema cristallino tripartito e ha una struttura stratificata, che fa s\u00ec che le particelle di Bi\u2082Te\u2083 abbiano propriet\u00e0 fisiche anisotrope in alcune direzioni.<\/p>\n<p>Peso molecolare: circa 800,76.<\/p>\n<p>Aspetto: particelle polverose solitamente grigie.<\/p>\n<p>Densit\u00e0: Relativamente alta, circa 7.642 g\/cm\u00b3.<\/p>\n<p>Punto di fusione: Relativamente basso, circa 585\u00b0C.<\/p>\n<h3>Propriet\u00e0 chimiche:<\/h3>\n<p>Stabilit\u00e0: \u00e8 pi\u00f9 stabile a temperatura e pressione ambiente, ma in alcuni ambienti chimici specifici, come acidi e basi forti, possono verificarsi reazioni chimiche.<\/p>\n<p>Propriet\u00e0 redox: gli elementi di bismuto e tellurio in esso contenuti hanno una certa attivit\u00e0 redox e possono partecipare ad alcune reazioni redox.<\/p>\n<h3>Aree di applicazione:<\/h3>\n<p>Campo termoelettrico: le particelle Tellururo di bismuto sono attualmente uno dei materiali termoelettrici pi\u00f9 performanti vicino alla temperatura ambiente e possono essere utilizzate per realizzare generatori di energia termoelettrica e dispositivi elettronici di refrigerazione.<\/p>\n<p>Campo ottico: A causa dell&#8217;ampia gamma di risposta alla luce, dall&#8217;ultravioletto al lontano infrarosso, le particelle Bi\u2082Te\u2083 possono essere utilizzate per realizzare fotorivelatori, ampiamente utilizzati nei campi del rilevamento di fiamme, dell&#8217;analisi spettrale e dell&#8217;osservazione astronomica.<\/p>\n<p>Campo degli isolanti topologici: Il tellururo di bismuto \u00e8 un tipico rappresentante degli isolanti topologici, che \u00e8 isolante all&#8217;interno e metallicamente conduttivo sulla superficie, una propriet\u00e0 che lo rende potenzialmente utile nell&#8217;informatica quantistica e nei dispositivi elettronici ad alte prestazioni.<\/p>\n","protected":false},"excerpt":{"rendered":"<p>Le particelle di Tellururo di bismuto sono un importante materiale funzionale con propriet\u00e0 fisico-chimiche uniche e un&#8217;ampia gamma di applicazioni.<\/p>\n<p>Campo termoelettrico: le particelle di Tellururo di bismuto sono attualmente uno dei materiali termoelettrici pi\u00f9 performanti vicino alla temperatura ambiente e possono essere utilizzate per realizzare generatori di energia termoelettrica e dispositivi elettronici di refrigerazione.<\/p>\n<p>Campo ottico: A causa dell&#8217;ampia gamma di risposta alla luce, dall&#8217;ultravioletto al lontano infrarosso, le particelle Bi\u2082Te\u2083 possono essere utilizzate per realizzare fotorivelatori, ampiamente utilizzati nei campi del rilevamento di fiamme, dell&#8217;analisi spettrale e dell&#8217;osservazione astronomica.<\/p>\n","protected":false},"featured_media":1033631,"comment_status":"open","ping_status":"closed","template":"","meta":{"_acf_changed":false},"product_brand":[],"product_cat":[198],"product_tag":[],"class_list":{"0":"post-1026201","1":"product","2":"type-product","3":"status-publish","4":"has-post-thumbnail","6":"product_cat-materiali-per-levaporazione","8":"first","9":"instock","10":"shipping-taxable","11":"product-type-variable"},"acf":[],"_links":{"self":[{"href":"https:\/\/vimaterial.de\/it\/wp-json\/wp\/v2\/product\/1026201","targetHints":{"allow":["GET"]}}],"collection":[{"href":"https:\/\/vimaterial.de\/it\/wp-json\/wp\/v2\/product"}],"about":[{"href":"https:\/\/vimaterial.de\/it\/wp-json\/wp\/v2\/types\/product"}],"replies":[{"embeddable":true,"href":"https:\/\/vimaterial.de\/it\/wp-json\/wp\/v2\/comments?post=1026201"}],"wp:featuredmedia":[{"embeddable":true,"href":"https:\/\/vimaterial.de\/it\/wp-json\/wp\/v2\/media\/1033631"}],"wp:attachment":[{"href":"https:\/\/vimaterial.de\/it\/wp-json\/wp\/v2\/media?parent=1026201"}],"wp:term":[{"taxonomy":"product_brand","embeddable":true,"href":"https:\/\/vimaterial.de\/it\/wp-json\/wp\/v2\/product_brand?post=1026201"},{"taxonomy":"product_cat","embeddable":true,"href":"https:\/\/vimaterial.de\/it\/wp-json\/wp\/v2\/product_cat?post=1026201"},{"taxonomy":"product_tag","embeddable":true,"href":"https:\/\/vimaterial.de\/it\/wp-json\/wp\/v2\/product_tag?post=1026201"}],"curies":[{"name":"wp","href":"https:\/\/api.w.org\/{rel}","templated":true}]}}