{"id":1026141,"date":"2024-06-17T15:56:47","date_gmt":"2024-06-17T07:56:47","guid":{"rendered":"https:\/\/vimaterial.de\/product\/ossido-di-bismuto-e-germanio-bgo\/"},"modified":"2024-10-25T11:12:22","modified_gmt":"2024-10-25T03:12:22","slug":"ossido-di-bismuto-e-germanio-bgo","status":"publish","type":"product","link":"https:\/\/vimaterial.de\/it\/product\/ossido-di-bismuto-e-germanio-bgo\/","title":{"rendered":"Ossido di bismuto germanio (BGO)"},"content":{"rendered":"<p>Ossido di bismuto germanio\u00a0\u00e8 un importante materiale funzionale.<\/p>\n<h3>Informazioni di base:<\/h3>\n<p>Formula chimica: Bi\u2084Ge\u2083O\u2081\u2082.<\/p>\n<p>Peso molecolare: 1245,83 g\/mol.<\/p>\n<p>N. CAS: 12233-56-6.<\/p>\n<p>Aspetto: polvere solitamente bianca o biancastra. Allo stato cristallino, \u00e8 un cristallo trasparente incolore.<\/p>\n<p>Punto di fusione: 1050\u00b0C, con alto punto di fusione.<\/p>\n<p>Densit\u00e0: 7,13 g\/cm\u00b3.<\/p>\n<p>Struttura cristallina: appartiene al sistema cristallino cubico, questa struttura cristallina determina le sue propriet\u00e0 fisiche isotrope.<\/p>\n<h3>Propriet\u00e0 chimiche:<\/h3>\n<p>Stabilit\u00e0: \u00e8 pi\u00f9 stabile a temperatura e pressione ambiente, ma in alcuni ambienti chimici speciali, come condizioni di acidi forti e alcali, possono verificarsi reazioni chimiche. Propriet\u00e0 ossidanti: gli elementi di bismuto e germanio in esso contenuti hanno determinate propriet\u00e0 ossidanti e possono essere coinvolti come agenti ossidanti in alcune reazioni.<\/p>\n<h3>Aree di applicazione:<\/h3>\n<p>Rilevamento delle radiazioni: grazie alle sue eccellenti propriet\u00e0 di scintillazione, Ossido di bismuto germanio \u00e8 ampiamente utilizzata nei rilevatori di radiazioni nei campi della fisica delle particelle, della fisica aerospaziale, della medicina nucleare, dell&#8217;esplorazione geologica, ecc. E pu\u00f2 rilevare efficacemente particelle ad alta energia e raggi ad alta energia.<\/p>\n<p>Imaging medico: nei dispositivi di imaging medico come i rilevatori di tomografia a emissione di positroni (PET), i cristalli di Bi\u2084Ge\u2083O\u2081\u2082 o i materiali preparati in base alle loro polveri possono convertire le radiazioni in luce visibile o segnali elettrici, consentendo cos\u00ec l&#8217;imaging della struttura interna e della funzione del corpo umano.<\/p>\n<p>Ricerca in fisica delle alte energie: negli esperimenti di fisica delle alte energie, viene utilizzato per rilevare e studiare le propriet\u00e0 e le interazioni di varie particelle ad alta energia, fornendo importanti dati sperimentali per lo studio della fisica.<\/p>\n","protected":false},"excerpt":{"rendered":"<p>Ossido di bismuto germanio\u00a0\u00e8 un importante materiale funzionale.<\/p>\n<p>Rilevamento delle radiazioni: grazie alle sue eccellenti propriet\u00e0 di scintillazione, Ossido di bismuto germanio \u00e8 ampiamente utilizzata nei rilevatori di radiazioni nei campi della fisica delle particelle, della fisica aerospaziale, della medicina nucleare, dell&#8217;esplorazione geologica, ecc. E pu\u00f2 rilevare efficacemente particelle ad alta energia e raggi ad alta energia.<\/p>\n<p>Imaging medico: nei dispositivi di imaging medico come i rilevatori di tomografia a emissione di positroni (PET), i cristalli di Bi\u2084Ge\u2083O\u2081\u2082 o i materiali preparati in base alle loro polveri possono convertire le radiazioni in luce visibile o segnali elettrici, consentendo cos\u00ec l&#8217;imaging della struttura interna e della funzione del corpo umano.<\/p>\n","protected":false},"featured_media":1033646,"comment_status":"open","ping_status":"closed","template":"","meta":{"_acf_changed":false},"product_brand":[],"product_cat":[206],"product_tag":[],"class_list":{"0":"post-1026141","1":"product","2":"type-product","3":"status-publish","4":"has-post-thumbnail","6":"product_cat-altri-materiali","8":"first","9":"instock","10":"shipping-taxable","11":"product-type-variable"},"acf":[],"_links":{"self":[{"href":"https:\/\/vimaterial.de\/it\/wp-json\/wp\/v2\/product\/1026141","targetHints":{"allow":["GET"]}}],"collection":[{"href":"https:\/\/vimaterial.de\/it\/wp-json\/wp\/v2\/product"}],"about":[{"href":"https:\/\/vimaterial.de\/it\/wp-json\/wp\/v2\/types\/product"}],"replies":[{"embeddable":true,"href":"https:\/\/vimaterial.de\/it\/wp-json\/wp\/v2\/comments?post=1026141"}],"wp:featuredmedia":[{"embeddable":true,"href":"https:\/\/vimaterial.de\/it\/wp-json\/wp\/v2\/media\/1033646"}],"wp:attachment":[{"href":"https:\/\/vimaterial.de\/it\/wp-json\/wp\/v2\/media?parent=1026141"}],"wp:term":[{"taxonomy":"product_brand","embeddable":true,"href":"https:\/\/vimaterial.de\/it\/wp-json\/wp\/v2\/product_brand?post=1026141"},{"taxonomy":"product_cat","embeddable":true,"href":"https:\/\/vimaterial.de\/it\/wp-json\/wp\/v2\/product_cat?post=1026141"},{"taxonomy":"product_tag","embeddable":true,"href":"https:\/\/vimaterial.de\/it\/wp-json\/wp\/v2\/product_tag?post=1026141"}],"curies":[{"name":"wp","href":"https:\/\/api.w.org\/{rel}","templated":true}]}}