{"id":1026124,"date":"2024-06-17T15:56:48","date_gmt":"2024-06-17T07:56:48","guid":{"rendered":"https:\/\/vimaterial.de\/product\/ossido-di-bismuto-e-titanio-2\/"},"modified":"2024-10-25T09:37:36","modified_gmt":"2024-10-25T01:37:36","slug":"ossido-di-bismuto-e-titanio-2","status":"publish","type":"product","link":"https:\/\/vimaterial.de\/it\/product\/ossido-di-bismuto-e-titanio-2\/","title":{"rendered":"Ossido di titanio di bismuto"},"content":{"rendered":"<p>La polvere di ossido di titanio di bismuto \u00e8 un importante materiale funzionale.<\/p>\n<h3>Informazioni di base:<\/h3>\n<p>Formula chimica: Bi\u2084Ti\u2083O\u2081\u2082, che consiste di tre elementi: bismuto (Bi), titanio (Ti) e ossigeno (O).<\/p>\n<p>Peso molecolare: 1171,53.<\/p>\n<p>Struttura cristallina: appartiene alla struttura a strati ottaedrica aerobica contenente bismuto.<\/p>\n<p>Aspetto: polvere solitamente bianca o biancastra.<\/p>\n<p>Densit\u00e0: la densit\u00e0 relativa \u00e8 elevata, circa 9,03 g\/cm\u00b3.<\/p>\n<p>Punto di fusione: il materiale ha un alto punto di fusione e ha una buona stabilit\u00e0 alle alte temperature.<\/p>\n<p>Solubilit\u00e0: difficile da sciogliere in acqua.<\/p>\n<h3>Aree di applicazione:<\/h3>\n<p>Materiali ferroelettrici: l&#8217;ossido di titanio di bismuto \u00e8 un tipico materiale ferroelettrico con forti valori di polarizzazione spontanea e strutture di pareti a pi\u00f9 domini quando si trova nella fase ferroelettrica, che pu\u00f2 essere utilizzato per preparare memoria ferroelettrica, condensatori e altri dispositivi elettronici.<\/p>\n<p>Campo fotocatalitico: ha una buona attivit\u00e0 fotocatalitica sotto l&#8217;irradiazione della luce visibile e pu\u00f2 essere utilizzato per degradare gli inquinanti organici, la fotolisi dell&#8217;acqua per produrre idrogeno, ecc., Il che \u00e8 di grande importanza nella risoluzione dell&#8217;inquinamento ambientale e dei problemi energetici.<\/p>\n<p>Campo ottico: ha un effetto elettro-ottico e un effetto di fotorifrazione, cio\u00e8 l&#8217;indice di rifrazione cambier\u00e0 in modo reversibile sotto l&#8217;azione del campo elettrico o della luce, quindi ha un potenziale valore applicativo nel mezzo di registrazione reversibile, nell&#8217;olografia in tempo reale, nell&#8217;elaborazione delle immagini e in altre applicazioni ottiche.<\/p>\n","protected":false},"excerpt":{"rendered":"<p>La polvere di ossido di titanio di bismuto \u00e8 un importante materiale funzionale.<\/p>\n<p>Materiali ferroelettrici: l&#8217;ossido di titanio di bismuto \u00e8 un tipico materiale ferroelettrico con forti valori di polarizzazione spontanea e strutture di pareti a pi\u00f9 domini quando si trova nella fase ferroelettrica, che pu\u00f2 essere utilizzato per preparare memoria ferroelettrica, condensatori e altri dispositivi elettronici.<\/p>\n<p>Campo fotocatalitico: ha una buona attivit\u00e0 fotocatalitica sotto l&#8217;irradiazione della luce visibile e pu\u00f2 essere utilizzato per degradare gli inquinanti organici, la fotolisi dell&#8217;acqua per produrre idrogeno, ecc., Il che \u00e8 di grande importanza nella risoluzione dell&#8217;inquinamento ambientale e dei problemi energetici.<\/p>\n","protected":false},"featured_media":1033661,"comment_status":"open","ping_status":"closed","template":"","meta":{"_acf_changed":false},"product_brand":[],"product_cat":[197],"product_tag":[],"class_list":{"0":"post-1026124","1":"product","2":"type-product","3":"status-publish","4":"has-post-thumbnail","6":"product_cat-obiettivi-di-sputtering-planari","8":"first","9":"instock","10":"shipping-taxable","11":"product-type-variable"},"acf":[],"_links":{"self":[{"href":"https:\/\/vimaterial.de\/it\/wp-json\/wp\/v2\/product\/1026124","targetHints":{"allow":["GET"]}}],"collection":[{"href":"https:\/\/vimaterial.de\/it\/wp-json\/wp\/v2\/product"}],"about":[{"href":"https:\/\/vimaterial.de\/it\/wp-json\/wp\/v2\/types\/product"}],"replies":[{"embeddable":true,"href":"https:\/\/vimaterial.de\/it\/wp-json\/wp\/v2\/comments?post=1026124"}],"wp:featuredmedia":[{"embeddable":true,"href":"https:\/\/vimaterial.de\/it\/wp-json\/wp\/v2\/media\/1033661"}],"wp:attachment":[{"href":"https:\/\/vimaterial.de\/it\/wp-json\/wp\/v2\/media?parent=1026124"}],"wp:term":[{"taxonomy":"product_brand","embeddable":true,"href":"https:\/\/vimaterial.de\/it\/wp-json\/wp\/v2\/product_brand?post=1026124"},{"taxonomy":"product_cat","embeddable":true,"href":"https:\/\/vimaterial.de\/it\/wp-json\/wp\/v2\/product_cat?post=1026124"},{"taxonomy":"product_tag","embeddable":true,"href":"https:\/\/vimaterial.de\/it\/wp-json\/wp\/v2\/product_tag?post=1026124"}],"curies":[{"name":"wp","href":"https:\/\/api.w.org\/{rel}","templated":true}]}}