{"id":1026101,"date":"2024-06-17T15:56:48","date_gmt":"2024-06-17T07:56:48","guid":{"rendered":"https:\/\/vimaterial.de\/product\/bismuto-bromuro\/"},"modified":"2024-10-25T10:01:56","modified_gmt":"2024-10-25T02:01:56","slug":"bismuto-bromuro","status":"publish","type":"product","link":"https:\/\/vimaterial.de\/it\/product\/bismuto-bromuro\/","title":{"rendered":"Bromuro di bismuto"},"content":{"rendered":"<p>La polvere di bromuro di bismuto \u00e8 un importante composto inorganico.<\/p>\n<h3>Informazioni di base:<\/h3>\n<p>Formula chimica: BiBr\u2083, composto da due elementi: bismuto (Bi) e bromo (Br).<\/p>\n<p>Peso molecolare: 448,692 g\/mol.<\/p>\n<p>N. CAS: 7787-58-8. Numero EINECS: 232-121-1.<\/p>\n<p>Aspetto: polvere cristallina solitamente da bianca a giallo chiaro.<\/p>\n<p>Densit\u00e0: 5,7 g\/cm\u00b3 (25\u00b0C).<\/p>\n<p>Punto di fusione: circa 218\u00b0C.<\/p>\n<p>Punto di ebollizione: circa 453\u00b0C.<\/p>\n<p>Solubilit\u00e0: solubile in acqua, ma sar\u00e0 idrolizzato lentamente; solubile anche in etere, tetraidrofurano e altri solventi organici.<\/p>\n<h3>Propriet\u00e0 chimiche:<\/h3>\n<p>Idrolisi: la reazione di idrolisi avverr\u00e0 quando incontra l&#8217;acqua, generando prodotti come l&#8217;acido bromidrico e l&#8217;idrossido di bismuto.<\/p>\n<p>Propriet\u00e0 ossidanti e riducenti: l&#8217;elemento bismuto ha determinate propriet\u00e0 ossidanti e riducenti nei composti e pu\u00f2 mostrare propriet\u00e0 chimiche corrispondenti in specifiche reazioni chimiche, ma sono relativamente lievi.<\/p>\n<h3>Campi di applicazione:<\/h3>\n<p>Reagente nella sintesi chimica: il bromuro di bismuto pu\u00f2 essere utilizzato come importante reagente chimico per partecipare a una variet\u00e0 di reazioni di sintesi organica e di sintesi inorganica, ad esempio come materia prima o catalizzatore nella sintesi di alcuni composti metallo-organici.<\/p>\n<p>Materiale fotocatalizzatore: ha un certo potenziale applicativo nel campo della fotocatalisi e pu\u00f2 essere utilizzato nella degradazione fotocatalitica di inquinanti organici, nella fotolisi dell&#8217;acqua in idrogeno e in altre reazioni.<\/p>\n<p>Materiali elettronici: per le sue particolari propriet\u00e0 fisiche e chimiche, possono essere utilizzati nel campo dei materiali elettronici per la preparazione di alcuni dispositivi elettronici speciali o come additivi per materiali elettronici.<\/p>\n","protected":false},"excerpt":{"rendered":"<p>La polvere di bromuro di bismuto \u00e8 un importante composto inorganico.<\/p>\n<p>Reagente nella sintesi chimica: il bromuro di bismuto pu\u00f2 essere utilizzato come importante reagente chimico per partecipare a una variet\u00e0 di reazioni di sintesi organica e di sintesi inorganica, ad esempio come materia prima o catalizzatore nella sintesi di alcuni composti metallo-organici.<\/p>\n<p>Materiale fotocatalizzatore: ha un certo potenziale applicativo nel campo della fotocatalisi e pu\u00f2 essere utilizzato nella degradazione fotocatalitica di inquinanti organici, nella fotolisi dell&#8217;acqua in idrogeno e in altre reazioni.<\/p>\n","protected":false},"featured_media":1033666,"comment_status":"open","ping_status":"closed","template":"","meta":{"_acf_changed":false},"product_brand":[],"product_cat":[201],"product_tag":[],"class_list":{"0":"post-1026101","1":"product","2":"type-product","3":"status-publish","4":"has-post-thumbnail","6":"product_cat-materiali-a-base-di-alogenuri","8":"first","9":"instock","10":"shipping-taxable","11":"product-type-variable"},"acf":[],"_links":{"self":[{"href":"https:\/\/vimaterial.de\/it\/wp-json\/wp\/v2\/product\/1026101","targetHints":{"allow":["GET"]}}],"collection":[{"href":"https:\/\/vimaterial.de\/it\/wp-json\/wp\/v2\/product"}],"about":[{"href":"https:\/\/vimaterial.de\/it\/wp-json\/wp\/v2\/types\/product"}],"replies":[{"embeddable":true,"href":"https:\/\/vimaterial.de\/it\/wp-json\/wp\/v2\/comments?post=1026101"}],"wp:featuredmedia":[{"embeddable":true,"href":"https:\/\/vimaterial.de\/it\/wp-json\/wp\/v2\/media\/1033666"}],"wp:attachment":[{"href":"https:\/\/vimaterial.de\/it\/wp-json\/wp\/v2\/media?parent=1026101"}],"wp:term":[{"taxonomy":"product_brand","embeddable":true,"href":"https:\/\/vimaterial.de\/it\/wp-json\/wp\/v2\/product_brand?post=1026101"},{"taxonomy":"product_cat","embeddable":true,"href":"https:\/\/vimaterial.de\/it\/wp-json\/wp\/v2\/product_cat?post=1026101"},{"taxonomy":"product_tag","embeddable":true,"href":"https:\/\/vimaterial.de\/it\/wp-json\/wp\/v2\/product_tag?post=1026101"}],"curies":[{"name":"wp","href":"https:\/\/api.w.org\/{rel}","templated":true}]}}