{"id":1026089,"date":"2024-06-17T15:56:48","date_gmt":"2024-06-17T07:56:48","guid":{"rendered":"https:\/\/vimaterial.de\/product\/fluoruro-di-bismuto\/"},"modified":"2024-10-25T10:29:31","modified_gmt":"2024-10-25T02:29:31","slug":"fluoruro-di-bismuto","status":"publish","type":"product","link":"https:\/\/vimaterial.de\/it\/product\/fluoruro-di-bismuto\/","title":{"rendered":"Fluoruro di bismuto"},"content":{"rendered":"<h3>Informazioni di base:<\/h3>\n<p>Formula chimica: BiF\u2083.<\/p>\n<p>Peso molecolare: 256,98 g\/mol.<\/p>\n<p>N. CAS: 7787-61-3.<\/p>\n<p>Aspetto: cristallo bianco o polvere cristallina.<\/p>\n<p>Densit\u00e0: Relativamente alta, circa 8,3 g\/cm\u00b3 (25\u00b0C).<\/p>\n<p>Punto di fusione: da 725\u00b0C a 730\u00b0C.<\/p>\n<p>Indice di rifrazione: 1,74.<\/p>\n<h3>Propriet\u00e0 chimiche:<\/h3>\n<p>Solubilit\u00e0: pu\u00f2 dissolversi in acido fluoridrico per formare complessi, solubili in acidi inorganici, ma quasi insolubili in acqua. Pu\u00f2 essere ottenuto sciogliendo l&#8217;ossido di bismuto o l&#8217;idrossido di bismuto in acido fluoridrico acquoso.<\/p>\n<p>Forma di esistenza: esistono due tipi di \u03b1 e \u03b2. Il tipo \u03b1 prodotto con un metodo specifico pu\u00f2 essere trasformato in \u03b2 tipo se riscaldato a 220\u00b0C.<\/p>\n<h3>Campo di applicazione:<\/h3>\n<p>Campo ottico: pu\u00f2 essere utilizzato come componente importante dei materiali di rivestimento ottico, utilizzato nella produzione di dispositivi ottici come lenti, specchi, ecc. E pu\u00f2 migliorare le prestazioni dei dispositivi ottici.<\/p>\n<p>Settore metallurgico: Fluoruro di Bismuto utilizzato come fondente nei processi metallurgici, in particolare nella produzione di metalli non ferrosi.<\/p>\n<p>Produzione del vetro: il fluoruro di bismuto aggiunto al vetro pu\u00f2 aumentare l&#8217;indice di rifrazione del vetro e migliorarne le propriet\u00e0 meccaniche. Sintesi chimica: utilizzato come precursore per la sintesi di vari composti di bismuto, come fluoruro di bismuto, vanadato di bismuto, titanato di bismuto, ecc.<\/p>\n","protected":false},"excerpt":{"rendered":"<p>Campo ottico: pu\u00f2 essere utilizzato come componente importante dei materiali di rivestimento ottico, utilizzato nella produzione di dispositivi ottici come lenti, specchi, ecc. E pu\u00f2 migliorare le prestazioni dei dispositivi ottici.<\/p>\n<p>Settore metallurgico: Fluoruro di Bismuto utilizzato come fondente nei processi metallurgici, in particolare nella produzione di metalli non ferrosi.<\/p>\n","protected":false},"featured_media":1033676,"comment_status":"open","ping_status":"closed","template":"","meta":{"_acf_changed":false},"product_brand":[],"product_cat":[201],"product_tag":[],"class_list":{"0":"post-1026089","1":"product","2":"type-product","3":"status-publish","4":"has-post-thumbnail","6":"product_cat-materiali-a-base-di-alogenuri","8":"first","9":"instock","10":"shipping-taxable","11":"purchasable","12":"product-type-variable"},"acf":[],"_links":{"self":[{"href":"https:\/\/vimaterial.de\/it\/wp-json\/wp\/v2\/product\/1026089","targetHints":{"allow":["GET"]}}],"collection":[{"href":"https:\/\/vimaterial.de\/it\/wp-json\/wp\/v2\/product"}],"about":[{"href":"https:\/\/vimaterial.de\/it\/wp-json\/wp\/v2\/types\/product"}],"replies":[{"embeddable":true,"href":"https:\/\/vimaterial.de\/it\/wp-json\/wp\/v2\/comments?post=1026089"}],"wp:featuredmedia":[{"embeddable":true,"href":"https:\/\/vimaterial.de\/it\/wp-json\/wp\/v2\/media\/1033676"}],"wp:attachment":[{"href":"https:\/\/vimaterial.de\/it\/wp-json\/wp\/v2\/media?parent=1026089"}],"wp:term":[{"taxonomy":"product_brand","embeddable":true,"href":"https:\/\/vimaterial.de\/it\/wp-json\/wp\/v2\/product_brand?post=1026089"},{"taxonomy":"product_cat","embeddable":true,"href":"https:\/\/vimaterial.de\/it\/wp-json\/wp\/v2\/product_cat?post=1026089"},{"taxonomy":"product_tag","embeddable":true,"href":"https:\/\/vimaterial.de\/it\/wp-json\/wp\/v2\/product_tag?post=1026089"}],"curies":[{"name":"wp","href":"https:\/\/api.w.org\/{rel}","templated":true}]}}