{"id":1026059,"date":"2024-06-17T15:56:48","date_gmt":"2024-06-17T07:56:48","guid":{"rendered":"https:\/\/vimaterial.de\/product\/ferrite-di-bismuto\/"},"modified":"2024-10-25T10:42:03","modified_gmt":"2024-10-25T02:42:03","slug":"ferrite-di-bismuto","status":"publish","type":"product","link":"https:\/\/vimaterial.de\/it\/product\/ferrite-di-bismuto\/","title":{"rendered":"Ferrite di bismuto"},"content":{"rendered":"<p>Il bersaglio in ferrite di bismuto \u00e8 un materiale con importanti applicazioni.<\/p>\n<h3>Informazioni di base:<\/h3>\n<p>Formula chimica: BiFeO\u2083. Struttura cristallina: la sua struttura cristallina \u00e8 pi\u00f9 complessa, con una struttura di tipo calcite, questa struttura pone le basi per le sue propriet\u00e0 fisiche uniche. Aspetto: Solitamente fiocchi solidi, rotondi o quadrati.<\/p>\n<p>Densit\u00e0: Relativamente alta, il che gli conferisce una buona stabilit\u00e0 durante lo sputtering.<\/p>\n<p>Punto di fusione: Punto di fusione relativamente alto, circa 800\u00b0C e oltre. Propriet\u00e0 magnetiche: \u00e8 antiferromagnetico e pu\u00f2 anche mostrare un debole ferromagnetismo in determinate condizioni.<\/p>\n<h3>Aree di applicazione:<\/h3>\n<p>Preparazione di film sottili: la ferrite di bismuto \u00e8 un&#8217;importante materia prima per la preparazione di film sottili di BiFeO\u2083, che possono essere utilizzati nei campi delle memorie ferroelettriche, dei sensori, dei dispositivi optoelettronici, ecc., attraverso lo sputtering magnetron, la deposizione laser pulsata e altre tecniche di rivestimento su vari substrati.<\/p>\n<p>Ricerca sui materiali multiferroici: in quanto materiale multiferroico tipico, \u00e8 di grande importanza per lo studio delle propriet\u00e0 fisiche e dell&#8217;effetto di accoppiamento magnetoelettrico dei materiali multiferroici, che fornisce basi teoriche e sperimentali per lo sviluppo di nuovi materiali multifunzionali.<\/p>\n<p>Spintronica: le sue propriet\u00e0 magnetiche ed elettriche uniche lo rendono potenzialmente applicabile nel campo della spintronica, ad esempio, pu\u00f2 essere utilizzato per preparare dispositivi come valvole di spin e giunzioni magnetiche a tunnel.<\/p>\n","protected":false},"excerpt":{"rendered":"<p>Il bersaglio in ferrite di bismuto \u00e8 un materiale con importanti applicazioni.<\/p>\n<p>Preparazione di film sottili: la ferrite di bismuto \u00e8 un&#8217;importante materia prima per la preparazione di film sottili di BiFeO\u2083, che possono essere utilizzati nei campi delle memorie ferroelettriche, dei sensori, dei dispositivi optoelettronici, ecc., attraverso lo sputtering magnetron, la deposizione laser pulsata e altre tecniche di rivestimento su vari substrati.<\/p>\n<p>Ricerca sui materiali multiferroici: in quanto materiale multiferroico tipico, \u00e8 di grande importanza per lo studio delle propriet\u00e0 fisiche e dell&#8217;effetto di accoppiamento magnetoelettrico dei materiali multiferroici, che fornisce basi teoriche e sperimentali per lo sviluppo di nuovi materiali multifunzionali.<\/p>\n","protected":false},"featured_media":1033681,"comment_status":"open","ping_status":"closed","template":"","meta":{"_acf_changed":false},"product_brand":[],"product_cat":[197],"product_tag":[],"class_list":{"0":"post-1026059","1":"product","2":"type-product","3":"status-publish","4":"has-post-thumbnail","6":"product_cat-obiettivi-di-sputtering-planari","8":"first","9":"instock","10":"shipping-taxable","11":"product-type-variable"},"acf":[],"_links":{"self":[{"href":"https:\/\/vimaterial.de\/it\/wp-json\/wp\/v2\/product\/1026059","targetHints":{"allow":["GET"]}}],"collection":[{"href":"https:\/\/vimaterial.de\/it\/wp-json\/wp\/v2\/product"}],"about":[{"href":"https:\/\/vimaterial.de\/it\/wp-json\/wp\/v2\/types\/product"}],"replies":[{"embeddable":true,"href":"https:\/\/vimaterial.de\/it\/wp-json\/wp\/v2\/comments?post=1026059"}],"wp:featuredmedia":[{"embeddable":true,"href":"https:\/\/vimaterial.de\/it\/wp-json\/wp\/v2\/media\/1033681"}],"wp:attachment":[{"href":"https:\/\/vimaterial.de\/it\/wp-json\/wp\/v2\/media?parent=1026059"}],"wp:term":[{"taxonomy":"product_brand","embeddable":true,"href":"https:\/\/vimaterial.de\/it\/wp-json\/wp\/v2\/product_brand?post=1026059"},{"taxonomy":"product_cat","embeddable":true,"href":"https:\/\/vimaterial.de\/it\/wp-json\/wp\/v2\/product_cat?post=1026059"},{"taxonomy":"product_tag","embeddable":true,"href":"https:\/\/vimaterial.de\/it\/wp-json\/wp\/v2\/product_tag?post=1026059"}],"curies":[{"name":"wp","href":"https:\/\/api.w.org\/{rel}","templated":true}]}}