{"id":1025938,"date":"2024-06-17T15:47:29","date_gmt":"2024-06-17T07:47:29","guid":{"rendered":"https:\/\/vimaterial.de\/product\/pentossido-di-tantalio-4\/"},"modified":"2024-10-29T10:20:08","modified_gmt":"2024-10-29T02:20:08","slug":"pentossido-di-tantalio-4","status":"publish","type":"product","link":"https:\/\/vimaterial.de\/it\/product\/pentossido-di-tantalio-4\/","title":{"rendered":"Anidride tantalio"},"content":{"rendered":"<h3>Informazioni di base:<\/h3>\n<p>Aspetto e morfologia: solitamente sotto forma di granuli bianchi.<\/p>\n<p>Densit\u00e0: 8,2 g\/cm3.<\/p>\n<p>Punto di fusione: Punto di fusione fino a 1872\u00b0C.<\/p>\n<p>Stabilit\u00e0 chimica: a temperatura ambiente, le particelle di Ta\u2082O\u2085 hanno un&#8217;elevata stabilit\u00e0 chimica e non reagiscono facilmente con la maggior parte delle sostanze chimiche.<\/p>\n<p>Alto indice di rifrazione: le particelle di Ta\u2082O\u2085 hanno un alto indice di rifrazione, che le rende utili per un&#8217;ampia gamma di applicazioni in campo ottico.<\/p>\n<p>Elevata costante dielettrica: Ta\u2082O\u2085 \u00e8 un semiconduttore a banda larga con un&#8217;elevata costante dielettrica.<\/p>\n<h3>Campo di applicazione:<\/h3>\n<p>Campo ottico: grazie alle sue buone propriet\u00e0 ottiche, il Anidride tantalio \u00e8 ampiamente utilizzato in lenti ottiche, pellicole ottiche, comunicazioni in fibra ottica e altri campi.<\/p>\n<p>Campo dell&#8217;elettronica: come materiale dielettrico per condensatori, strato isolante di gate per transistor ad effetto di campo, strato isolante per circuiti integrati, ecc.<\/p>\n<p>Campo del catalizzatore: Pu\u00f2 essere utilizzato come catalizzatore o vettore del catalizzatore per catalizzare alcune reazioni chimiche, come la reazione di ossidazione e la reazione di idrogenazione.<\/p>\n<p>Campo biomedico: in campo biomedico, le particelle di Anidride tantalio possono essere utilizzate per la preparazione di biosensori, vettori di farmaci e cos\u00ec via.<\/p>\n","protected":false},"excerpt":{"rendered":"<p>I granuli di Anidride tantalio sono una sostanza granulare bianca. Le particelle di Anidride tantalio sono un semiconduttore a banda larga con un&#8217;elevata costante dielettrica. Nel campo dell&#8217;ottica, grazie al suo alto indice di rifrazione (circa 2,1) e al basso assorbimento nella regione spettrale dal vicino ultravioletto all&#8217;infrarosso, pu\u00f2 essere utilizzato per la preparazione di pellicole ottiche, vetri ottici speciali, ecc. In elettronica, pu\u00f2 essere utilizzato come conduttore elettrico. Nel campo dell&#8217;elettronica, pu\u00f2 essere utilizzato come materiale dielettrico per condensatori e come strato isolante di gate per transistor ad effetto di campo.<\/p>\n","protected":false},"featured_media":1033051,"comment_status":"open","ping_status":"closed","template":"","meta":{"_acf_changed":false},"product_brand":[],"product_cat":[198],"product_tag":[],"class_list":{"0":"post-1025938","1":"product","2":"type-product","3":"status-publish","4":"has-post-thumbnail","6":"product_cat-materiali-per-levaporazione","8":"first","9":"instock","10":"shipping-taxable","11":"purchasable","12":"product-type-variable"},"acf":[],"_links":{"self":[{"href":"https:\/\/vimaterial.de\/it\/wp-json\/wp\/v2\/product\/1025938","targetHints":{"allow":["GET"]}}],"collection":[{"href":"https:\/\/vimaterial.de\/it\/wp-json\/wp\/v2\/product"}],"about":[{"href":"https:\/\/vimaterial.de\/it\/wp-json\/wp\/v2\/types\/product"}],"replies":[{"embeddable":true,"href":"https:\/\/vimaterial.de\/it\/wp-json\/wp\/v2\/comments?post=1025938"}],"wp:featuredmedia":[{"embeddable":true,"href":"https:\/\/vimaterial.de\/it\/wp-json\/wp\/v2\/media\/1033051"}],"wp:attachment":[{"href":"https:\/\/vimaterial.de\/it\/wp-json\/wp\/v2\/media?parent=1025938"}],"wp:term":[{"taxonomy":"product_brand","embeddable":true,"href":"https:\/\/vimaterial.de\/it\/wp-json\/wp\/v2\/product_brand?post=1025938"},{"taxonomy":"product_cat","embeddable":true,"href":"https:\/\/vimaterial.de\/it\/wp-json\/wp\/v2\/product_cat?post=1025938"},{"taxonomy":"product_tag","embeddable":true,"href":"https:\/\/vimaterial.de\/it\/wp-json\/wp\/v2\/product_tag?post=1025938"}],"curies":[{"name":"wp","href":"https:\/\/api.w.org\/{rel}","templated":true}]}}