{"id":1025873,"date":"2024-06-17T15:47:30","date_gmt":"2024-06-17T07:47:30","guid":{"rendered":"https:\/\/vimaterial.de\/product\/pentossido-di-tantalio-3\/"},"modified":"2024-10-29T09:38:51","modified_gmt":"2024-10-29T01:38:51","slug":"pentossido-di-tantalio-3","status":"publish","type":"product","link":"https:\/\/vimaterial.de\/it\/product\/pentossido-di-tantalio-3\/","title":{"rendered":"Anidride tantalio"},"content":{"rendered":"<h3>Informazioni di base<\/h3>\n<p>Aspetto e morfologia: granuli generalmente bianchi, nessun odore particolare.<\/p>\n<p>Densit\u00e0: 8,2 g\/cm3.<\/p>\n<p>Punto di fusione: Con un punto di fusione di 1872\u00b0C, \u00e8 una sostanza estremamente difficile da sciogliere.<\/p>\n<p>Durezza: durezza da circa 6 a 6,5, con una certa resistenza meccanica.<\/p>\n<p>Propriet\u00e0 ottiche: \u00c8 un materiale altamente rifrangente con un indice di rifrazione di circa 2,1.<\/p>\n<h3>Campi di applicazione:<\/h3>\n<p>Campo ottico: Grazie alle sue buone propriet\u00e0 ottiche, il Anidride tantalio \u00e8 ampiamente utilizzato in lenti ottiche, pellicole ottiche, comunicazioni in fibra ottica e altri campi.<\/p>\n<p>Elettronica: come materiale dielettrico per condensatori, strato isolante di gate per transistor ad effetto di campo, strato isolante per circuiti integrati, ecc.<\/p>\n<p>Campo del catalizzatore: Pu\u00f2 essere utilizzato come catalizzatore o vettore del catalizzatore per catalizzare alcune reazioni chimiche,Anidride tantalio come la reazione di ossidazione e la reazione di idrogenazione.<\/p>\n<p>Campo biomedico: in campo biomedico, le particelle di Anidride tantalio possono essere utilizzate per la preparazione di biosensori, vettori di farmaci e cos\u00ec via.<\/p>\n","protected":false},"excerpt":{"rendered":"<p>I granuli di Anidride tantalio sono una sostanza granulare bianca. Le particelle di pentossido di tantalio sono un semiconduttore a banda larga con un&#8217;elevata costante dielettrica. Nel campo dell&#8217;ottica, grazie al suo alto indice di rifrazione (circa 2,1) e al basso assorbimento nella regione spettrale dal vicino ultravioletto all&#8217;infrarosso, pu\u00f2 essere utilizzato per la preparazione di pellicole ottiche, vetri ottici speciali, ecc. In elettronica, pu\u00f2 essere utilizzato come conduttore elettrico. Nel campo dell&#8217;elettronica, pu\u00f2 essere utilizzato come materiale dielettrico per condensatori e come strato isolante di gate per transistor ad effetto di campo.<\/p>\n","protected":false},"featured_media":1033056,"comment_status":"open","ping_status":"closed","template":"","meta":{"_acf_changed":false},"product_brand":[],"product_cat":[198],"product_tag":[],"class_list":{"0":"post-1025873","1":"product","2":"type-product","3":"status-publish","4":"has-post-thumbnail","6":"product_cat-materiali-per-levaporazione","8":"first","9":"instock","10":"shipping-taxable","11":"purchasable","12":"product-type-variable"},"acf":[],"_links":{"self":[{"href":"https:\/\/vimaterial.de\/it\/wp-json\/wp\/v2\/product\/1025873","targetHints":{"allow":["GET"]}}],"collection":[{"href":"https:\/\/vimaterial.de\/it\/wp-json\/wp\/v2\/product"}],"about":[{"href":"https:\/\/vimaterial.de\/it\/wp-json\/wp\/v2\/types\/product"}],"replies":[{"embeddable":true,"href":"https:\/\/vimaterial.de\/it\/wp-json\/wp\/v2\/comments?post=1025873"}],"wp:featuredmedia":[{"embeddable":true,"href":"https:\/\/vimaterial.de\/it\/wp-json\/wp\/v2\/media\/1033056"}],"wp:attachment":[{"href":"https:\/\/vimaterial.de\/it\/wp-json\/wp\/v2\/media?parent=1025873"}],"wp:term":[{"taxonomy":"product_brand","embeddable":true,"href":"https:\/\/vimaterial.de\/it\/wp-json\/wp\/v2\/product_brand?post=1025873"},{"taxonomy":"product_cat","embeddable":true,"href":"https:\/\/vimaterial.de\/it\/wp-json\/wp\/v2\/product_cat?post=1025873"},{"taxonomy":"product_tag","embeddable":true,"href":"https:\/\/vimaterial.de\/it\/wp-json\/wp\/v2\/product_tag?post=1025873"}],"curies":[{"name":"wp","href":"https:\/\/api.w.org\/{rel}","templated":true}]}}