{"id":1025831,"date":"2024-06-17T15:47:30","date_gmt":"2024-06-17T07:47:30","guid":{"rendered":"https:\/\/vimaterial.de\/product\/pentossido-di-tantalio-2\/"},"modified":"2024-10-29T10:07:18","modified_gmt":"2024-10-29T02:07:18","slug":"pentossido-di-tantalio-2","status":"publish","type":"product","link":"https:\/\/vimaterial.de\/it\/product\/pentossido-di-tantalio-2\/","title":{"rendered":"Anidride tantalio"},"content":{"rendered":"<p>Il bersaglio del Anidride tantalio \u00e8 un importante materiale di rivestimento con un&#8217;ampia gamma di applicazioni.<\/p>\n<h3>Informazioni di base:<\/h3>\n<p>Formula chimica: Ta2O5, che indica che il bersaglio \u00e8 composto da due elementi, tantalio (Ta) e ossigeno (O), e la valenza del tantalio \u00e8 + 5.<\/p>\n<p>Aspetto: Di solito un solido bianco che appare cristallino.<\/p>\n<p>Peso molecolare: 441,89.<\/p>\n<p>Punto di fusione: fino a 1872\u00b0C, con elevata stabilit\u00e0 termica.<\/p>\n<p>Densit\u00e0: circa 8,2 g\/cm\u00b3, alta densit\u00e0 relativa.<\/p>\n<p>Propriet\u00e0 ottiche: Ha importanti applicazioni nelle bande di lunghezza d&#8217;onda dal visibile al vicino infrarosso ed \u00e8 un materiale ad alto indice di rifrazione con un indice di rifrazione di circa 2,1.<\/p>\n<p>Propriet\u00e0 elettriche: elevata costante dielettrica (25~35).<\/p>\n<h3>Campo di applicazione:<\/h3>\n<p>Campo dei semiconduttori: nella produzione di semiconduttori, il Anidride tantalio pu\u00f2 essere utilizzato per preparare uno strato dielettrico di gate ad alta costante dielettrica per sostituire il tradizionale strato dielettrico di gate di biossido di silicio e migliorare le prestazioni dei dispositivi a semiconduttore.<\/p>\n<p>Campo ottico: utilizzato nella produzione di lenti ottiche, pellicole ottiche, come pellicole antiriflesso, pellicole di miglioramento della trasmittanza, ecc., possono migliorare le prestazioni e la qualit\u00e0 dei componenti ottici.<\/p>\n<p>Campo dei dispositivi elettronici: pu\u00f2 realizzare condensatori, sensori e altri dispositivi elettronici, utilizzando la sua elevata costante dielettrica e la buona stabilit\u00e0 chimica per migliorare l&#8217;affidabilit\u00e0 e le prestazioni dei dispositivi elettronici.<\/p>\n<p>Nuovo campo energetico: il Anidride tantalio ha anche un certo potenziale applicativo in nuovi campi energetici come le celle a combustibile a ossidi solidi.<\/p>\n","protected":false},"excerpt":{"rendered":"<p>I bersagli del Anidride tantalio sono semiconduttori a banda larga con un&#8217;elevata costante dielettrica. Nel campo dell&#8217;ottica, grazie al suo alto indice di rifrazione (circa 2,1) e al basso assorbimento nella regione spettrale dal vicino ultravioletto all&#8217;infrarosso, pu\u00f2 essere utilizzato per la preparazione di pellicole ottiche, vetri ottici speciali, ecc. In elettronica, pu\u00f2 essere utilizzato come conduttore elettrico. Nel campo dell&#8217;elettronica, pu\u00f2 essere utilizzato come materiale dielettrico per condensatori e come strato isolante di gate per transistor ad effetto di campo.<\/p>\n","protected":false},"featured_media":1033066,"comment_status":"open","ping_status":"closed","template":"","meta":{"_acf_changed":false},"product_brand":[],"product_cat":[197],"product_tag":[],"class_list":{"0":"post-1025831","1":"product","2":"type-product","3":"status-publish","4":"has-post-thumbnail","6":"product_cat-obiettivi-di-sputtering-planari","8":"first","9":"instock","10":"shipping-taxable","11":"product-type-variable"},"acf":[],"_links":{"self":[{"href":"https:\/\/vimaterial.de\/it\/wp-json\/wp\/v2\/product\/1025831","targetHints":{"allow":["GET"]}}],"collection":[{"href":"https:\/\/vimaterial.de\/it\/wp-json\/wp\/v2\/product"}],"about":[{"href":"https:\/\/vimaterial.de\/it\/wp-json\/wp\/v2\/types\/product"}],"replies":[{"embeddable":true,"href":"https:\/\/vimaterial.de\/it\/wp-json\/wp\/v2\/comments?post=1025831"}],"wp:featuredmedia":[{"embeddable":true,"href":"https:\/\/vimaterial.de\/it\/wp-json\/wp\/v2\/media\/1033066"}],"wp:attachment":[{"href":"https:\/\/vimaterial.de\/it\/wp-json\/wp\/v2\/media?parent=1025831"}],"wp:term":[{"taxonomy":"product_brand","embeddable":true,"href":"https:\/\/vimaterial.de\/it\/wp-json\/wp\/v2\/product_brand?post=1025831"},{"taxonomy":"product_cat","embeddable":true,"href":"https:\/\/vimaterial.de\/it\/wp-json\/wp\/v2\/product_cat?post=1025831"},{"taxonomy":"product_tag","embeddable":true,"href":"https:\/\/vimaterial.de\/it\/wp-json\/wp\/v2\/product_tag?post=1025831"}],"curies":[{"name":"wp","href":"https:\/\/api.w.org\/{rel}","templated":true}]}}