{"id":1025813,"date":"2024-06-17T15:47:30","date_gmt":"2024-06-17T07:47:30","guid":{"rendered":"https:\/\/vimaterial.de\/product\/pentossido-di-tantalio\/"},"modified":"2024-10-29T09:53:36","modified_gmt":"2024-10-29T01:53:36","slug":"pentossido-di-tantalio","status":"publish","type":"product","link":"https:\/\/vimaterial.de\/it\/product\/pentossido-di-tantalio\/","title":{"rendered":"Anidride tantalio"},"content":{"rendered":"<p>La polvere di Anidride tantalio \u00e8 un importante composto inorganico.<\/p>\n<h3>Informazioni di base<\/h3>\n<p>Aspetto: Solitamente bianco in forma microcristallina o in polvere, senza odore particolare.<\/p>\n<p>Densit\u00e0: Densit\u00e0 relativamente alta, circa 8,2 g\/cm3.<\/p>\n<p>Punto di fusione: Con un punto di fusione di 1872\u00b0C, \u00e8 una sostanza estremamente difficile da sciogliere.<\/p>\n<p>Propriet\u00e0 ottiche: \u00e8 un materiale ad alto indice di rifrazione con basso assorbimento (cio\u00e8 incolore) nella regione spettrale del vicino ultravioletto e dell&#8217;infrarosso.<\/p>\n<p>Propriet\u00e0 elettriche: Un semiconduttore a banda larga con un&#8217;elevata costante dielettrica.<\/p>\n<h3>Aree di applicazione:<\/h3>\n<p>Industria elettronica: utilizzato come materia prima per la produzione di Anidride tantalio libro di cristallo, ha importanti applicazioni nell&#8217;industria elettronica, ad esempio, pu\u00f2 essere utilizzato per preparare lo strato di trasporto degli elettroni delle celle solari calcogenuri, che possono migliorare efficacemente il tasso di utilizzo ottico della cella e la capacit\u00e0 di migrazione degli elettroni.<\/p>\n<p>Campo ottico: Anidride tantalio produzione di vetri ottici speciali ad alta rifrazione e bassa dispersione, pellicole ottiche, ecc.<\/p>\n<p>Industria chimica: Anidride tantalio pu\u00f2 essere utilizzato come catalizzatore.<\/p>\n","protected":false},"excerpt":{"rendered":"<p>Le particelle di Anidride tantalio sono una sostanza polverosa bianca. Le particelle di pentossido di tantalio sono un semiconduttore a banda larga con un&#8217;elevata costante dielettrica. Nel campo dell&#8217;ottica, grazie al suo alto indice di rifrazione (circa 2,1) e al basso assorbimento nella regione spettrale dal vicino ultravioletto all&#8217;infrarosso, pu\u00f2 essere utilizzato per la preparazione di pellicole ottiche, vetri ottici speciali, ecc. In elettronica, pu\u00f2 essere utilizzato come conduttore elettrico. Nel campo dell&#8217;elettronica, pu\u00f2 essere utilizzato come materiale dielettrico per condensatori e come strato isolante di gate per transistor ad effetto di campo.<\/p>\n","protected":false},"featured_media":1033061,"comment_status":"open","ping_status":"closed","template":"","meta":{"_acf_changed":false},"product_brand":[],"product_cat":[205],"product_tag":[],"class_list":{"0":"post-1025813","1":"product","2":"type-product","3":"status-publish","4":"has-post-thumbnail","6":"product_cat-materiali-ossidi-idrossidi","8":"first","9":"instock","10":"shipping-taxable","11":"purchasable","12":"product-type-variable"},"acf":[],"_links":{"self":[{"href":"https:\/\/vimaterial.de\/it\/wp-json\/wp\/v2\/product\/1025813","targetHints":{"allow":["GET"]}}],"collection":[{"href":"https:\/\/vimaterial.de\/it\/wp-json\/wp\/v2\/product"}],"about":[{"href":"https:\/\/vimaterial.de\/it\/wp-json\/wp\/v2\/types\/product"}],"replies":[{"embeddable":true,"href":"https:\/\/vimaterial.de\/it\/wp-json\/wp\/v2\/comments?post=1025813"}],"wp:featuredmedia":[{"embeddable":true,"href":"https:\/\/vimaterial.de\/it\/wp-json\/wp\/v2\/media\/1033061"}],"wp:attachment":[{"href":"https:\/\/vimaterial.de\/it\/wp-json\/wp\/v2\/media?parent=1025813"}],"wp:term":[{"taxonomy":"product_brand","embeddable":true,"href":"https:\/\/vimaterial.de\/it\/wp-json\/wp\/v2\/product_brand?post=1025813"},{"taxonomy":"product_cat","embeddable":true,"href":"https:\/\/vimaterial.de\/it\/wp-json\/wp\/v2\/product_cat?post=1025813"},{"taxonomy":"product_tag","embeddable":true,"href":"https:\/\/vimaterial.de\/it\/wp-json\/wp\/v2\/product_tag?post=1025813"}],"curies":[{"name":"wp","href":"https:\/\/api.w.org\/{rel}","templated":true}]}}