{"id":1025733,"date":"2024-06-17T15:50:37","date_gmt":"2024-06-17T07:50:37","guid":{"rendered":"https:\/\/vimaterial.de\/product\/carburo-di-tantalio\/"},"modified":"2024-10-15T15:13:33","modified_gmt":"2024-10-15T07:13:33","slug":"carburo-di-tantalio","status":"publish","type":"product","link":"https:\/\/vimaterial.de\/it\/product\/carburo-di-tantalio\/","title":{"rendered":"Carburo di tantalio"},"content":{"rendered":"<p>La polvere di carburo di tantalio \u00e8 un importante materiale metallo-ceramico.<\/p>\n<p>&nbsp;<\/p>\n<p>Propriet\u00e0 di base:<\/p>\n<p>&nbsp;<\/p>\n<p>Formula chimica: la formula chimica \u00e8 TaC, composta da due elementi, tantalio (Ta) e carbonio (C).<br \/>\nAspetto: Solitamente polvere metallica marrone chiaro, marrone scuro o nera.<br \/>\nStruttura cristallina: appartiene al sistema cristallino cubico di tipo cloruro di sodio, con una struttura cristallina stabile, che conferisce propriet\u00e0 fisiche e chimiche uniche.<br \/>\nAlto punto di fusione e punto di ebollizione: il punto di fusione \u00e8 fino a 3880\u00b0C, il punto di ebollizione \u00e8 4780\u00b0C.<br \/>\nAlta densit\u00e0: 13,9 g\/ml .<br \/>\nBuona conducibilit\u00e0 elettrica: resistenza 30\u03a9 a temperatura ambiente, buona conducibilit\u00e0 elettrica.<\/p>\n<p>&nbsp;<\/p>\n<p>Metodo di preparazione:<\/p>\n<p>&nbsp;<\/p>\n<p>Metodo di carbonizzazione dell&#8217;ossido di tantalio: il pentossido di tantalio e il nerofumo vengono utilizzati come materie prime, i due vengono completamente miscelati e inseriti nel forno di riduzione, quindi riscaldati in idrogeno o vuoto a 1500 \u00b0C per un periodo di tempo, \u00e8 possibile produrre la polvere di carburo di tantalio.<\/p>\n<p>&nbsp;<\/p>\n<p>Campo di applicazione:<\/p>\n<p>&nbsp;<\/p>\n<p>Aerospaziale: il carburo di tantalio pu\u00f2 essere utilizzato per produrre materiali strutturali ad alta temperatura e rivestimenti resistenti all&#8217;usura, come le pale delle turbine dei motori a reazione e i rivestimenti degli ugelli dei razzi, che possono migliorarne la resistenza all&#8217;ablazione e prolungarne la durata.<\/p>\n<p>Campo elettronico: il carburo di tantalio grazie alla sua buona conduttivit\u00e0 e stabilit\u00e0, pu\u00f2 essere utilizzato come materiale per elettrodi per migliorare la stabilit\u00e0 e l&#8217;affidabilit\u00e0 dei dispositivi elettronici.<\/p>\n<p>Campo ceramico: utilizzato nella preparazione di ceramiche fini, pu\u00f2 migliorare le prestazioni della ceramica, come migliorare la durezza e la resistenza alle alte temperature della ceramica.<\/p>\n<p>Deposizione chimica da vapore (CVD): utilizzata come materia prima per la CVD per preparare film e rivestimenti di alta qualit\u00e0.<\/p>\n","protected":false},"excerpt":{"rendered":"<p>La polvere di carburo di tantalio \u00e8 un importante materiale metallo-ceramico.<\/p>\n<p>Aerospaziale: il carburo di tantalio pu\u00f2 essere utilizzato per produrre materiali strutturali ad alta temperatura e rivestimenti resistenti all&#8217;usura, come le pale delle turbine dei motori a reazione e i rivestimenti degli ugelli dei razzi, che possono migliorarne la resistenza all&#8217;ablazione e prolungarne la durata.<\/p>\n<p>Campo elettronico: carburo di tantalio grazie alla sua buona conduttivit\u00e0 e stabilit\u00e0, pu\u00f2 essere utilizzato come materiale per elettrodi per migliorare la stabilit\u00e0 e l&#8217;affidabilit\u00e0 dei dispositivi elettronici.<\/p>\n<p>&nbsp;<\/p>\n","protected":false},"featured_media":1033096,"comment_status":"open","ping_status":"closed","template":"","meta":{"_acf_changed":false},"product_brand":[],"product_cat":[202],"product_tag":[],"class_list":{"0":"post-1025733","1":"product","2":"type-product","3":"status-publish","4":"has-post-thumbnail","6":"product_cat-materiali-c-n-b-si","8":"first","9":"instock","10":"shipping-taxable","11":"purchasable","12":"product-type-variable"},"acf":[],"_links":{"self":[{"href":"https:\/\/vimaterial.de\/it\/wp-json\/wp\/v2\/product\/1025733","targetHints":{"allow":["GET"]}}],"collection":[{"href":"https:\/\/vimaterial.de\/it\/wp-json\/wp\/v2\/product"}],"about":[{"href":"https:\/\/vimaterial.de\/it\/wp-json\/wp\/v2\/types\/product"}],"replies":[{"embeddable":true,"href":"https:\/\/vimaterial.de\/it\/wp-json\/wp\/v2\/comments?post=1025733"}],"wp:featuredmedia":[{"embeddable":true,"href":"https:\/\/vimaterial.de\/it\/wp-json\/wp\/v2\/media\/1033096"}],"wp:attachment":[{"href":"https:\/\/vimaterial.de\/it\/wp-json\/wp\/v2\/media?parent=1025733"}],"wp:term":[{"taxonomy":"product_brand","embeddable":true,"href":"https:\/\/vimaterial.de\/it\/wp-json\/wp\/v2\/product_brand?post=1025733"},{"taxonomy":"product_cat","embeddable":true,"href":"https:\/\/vimaterial.de\/it\/wp-json\/wp\/v2\/product_cat?post=1025733"},{"taxonomy":"product_tag","embeddable":true,"href":"https:\/\/vimaterial.de\/it\/wp-json\/wp\/v2\/product_tag?post=1025733"}],"curies":[{"name":"wp","href":"https:\/\/api.w.org\/{rel}","templated":true}]}}