{"id":1025513,"date":"2024-06-17T15:50:37","date_gmt":"2024-06-17T07:50:37","guid":{"rendered":"https:\/\/vimaterial.de\/product\/cloruro-di-tantalio\/"},"modified":"2024-09-05T18:16:00","modified_gmt":"2024-09-05T10:16:00","slug":"cloruro-di-tantalio","status":"publish","type":"product","link":"https:\/\/vimaterial.de\/it\/product\/cloruro-di-tantalio\/","title":{"rendered":"Cloruro di tantalio"},"content":{"rendered":"<p>La polvere di cloruro di tantalio (TaCl5) \u00e8 un composto inorganico in polvere cristallino monoclino bianco.<\/p>\n<p>Propriet\u00e0<\/p>\n<p>Densit\u00e0: 3,68 g\/cm\u00b3<\/p>\n<p>Punto di fusione: 216\u00b0C<\/p>\n<p>Solubilit\u00e0: Solubile in idrocarburi aromatici come toluene, benzene, mesitilene, ecc., insolubile in cicloesano e tetracloruro di carbonio.<\/p>\n<p>Propriet\u00e0 chimiche: facile da idrolizzare e precipitato di idrossido bianco precipiter\u00e0.Pu\u00f2 essere decomposto in tantalio metallico a 600\u00b0C sotto vuoto.<\/p>\n<p>Applicazione<\/p>\n<p>1. Campo dei materiali elettronici: Preparazione del vetro ottico: il cloruro di tantalio pu\u00f2 essere utilizzato per produrre vetro con propriet\u00e0 ottiche speciali, come la formazione di un film isolante con forte adesione e spessore di 0,1 \u03bcm sulla superficie di componenti elettronici e dispositivi a semiconduttore.<br \/>\nQuesto vetro ha importanti applicazioni in strumenti ottici, apparecchiature elettroniche, ecc. E ha un&#8217;elevata costante dielettrica.<br \/>\nProduzione di materiali per elettrodi: nella lamina di rame elettrolitico dell&#8217;industria dei cloro-alcali, la superficie dell&#8217;anodo elettrolitico dell&#8217;industria della produzione di ossigeno e dell&#8217;industria delle acque reflue, viene miscelata con composti di rutenio e composti del gruppo del platino per formare un film conduttivo di ossido, che pu\u00f2 migliorare l&#8217;adesione del film e prolungare la durata dell&#8217;elettrodo di oltre 5 anni.<br \/>\n2. Campo di sintesi chimica: Agente di clorurazione per composti organici: come forte ossidante e agente clorurante, pu\u00f2 essere utilizzato nelle reazioni di sintesi organica per clorurare determinati gruppi in composti organici, come alcoli, aldeidi, chetoni, ammine, ecc.<br \/>\nPreparazione di altri composti del tantalio: \u00e8 un intermedio importante per la sintesi di altri composti del tantalio, come il carburo di tantalio, ecc.<br \/>\n3. Campo del materiale di rivestimento: pu\u00f2 essere utilizzato per preparare rivestimenti in ossido di tantalio, che hanno una buona resistenza all&#8217;usura, resistenza alla corrosione e resistenza alle alte temperature e sono ampiamente utilizzati nel settore aerospaziale, nella produzione di macchinari e in altri campi.<br \/>\n4. Campo medico: in medicina, il cloruro di tantalio pu\u00f2 essere utilizzato nella preparazione di alcuni materiali speciali, ma questa applicazione \u00e8 ancora in fase di ricerca.<br \/>\n5. Campo della ricerca scientifica: in laboratorio, il cloruro di tantalio pu\u00f2 essere utilizzato come catalizzatore per lo studio delle reazioni di sintesi organica e pu\u00f2 essere utilizzato anche nella ricerca sulla scienza dei materiali e altri aspetti.<\/p>\n","protected":false},"excerpt":{"rendered":"<p>La polvere di cloruro di tantalio (TaCl5) \u00e8 un composto inorganico in polvere cristallino monoclino bianco.<\/p>\n<p>Propriet\u00e0<\/p>\n<p>Densit\u00e0: 3,68 g\/cm\u00b3<\/p>\n<p>Punto di fusione: 216\u00b0C<\/p>\n<p>Solubilit\u00e0: Solubile in idrocarburi aromatici come toluene, benzene, mesitilene, ecc., insolubile in cicloesano e tetracloruro di carbonio.<\/p>\n<p>Propriet\u00e0 chimiche: facile da idrolizzare e precipitato di idrossido bianco precipiter\u00e0.Pu\u00f2 essere decomposto in tantalio metallico a 600\u00b0C sotto vuoto.<\/p>\n<p>Applicazione<\/p>\n<p>1. Campo dei materiali elettronici: Preparazione del vetro ottico: il cloruro di tantalio pu\u00f2 essere utilizzato per produrre vetro con propriet\u00e0 ottiche speciali, come la formazione di un film isolante con forte adesione e spessore di 0,1 \u03bcm sulla superficie di componenti elettronici e dispositivi a semiconduttore.<br \/>\nQuesto vetro ha importanti applicazioni in strumenti ottici, apparecchiature elettroniche, ecc. E ha un&#8217;elevata costante dielettrica.<br \/>\nProduzione di materiali per elettrodi: nella lamina di rame elettrolitico dell&#8217;industria dei cloro-alcali, la superficie dell&#8217;anodo elettrolitico dell&#8217;industria della produzione di ossigeno e dell&#8217;industria delle acque reflue, viene miscelata con composti di rutenio e composti del gruppo del platino per formare un film conduttivo di ossido, che pu\u00f2 migliorare l&#8217;adesione del film e prolungare la durata dell&#8217;elettrodo di oltre 5 anni.<br \/>\n2. Campo di sintesi chimica: Agente di clorurazione per composti organici: come forte ossidante e agente clorurante, pu\u00f2 essere utilizzato nelle reazioni di sintesi organica per clorurare determinati gruppi in composti organici, come alcoli, aldeidi, chetoni, ammine, ecc.<br \/>\nPreparazione di altri composti del tantalio: \u00e8 un intermedio importante per la sintesi di altri composti del tantalio, come il carburo di tantalio, ecc.<br \/>\n3. Campo del materiale di rivestimento: pu\u00f2 essere utilizzato per preparare rivestimenti in ossido di tantalio, che hanno una buona resistenza all&#8217;usura, resistenza alla corrosione e resistenza alle alte temperature e sono ampiamente utilizzati nel settore aerospaziale, nella produzione di macchinari e in altri campi.<br \/>\n4. Campo medico: in medicina, il cloruro di tantalio pu\u00f2 essere utilizzato nella preparazione di alcuni materiali speciali, ma questa applicazione \u00e8 ancora in fase di ricerca.<br \/>\n5. Campo della ricerca scientifica: in laboratorio, il cloruro di tantalio pu\u00f2 essere utilizzato come catalizzatore per lo studio delle reazioni di sintesi organica e pu\u00f2 essere utilizzato anche nella ricerca sulla scienza dei materiali e altri aspetti.<\/p>\n","protected":false},"featured_media":1033101,"comment_status":"open","ping_status":"closed","template":"","meta":{"_acf_changed":false},"product_brand":[],"product_cat":[201],"product_tag":[],"class_list":{"0":"post-1025513","1":"product","2":"type-product","3":"status-publish","4":"has-post-thumbnail","6":"product_cat-materiali-a-base-di-alogenuri","8":"first","9":"instock","10":"shipping-taxable","11":"product-type-variable"},"acf":[],"_links":{"self":[{"href":"https:\/\/vimaterial.de\/it\/wp-json\/wp\/v2\/product\/1025513","targetHints":{"allow":["GET"]}}],"collection":[{"href":"https:\/\/vimaterial.de\/it\/wp-json\/wp\/v2\/product"}],"about":[{"href":"https:\/\/vimaterial.de\/it\/wp-json\/wp\/v2\/types\/product"}],"replies":[{"embeddable":true,"href":"https:\/\/vimaterial.de\/it\/wp-json\/wp\/v2\/comments?post=1025513"}],"wp:featuredmedia":[{"embeddable":true,"href":"https:\/\/vimaterial.de\/it\/wp-json\/wp\/v2\/media\/1033101"}],"wp:attachment":[{"href":"https:\/\/vimaterial.de\/it\/wp-json\/wp\/v2\/media?parent=1025513"}],"wp:term":[{"taxonomy":"product_brand","embeddable":true,"href":"https:\/\/vimaterial.de\/it\/wp-json\/wp\/v2\/product_brand?post=1025513"},{"taxonomy":"product_cat","embeddable":true,"href":"https:\/\/vimaterial.de\/it\/wp-json\/wp\/v2\/product_cat?post=1025513"},{"taxonomy":"product_tag","embeddable":true,"href":"https:\/\/vimaterial.de\/it\/wp-json\/wp\/v2\/product_tag?post=1025513"}],"curies":[{"name":"wp","href":"https:\/\/api.w.org\/{rel}","templated":true}]}}