{"id":1025498,"date":"2024-06-17T15:50:38","date_gmt":"2024-06-17T07:50:38","guid":{"rendered":"https:\/\/vimaterial.de\/product\/nitruro-di-tantalio-3\/"},"modified":"2024-10-15T17:02:46","modified_gmt":"2024-10-15T09:02:46","slug":"nitruro-di-tantalio-3","status":"publish","type":"product","link":"https:\/\/vimaterial.de\/it\/product\/nitruro-di-tantalio-3\/","title":{"rendered":"Nitruro di tantalio"},"content":{"rendered":"<p>I granuli di nitruro di tantalio sono un importante materiale chimico.<\/p>\n<p>Informazioni di base:<\/p>\n<p>Composizione chimica: composto principalmente da elementi tantalio (Ta) e azoto (N), la formula chimica \u00e8 TaN.<br \/>\nStruttura cristallina: struttura cristallina generalmente esagonale, ma esistono anche altri tipi di cristalli.<br \/>\nColore: Solitamente nero o grigio, anche se il colore pu\u00f2 variare a seconda di fattori quali la dimensione delle particelle, la purezza e il metodo di preparazione.<br \/>\nDensit\u00e0: La densit\u00e0 relativa \u00e8 elevata, circa 14,36 g\/cm\u00b3.<br \/>\nDurezza: elevata durezza con buona resistenza all&#8217;abrasione e ai graffi.<br \/>\nPunto di fusione: fino a 3090\u00b0C. Ha un&#8217;eccellente resistenza alle alte temperature e pu\u00f2 rimanere stabile in ambienti ad alta temperatura.<\/p>\n<p>Campo di applicazione:<\/p>\n<p>Campo dei materiali elettronici: pu\u00f2 essere utilizzato per produrre resistori a chip, condensatori a film e altri componenti elettronici. Nella produzione di circuiti integrati, le particelle di nitruro di tantalio possono essere utilizzate per formare film conduttivi, strati barriera, ecc., che svolgono un ruolo nel collegamento dei circuiti e nella prevenzione della diffusione di ioni metallici.<\/p>\n<p>Campo di rivestimento duro: grazie alla sua elevata durezza e buona resistenza all&#8217;abrasione, pu\u00f2 essere utilizzato come materiale di rivestimento duro sulla superficie di utensili da taglio, stampi e altre superfici per migliorarne la durata e le prestazioni di taglio.<\/p>\n<p>Additivi per materiali superduri: utilizzati come additivi nella preparazione di materiali superduri, possono migliorare la durezza, la tenacit\u00e0 e altre propriet\u00e0 del materiale.<\/p>\n","protected":false},"excerpt":{"rendered":"<p>I granuli di nitruro di tantalio sono un importante materiale chimico.<\/p>\n<p>Campo dei materiali elettronici: pu\u00f2 essere utilizzato per produrre resistori a chip, condensatori a film e altri componenti elettronici. Nella produzione di circuiti integrati, le particelle di nitruro di tantalio possono essere utilizzate per formare film conduttivi, strati barriera, ecc., che svolgono un ruolo nel collegamento dei circuiti e nella prevenzione della diffusione di ioni metallici.<\/p>\n<p>Campo di rivestimento duro: grazie alla sua elevata durezza e buona resistenza all&#8217;abrasione, pu\u00f2 essere utilizzato come materiale di rivestimento duro sulla superficie di utensili da taglio, stampi e altre superfici per migliorarne la durata e le prestazioni di taglio.<\/p>\n","protected":false},"featured_media":1033111,"comment_status":"open","ping_status":"closed","template":"","meta":{"_acf_changed":false},"product_brand":[],"product_cat":[198],"product_tag":[],"class_list":{"0":"post-1025498","1":"product","2":"type-product","3":"status-publish","4":"has-post-thumbnail","6":"product_cat-materiali-per-levaporazione","8":"first","9":"instock","10":"shipping-taxable","11":"product-type-variable"},"acf":[],"_links":{"self":[{"href":"https:\/\/vimaterial.de\/it\/wp-json\/wp\/v2\/product\/1025498","targetHints":{"allow":["GET"]}}],"collection":[{"href":"https:\/\/vimaterial.de\/it\/wp-json\/wp\/v2\/product"}],"about":[{"href":"https:\/\/vimaterial.de\/it\/wp-json\/wp\/v2\/types\/product"}],"replies":[{"embeddable":true,"href":"https:\/\/vimaterial.de\/it\/wp-json\/wp\/v2\/comments?post=1025498"}],"wp:featuredmedia":[{"embeddable":true,"href":"https:\/\/vimaterial.de\/it\/wp-json\/wp\/v2\/media\/1033111"}],"wp:attachment":[{"href":"https:\/\/vimaterial.de\/it\/wp-json\/wp\/v2\/media?parent=1025498"}],"wp:term":[{"taxonomy":"product_brand","embeddable":true,"href":"https:\/\/vimaterial.de\/it\/wp-json\/wp\/v2\/product_brand?post=1025498"},{"taxonomy":"product_cat","embeddable":true,"href":"https:\/\/vimaterial.de\/it\/wp-json\/wp\/v2\/product_cat?post=1025498"},{"taxonomy":"product_tag","embeddable":true,"href":"https:\/\/vimaterial.de\/it\/wp-json\/wp\/v2\/product_tag?post=1025498"}],"curies":[{"name":"wp","href":"https:\/\/api.w.org\/{rel}","templated":true}]}}