{"id":1025425,"date":"2024-06-17T15:50:39","date_gmt":"2024-06-17T07:50:39","guid":{"rendered":"https:\/\/vimaterial.de\/product\/fosfuro-di-tantalio\/"},"modified":"2024-10-15T17:25:01","modified_gmt":"2024-10-15T09:25:01","slug":"fosfuro-di-tantalio","status":"publish","type":"product","link":"https:\/\/vimaterial.de\/it\/product\/fosfuro-di-tantalio\/","title":{"rendered":"Fosfuro di tantalio"},"content":{"rendered":"<p>La polvere di fosfuro di tantalio \u00e8 una polvere composta da composti inorganici composti dagli elementi tantalio (Ta) e fosforo (P).<\/p>\n<p>Informazioni di base:<\/p>\n<p>Formula chimica: TaP, il peso molecolare \u00e8 211.9216.<br \/>\nNumero CAS: 12037-63-7.<br \/>\nAspetto: Polvere di solito grigio-nera.<br \/>\nStruttura cristallina: Cristalli esagonali e ortorombici.<br \/>\nDensit\u00e0: circa 10,9 g\/cm\u00b3.<\/p>\n<p>Metodo di preparazione:<\/p>\n<p>Metodo in fase solida: il tantalio e il fosgene vengono fatti reagire direttamente ad alta temperatura per produrre fosfuro di tantalio.<\/p>\n<p>Metodo in fase gassosa: Preparato facendo reagire l&#8217;idrogeno fosfuro nel gas di reazione con tantalio metallico a temperatura e pressione adeguate.<\/p>\n<p>Aree di applicazione:<\/p>\n<p>Industria elettronica: pu\u00f2 essere utilizzato per preparare componenti elettronici, come nella produzione di semiconduttori per la formazione di specifiche strutture a film sottile, ecc., Il che \u00e8 utile per migliorare le prestazioni dei dispositivi elettronici.<\/p>\n<p>Ricerca sui materiali: come materiale composto speciale, pu\u00f2 essere utilizzato nella ricerca sulla scienza dei materiali per esplorare le propriet\u00e0 e le applicazioni di nuovi materiali, il che \u00e8 importante per lo sviluppo di materiali con funzioni speciali.<\/p>\n","protected":false},"excerpt":{"rendered":"<p>La polvere di fosfuro di tantalio \u00e8 una polvere composta da composti inorganici composti dagli elementi tantalio (Ta) e fosforo (P).<\/p>\n<p>Industria elettronica: pu\u00f2 essere utilizzato per preparare componenti elettronici, come nella produzione di semiconduttori per la formazione di specifiche strutture a film sottile, ecc., Il che \u00e8 utile per migliorare le prestazioni dei dispositivi elettronici.<\/p>\n<p>Ricerca sui materiali: come materiale composto speciale, pu\u00f2 essere utilizzato nella ricerca sulla scienza dei materiali per esplorare le propriet\u00e0 e le applicazioni di nuovi materiali, il che \u00e8 importante per lo sviluppo di materiali con funzioni speciali.<\/p>\n<p>&nbsp;<\/p>\n","protected":false},"featured_media":1033131,"comment_status":"open","ping_status":"closed","template":"","meta":{"_acf_changed":false},"product_brand":[],"product_cat":[213],"product_tag":[],"class_list":{"0":"post-1025425","1":"product","2":"type-product","3":"status-publish","4":"has-post-thumbnail","6":"product_cat-materiali-al-fosforo","8":"first","9":"instock","10":"shipping-taxable","11":"product-type-variable"},"acf":[],"_links":{"self":[{"href":"https:\/\/vimaterial.de\/it\/wp-json\/wp\/v2\/product\/1025425","targetHints":{"allow":["GET"]}}],"collection":[{"href":"https:\/\/vimaterial.de\/it\/wp-json\/wp\/v2\/product"}],"about":[{"href":"https:\/\/vimaterial.de\/it\/wp-json\/wp\/v2\/types\/product"}],"replies":[{"embeddable":true,"href":"https:\/\/vimaterial.de\/it\/wp-json\/wp\/v2\/comments?post=1025425"}],"wp:featuredmedia":[{"embeddable":true,"href":"https:\/\/vimaterial.de\/it\/wp-json\/wp\/v2\/media\/1033131"}],"wp:attachment":[{"href":"https:\/\/vimaterial.de\/it\/wp-json\/wp\/v2\/media?parent=1025425"}],"wp:term":[{"taxonomy":"product_brand","embeddable":true,"href":"https:\/\/vimaterial.de\/it\/wp-json\/wp\/v2\/product_brand?post=1025425"},{"taxonomy":"product_cat","embeddable":true,"href":"https:\/\/vimaterial.de\/it\/wp-json\/wp\/v2\/product_cat?post=1025425"},{"taxonomy":"product_tag","embeddable":true,"href":"https:\/\/vimaterial.de\/it\/wp-json\/wp\/v2\/product_tag?post=1025425"}],"curies":[{"name":"wp","href":"https:\/\/api.w.org\/{rel}","templated":true}]}}