{"id":1025186,"date":"2024-06-17T15:50:43","date_gmt":"2024-06-17T07:50:43","guid":{"rendered":"https:\/\/vimaterial.de\/product\/metallo-tungsteno\/"},"modified":"2024-10-28T17:07:36","modified_gmt":"2024-10-28T09:07:36","slug":"metallo-tungsteno","status":"publish","type":"product","link":"https:\/\/vimaterial.de\/it\/product\/metallo-tungsteno\/","title":{"rendered":"Tungsteno metallo"},"content":{"rendered":"<h3>Informazioni di base<\/h3>\n<p>Componente principale: W, con elevata purezza, generalmente la purezza della bobina di tungsteno di grado industriale \u00e8 superiore al 99%.<\/p>\n<p>Struttura cristallina: il Tungsteno metallo ha una struttura cubica centrata sul corpo.<\/p>\n<p>Dimensioni: la specifica di larghezza comune \u00e8 5-50 mm e lo spessore \u00e8 solitamente compreso tra 0,1 e 5 mm.<\/p>\n<p>Aspetto: le bobine di Tungsteno metallo hanno la forma di una bobina a nastro e la superficie \u00e8 solitamente liscia e ha una lucentezza metallica.<\/p>\n<p>Densit\u00e0: 19,3 g\/cm\u00b3.<\/p>\n<p>Durezza: 7,5.<\/p>\n<h3>Campi di applicazione<\/h3>\n<p>Materiale dell&#8217;elettrodo: la bobina Tungsteno metallo \u00e8 ampiamente utilizzata come materiale per elettrodi nel campo del tubo elettronico e del dispositivo elettronico a vuoto. Elemento riscaldante: in alcune apparecchiature elettroniche che richiedono un riscaldamento ad alta temperatura, come l&#8217;evaporatore a fascio di elettroni, l&#8217;elemento riscaldante del forno ad alta temperatura, ecc., La bobina metallica di tungsteno pu\u00f2 essere utilizzata come materiale riscaldante.<\/p>\n<p>Componenti del forno ad alta temperatura: la bobina Tungsteno metallo pu\u00f2 essere utilizzata per produrre corpi generatori di calore, schermo di isolamento termico, rivestimento del forno e altri componenti del forno ad alta temperatura. Nell&#8217;ambiente di lavoro del forno ad alta temperatura, la bobina di tungsteno pu\u00f2 resistere alle alte temperature e all&#8217;erosione chimica per garantire l&#8217;uniformit\u00e0 e la stabilit\u00e0 della temperatura all&#8217;interno del forno e prolungare la durata del forno ad alta temperatura.<\/p>\n","protected":false},"excerpt":{"rendered":"<p>Materiale dell&#8217;elettrodo: la bobina Tungsteno metallo \u00e8 ampiamente utilizzata come materiale per elettrodi nel campo del tubo elettronico e del dispositivo elettronico a vuoto.<\/p>\n<p>Elemento riscaldante: in alcune apparecchiature elettroniche che richiedono un riscaldamento ad alta temperatura, come l&#8217;evaporatore a fascio di elettroni, l&#8217;elemento riscaldante del forno ad alta temperatura, ecc., La bobina metallica di tungsteno pu\u00f2 essere utilizzata come materiale riscaldante.<\/p>\n","protected":false},"featured_media":1033191,"comment_status":"open","ping_status":"closed","template":"","meta":{"_acf_changed":false},"product_brand":[],"product_cat":[207],"product_tag":[],"class_list":{"0":"post-1025186","1":"product","2":"type-product","3":"status-publish","4":"has-post-thumbnail","6":"product_cat-profilo","8":"first","9":"instock","10":"shipping-taxable","11":"product-type-variable"},"acf":[],"_links":{"self":[{"href":"https:\/\/vimaterial.de\/it\/wp-json\/wp\/v2\/product\/1025186","targetHints":{"allow":["GET"]}}],"collection":[{"href":"https:\/\/vimaterial.de\/it\/wp-json\/wp\/v2\/product"}],"about":[{"href":"https:\/\/vimaterial.de\/it\/wp-json\/wp\/v2\/types\/product"}],"replies":[{"embeddable":true,"href":"https:\/\/vimaterial.de\/it\/wp-json\/wp\/v2\/comments?post=1025186"}],"wp:featuredmedia":[{"embeddable":true,"href":"https:\/\/vimaterial.de\/it\/wp-json\/wp\/v2\/media\/1033191"}],"wp:attachment":[{"href":"https:\/\/vimaterial.de\/it\/wp-json\/wp\/v2\/media?parent=1025186"}],"wp:term":[{"taxonomy":"product_brand","embeddable":true,"href":"https:\/\/vimaterial.de\/it\/wp-json\/wp\/v2\/product_brand?post=1025186"},{"taxonomy":"product_cat","embeddable":true,"href":"https:\/\/vimaterial.de\/it\/wp-json\/wp\/v2\/product_cat?post=1025186"},{"taxonomy":"product_tag","embeddable":true,"href":"https:\/\/vimaterial.de\/it\/wp-json\/wp\/v2\/product_tag?post=1025186"}],"curies":[{"name":"wp","href":"https:\/\/api.w.org\/{rel}","templated":true}]}}