{"id":1025156,"date":"2024-06-17T15:50:44","date_gmt":"2024-06-17T07:50:44","guid":{"rendered":"https:\/\/vimaterial.de\/product\/boruro-di-tungsteno-4\/"},"modified":"2024-10-28T15:50:43","modified_gmt":"2024-10-28T07:50:43","slug":"boruro-di-tungsteno-4","status":"publish","type":"product","link":"https:\/\/vimaterial.de\/it\/product\/boruro-di-tungsteno-4\/","title":{"rendered":"Boruro di tungsteno"},"content":{"rendered":"<h3>Informazioni di base<\/h3>\n<p>Formula chimica: W\u2082B, \u00e8 costituito da due elementi, tungsteno (W) e boro (B), la valenza media del tungsteno \u00e8 di circa + 2 valenza, il boro \u00e8 &#8211; 2 valenza.<\/p>\n<p>Struttura cristallina: W\u2082B ha una struttura cristallina tetragonale.<\/p>\n<p>Aspetto: le polveri W\u2082B sono generalmente di colore grigio o grigio scuro.<\/p>\n<p>Valori di densit\u00e0: 16 &#8211; 17 g\/cm\u00b3.<\/p>\n<p>Caratteristiche di durezza: circa 7 &#8211; 8.<\/p>\n<h3>Aree di applicazione<\/h3>\n<p>Transistor e circuiti integrati: Le propriet\u00e0 semiconduttrici del W\u2082B lo rendono potenzialmente utile nel campo dei transistor e dei circuiti integrati. Materiali resistivi: poich\u00e9 la resistenza di W\u2082B varia in modo significativo con la temperatura, pu\u00f2 essere utilizzato come materiale per resistori sensibili alla temperatura (termistore).<\/p>\n<p>Materiali di modulazione ottica: il boruro di tungsteno \u00e8 l&#8217;assorbimento della luce e le propriet\u00e0 di riflessione ne consentono l&#8217;utilizzo come materiale di modulazione ottica. Nel campo delle comunicazioni ottiche, pu\u00f2 essere utilizzato per produrre interruttori ottici, attenuatori ottici e altri dispositivi optoelettronici, che possono essere utilizzati per regolare l&#8217;on-off del percorso ottico o l&#8217;ampiezza dell&#8217;intensit\u00e0 luminosa modificando i segnali ottici o elettrici.<\/p>\n<p>Rivestimenti per utensili da taglio e stampi: il boruro di tungsteno \u00e8 un&#8217;elevata durezza e stabilit\u00e0 chimica che ne consentono l&#8217;utilizzo nella produzione di rivestimenti per utensili da taglio e stampi. Durante la lavorazione dei metalli, i rivestimenti possono migliorare la resistenza all&#8217;usura di utensili e stampi e prolungarne la durata.<\/p>\n","protected":false},"excerpt":{"rendered":"<p>Boruro, formula molecolare: Boruro di Tungsteno, peso molecolare 378,49, densit\u00e0 1,6 g\/ml, punto di fusione: 2670\u00b0C, conducibilit\u00e0 metallica, solubile in acqua regia. Il biossido di tungsteno borato deve essere conservato in un ambiente ermetico, fresco e asciutto.<\/p>\n","protected":false},"featured_media":1033201,"comment_status":"open","ping_status":"closed","template":"","meta":{"_acf_changed":false},"product_brand":[],"product_cat":[202],"product_tag":[],"class_list":{"0":"post-1025156","1":"product","2":"type-product","3":"status-publish","4":"has-post-thumbnail","6":"product_cat-materiali-c-n-b-si","8":"first","9":"instock","10":"shipping-taxable","11":"purchasable","12":"product-type-variable"},"acf":[],"_links":{"self":[{"href":"https:\/\/vimaterial.de\/it\/wp-json\/wp\/v2\/product\/1025156","targetHints":{"allow":["GET"]}}],"collection":[{"href":"https:\/\/vimaterial.de\/it\/wp-json\/wp\/v2\/product"}],"about":[{"href":"https:\/\/vimaterial.de\/it\/wp-json\/wp\/v2\/types\/product"}],"replies":[{"embeddable":true,"href":"https:\/\/vimaterial.de\/it\/wp-json\/wp\/v2\/comments?post=1025156"}],"wp:featuredmedia":[{"embeddable":true,"href":"https:\/\/vimaterial.de\/it\/wp-json\/wp\/v2\/media\/1033201"}],"wp:attachment":[{"href":"https:\/\/vimaterial.de\/it\/wp-json\/wp\/v2\/media?parent=1025156"}],"wp:term":[{"taxonomy":"product_brand","embeddable":true,"href":"https:\/\/vimaterial.de\/it\/wp-json\/wp\/v2\/product_brand?post=1025156"},{"taxonomy":"product_cat","embeddable":true,"href":"https:\/\/vimaterial.de\/it\/wp-json\/wp\/v2\/product_cat?post=1025156"},{"taxonomy":"product_tag","embeddable":true,"href":"https:\/\/vimaterial.de\/it\/wp-json\/wp\/v2\/product_tag?post=1025156"}],"curies":[{"name":"wp","href":"https:\/\/api.w.org\/{rel}","templated":true}]}}