{"id":1025128,"date":"2024-06-17T15:50:45","date_gmt":"2024-06-17T07:50:45","guid":{"rendered":"https:\/\/vimaterial.de\/product\/carburo-di-tungsteno-2\/"},"modified":"2024-10-28T15:23:06","modified_gmt":"2024-10-28T07:23:06","slug":"carburo-di-tungsteno-2","status":"publish","type":"product","link":"https:\/\/vimaterial.de\/it\/product\/carburo-di-tungsteno-2\/","title":{"rendered":"Carburo di tungsteno"},"content":{"rendered":"<h3>Informazioni di base<\/h3>\n<p>Formula chimica: Il carburo di tungsteno ha la formula chimica WC ed \u00e8 costituito da due elementi, tungsteno (W) e carbonio (C), con tungsteno al valore +4 e carbonio al valore -4.<\/p>\n<p>Tipo di struttura cristallina: WC ha un sistema cristallino esagonale semplice.<br \/>\nAspetto: generalmente nero o grigio scuro.<br \/>\nValore di densit\u00e0: La densit\u00e0 del WC \u00e8 di circa 15,63 g\/cm\u00b3.<br \/>\nPropriet\u00e0 di durezza: Il carburo di tungsteno \u00e8 estremamente duro, con una durezza di circa 9 sulla scala di Mohs, seconda solo al diamante.<br \/>\nPunto di fusione: 2870\u00b0C.<br \/>\nCoefficiente di dilatazione termica: 6,2\u00d710-\u2076\/K.<\/p>\n<h3>Campi di applicazione<\/h3>\n<p>Produzione di componenti elettronici: nel campo dell&#8217;elettronica, conducibilit\u00e0 e stabilit\u00e0 del carburo di tungsteno in modo che possa essere utilizzato per la produzione di componenti elettronici. Ad esempio, il carburo di tungsteno pu\u00f2 essere utilizzato come emettitore di elettroni in dispositivi elettronici a vuoto come i tubi elettronici e pu\u00f2 essere utilizzato anche nella produzione di resistori, circuiti integrati nella linea conduttiva e cos\u00ec via.<\/p>\n<p>Rafforzamento dei materiali compositi: la polvere per WC come fase di rinforzo \u00e8 ampiamente utilizzata nel rinforzo dei materiali compositi. Tali compositi rinforzati per WC sono ampiamente utilizzati nell&#8217;industria aerospaziale, automobilistica, nelle attrezzature sportive e in altri campi, ad esempio nelle lame dei motori aeronautici, nei dischi dei freni automobilistici, nelle mazze da golf e in altri prodotti.<\/p>\n","protected":false},"excerpt":{"rendered":"<p>Produzione di componenti elettronici: nel campo dell&#8217;elettronica, conducibilit\u00e0 e stabilit\u00e0 del carburo di tungsteno in modo che possa essere utilizzato per la produzione di componenti elettronici. Ad esempio, il carburo di tungsteno pu\u00f2 essere utilizzato come emettitore di elettroni in dispositivi elettronici a vuoto come i tubi elettronici e pu\u00f2 essere utilizzato anche nella produzione di resistori, circuiti integrati nella linea conduttiva e cos\u00ec via.<\/p>\n<p>Rafforzamento dei materiali compositi: la polvere per WC come fase di rinforzo \u00e8 ampiamente utilizzata nel rinforzo dei materiali compositi. Tali compositi rinforzati con carburo di tungsteno sono ampiamente utilizzati nell&#8217;industria aerospaziale, automobilistica, nelle attrezzature sportive e in altri campi, ad esempio nelle lame dei motori aeronautici, nei dischi dei freni automobilistici, nelle mazze da golf e in altri prodotti.<\/p>\n","protected":false},"featured_media":1033221,"comment_status":"open","ping_status":"closed","template":"","meta":{"_acf_changed":false},"product_brand":[],"product_cat":[202],"product_tag":[],"class_list":{"0":"post-1025128","1":"product","2":"type-product","3":"status-publish","4":"has-post-thumbnail","6":"product_cat-materiali-c-n-b-si","8":"first","9":"instock","10":"shipping-taxable","11":"purchasable","12":"product-type-variable"},"acf":[],"_links":{"self":[{"href":"https:\/\/vimaterial.de\/it\/wp-json\/wp\/v2\/product\/1025128","targetHints":{"allow":["GET"]}}],"collection":[{"href":"https:\/\/vimaterial.de\/it\/wp-json\/wp\/v2\/product"}],"about":[{"href":"https:\/\/vimaterial.de\/it\/wp-json\/wp\/v2\/types\/product"}],"replies":[{"embeddable":true,"href":"https:\/\/vimaterial.de\/it\/wp-json\/wp\/v2\/comments?post=1025128"}],"wp:featuredmedia":[{"embeddable":true,"href":"https:\/\/vimaterial.de\/it\/wp-json\/wp\/v2\/media\/1033221"}],"wp:attachment":[{"href":"https:\/\/vimaterial.de\/it\/wp-json\/wp\/v2\/media?parent=1025128"}],"wp:term":[{"taxonomy":"product_brand","embeddable":true,"href":"https:\/\/vimaterial.de\/it\/wp-json\/wp\/v2\/product_brand?post=1025128"},{"taxonomy":"product_cat","embeddable":true,"href":"https:\/\/vimaterial.de\/it\/wp-json\/wp\/v2\/product_cat?post=1025128"},{"taxonomy":"product_tag","embeddable":true,"href":"https:\/\/vimaterial.de\/it\/wp-json\/wp\/v2\/product_tag?post=1025128"}],"curies":[{"name":"wp","href":"https:\/\/api.w.org\/{rel}","templated":true}]}}