{"id":1025060,"date":"2024-06-17T15:53:25","date_gmt":"2024-06-17T07:53:25","guid":{"rendered":"https:\/\/vimaterial.de\/product\/ossido-di-tungsteno-6\/"},"modified":"2024-10-28T14:14:41","modified_gmt":"2024-10-28T06:14:41","slug":"ossido-di-tungsteno-6","status":"publish","type":"product","link":"https:\/\/vimaterial.de\/it\/product\/ossido-di-tungsteno-6\/","title":{"rendered":"Ossido di tungsteno"},"content":{"rendered":"<h3>Informazioni di base:<\/h3>\n<p>Formula chimica: WO\u2082, composto da tungsteno (W) e ossigeno (O), dove il tungsteno ha una valenza di + 4 e l&#8217;ossigeno &#8211; 2.<\/p>\n<p>Struttura cristallina: WO\u2082 ha una struttura cristallina monoclina. Nella sua struttura cristallina, gli atomi di tungsteno e ossigeno sono interconnessi in una disposizione specifica, formando una complessa rete tridimensionale.<br \/>\nAspetto: la polvere di WO\u2082 appare generalmente grigio scuro o nero.<br \/>\nDensit\u00e0: il WO\u2082 ha una densit\u00e0 relativamente alta di circa 12,11 g\/cm\u00b3.<br \/>\nDurezza: il WO\u2082 ha un certo grado di durezza, ma rispetto ad alcuni materiali ad alta durezza (come il carburo di tungsteno) la durezza \u00e8 inferiore.<\/p>\n<h3>Campi di applicazione<\/h3>\n<p>Transistor e circuiti integrati: le propriet\u00e0 dell&#8217;ossido di tungsteno sono dei semiconduttori che lo rendono potenzialmente utile nel campo dei transistor e dei circuiti integrati.<\/p>\n<p>Materiali resistivi: poich\u00e9 la resistenza del WO\u2082 varia in modo significativo con la temperatura, pu\u00f2 essere utilizzato come materiale per resistori sensibili alla temperatura (termistore).<\/p>\n<p>Materiali di modulazione ottica: l&#8217;ossido di tungsteno \u00e8 fotocromatico e le propriet\u00e0 elettrocromiche ne consentono l&#8217;utilizzo come materiale di modulazione ottica. Nel campo delle comunicazioni ottiche, pu\u00f2 essere utilizzato per produrre interruttori ottici, attenuatori ottici e altri dispositivi optoelettronici, che possono essere utilizzati per regolare l&#8217;on-off del percorso ottico o l&#8217;ampiezza dell&#8217;intensit\u00e0 luminosa modificando i segnali ottici o elettrici.<\/p>\n<p>Materiali di conversione fototermica: WO\u2082 ha un certo potenziale applicativo nella conversione fototermica. Utilizzando le sue elevate propriet\u00e0 di assorbimento nelle bande del visibile e del vicino infrarosso, pu\u00f2 convertire in modo efficiente l&#8217;energia luminosa come l&#8217;energia solare in energia termica.<\/p>\n<p>Materiali degli elettrodi per batterie agli ioni di litio: Nella ricerca sulle batterie agli ioni di litio, il WO\u2082 ha ricevuto attenzione come materiale per elettrodi. la struttura cristallina del WO\u2082 fornisce un canale per l&#8217;incorporamento e il de-incorporamento degli ioni di litio e la sua elevata capacit\u00e0 specifica teorica offre la possibilit\u00e0 di aumentare la densit\u00e0 energetica della batteria.<\/p>\n","protected":false},"excerpt":{"rendered":"<p>L&#8217;ossido di tungsteno \u00e8 un cristallo di polvere monoclino marrone, utilizzato principalmente nella produzione di polvere di tungsteno e triossido di tungsteno.<\/p>\n<p>Transistor e circuiti integrati: le propriet\u00e0 dell&#8217;ossido di tungsteno sono dei semiconduttori che lo rendono potenzialmente utile nel campo dei transistor e dei circuiti integrati.<\/p>\n<p>Materiali resistivi: poich\u00e9 la resistenza del WO\u2082 varia in modo significativo con la temperatura, pu\u00f2 essere utilizzato come materiale per resistori sensibili alla temperatura (termistore).<\/p>\n","protected":false},"featured_media":1033246,"comment_status":"open","ping_status":"closed","template":"","meta":{"_acf_changed":false},"product_brand":[],"product_cat":[205],"product_tag":[],"class_list":{"0":"post-1025060","1":"product","2":"type-product","3":"status-publish","4":"has-post-thumbnail","6":"product_cat-materiali-ossidi-idrossidi","8":"first","9":"instock","10":"shipping-taxable","11":"purchasable","12":"product-type-variable"},"acf":[],"_links":{"self":[{"href":"https:\/\/vimaterial.de\/it\/wp-json\/wp\/v2\/product\/1025060","targetHints":{"allow":["GET"]}}],"collection":[{"href":"https:\/\/vimaterial.de\/it\/wp-json\/wp\/v2\/product"}],"about":[{"href":"https:\/\/vimaterial.de\/it\/wp-json\/wp\/v2\/types\/product"}],"replies":[{"embeddable":true,"href":"https:\/\/vimaterial.de\/it\/wp-json\/wp\/v2\/comments?post=1025060"}],"wp:featuredmedia":[{"embeddable":true,"href":"https:\/\/vimaterial.de\/it\/wp-json\/wp\/v2\/media\/1033246"}],"wp:attachment":[{"href":"https:\/\/vimaterial.de\/it\/wp-json\/wp\/v2\/media?parent=1025060"}],"wp:term":[{"taxonomy":"product_brand","embeddable":true,"href":"https:\/\/vimaterial.de\/it\/wp-json\/wp\/v2\/product_brand?post=1025060"},{"taxonomy":"product_cat","embeddable":true,"href":"https:\/\/vimaterial.de\/it\/wp-json\/wp\/v2\/product_cat?post=1025060"},{"taxonomy":"product_tag","embeddable":true,"href":"https:\/\/vimaterial.de\/it\/wp-json\/wp\/v2\/product_tag?post=1025060"}],"curies":[{"name":"wp","href":"https:\/\/api.w.org\/{rel}","templated":true}]}}