{"id":1025040,"date":"2024-06-17T15:53:25","date_gmt":"2024-06-17T07:53:25","guid":{"rendered":"https:\/\/vimaterial.de\/product\/ossido-di-tungsteno-5\/"},"modified":"2024-10-28T14:29:48","modified_gmt":"2024-10-28T06:29:48","slug":"ossido-di-tungsteno-5","status":"publish","type":"product","link":"https:\/\/vimaterial.de\/it\/product\/ossido-di-tungsteno-5\/","title":{"rendered":"Ossido di tungsteno"},"content":{"rendered":"<h3>Informazioni di base<\/h3>\n<p>Formula chimica: WO\u2082. \u2089, \u00e8 un composto con rapporto non intero composto da tungsteno (W) e ossigeno (O), la valenza del tungsteno non \u00e8 una valenza intera in questo composto e la valenza media \u00e8 leggermente inferiore a + 6.<\/p>\n<p>Struttura cristallina: WO\u2082. \u2089 ha una struttura cristallina complessa. Ha somiglianze con la struttura cristallina di WO\u2083, che appartiene alla struttura distorta del sistema cristallino cubico.<\/p>\n<p>Aspetto: WO\u2082. \u2089 La polvere di solito appare blu scuro o blu-nero.<\/p>\n<p>Meccanismo del colore: Presenta un aspetto blu scuro o blu-nero, che \u00e8 diverso dal colore di altri ossidi di tungsteno.<\/p>\n<p>Densit\u00e0: WO\u2082. \u2089 ha un&#8217;alta densit\u00e0, generalmente intorno ai 7 &#8211; 8 g\/cm\u00b3.<\/p>\n<h3>Campi di applicazione<\/h3>\n<p>Fotorivelatore: utilizzando l&#8217;ossido di tungsteno nella banda ottica delle propriet\u00e0 di assorbimento della luce e delle propriet\u00e0 elettriche speciali, pu\u00f2 essere utilizzato per preparare fotorivelatori.<\/p>\n<p>Diodo a emissione di luce (LED) e diodo laser (LD): a causa delle propriet\u00e0 luminescenti dell&#8217;ossido di tungsteno, esiste un valore potenziale nella ricerca e nell&#8217;applicazione di LED e LD. Ottimizzando la struttura del materiale e il processo di preparazione, \u00e8 possibile utilizzare WO\u2082. \u2089 come strato luminescente o materiale ausiliario in LED e LD per migliorare l&#8217;efficienza della luminescenza e la qualit\u00e0 del colore della luce.<\/p>\n<p>Reazione fotocatalitica: l&#8217;ossido di tungsteno ha prestazioni fotocatalitiche potenziali, in base alle sue propriet\u00e0 di assorbimento della luce e alla speciale struttura elettronica, ha un potenziale applicativo nella degradazione fotocatalitica di inquinanti organici, nella decomposizione fotocatalitica dell&#8217;acqua per produrre idrogeno e altre reazioni.<\/p>\n","protected":false},"excerpt":{"rendered":"<p>Fotorivelatore: utilizzando l&#8217;ossido di tungsteno nella banda ottica delle propriet\u00e0 di assorbimento della luce e delle propriet\u00e0 elettriche speciali, pu\u00f2 essere utilizzato per preparare fotorivelatori.<\/p>\n<p>Diodo a emissione di luce (LED) e diodo laser (LD): a causa delle propriet\u00e0 luminescenti dell&#8217;ossido di tungsteno, esiste un valore potenziale nella ricerca e nell&#8217;applicazione di LED e LD. Ottimizzando la struttura del materiale e il processo di preparazione, \u00e8 possibile utilizzare WO\u2082. \u2089 come strato luminescente o materiale ausiliario in LED e LD per migliorare l&#8217;efficienza della luminescenza e la qualit\u00e0 del colore della luce.<\/p>\n","protected":false},"featured_media":1033251,"comment_status":"open","ping_status":"closed","template":"","meta":{"_acf_changed":false},"product_brand":[],"product_cat":[205],"product_tag":[],"class_list":{"0":"post-1025040","1":"product","2":"type-product","3":"status-publish","4":"has-post-thumbnail","6":"product_cat-materiali-ossidi-idrossidi","8":"first","9":"instock","10":"shipping-taxable","11":"product-type-variable"},"acf":[],"_links":{"self":[{"href":"https:\/\/vimaterial.de\/it\/wp-json\/wp\/v2\/product\/1025040","targetHints":{"allow":["GET"]}}],"collection":[{"href":"https:\/\/vimaterial.de\/it\/wp-json\/wp\/v2\/product"}],"about":[{"href":"https:\/\/vimaterial.de\/it\/wp-json\/wp\/v2\/types\/product"}],"replies":[{"embeddable":true,"href":"https:\/\/vimaterial.de\/it\/wp-json\/wp\/v2\/comments?post=1025040"}],"wp:featuredmedia":[{"embeddable":true,"href":"https:\/\/vimaterial.de\/it\/wp-json\/wp\/v2\/media\/1033251"}],"wp:attachment":[{"href":"https:\/\/vimaterial.de\/it\/wp-json\/wp\/v2\/media?parent=1025040"}],"wp:term":[{"taxonomy":"product_brand","embeddable":true,"href":"https:\/\/vimaterial.de\/it\/wp-json\/wp\/v2\/product_brand?post=1025040"},{"taxonomy":"product_cat","embeddable":true,"href":"https:\/\/vimaterial.de\/it\/wp-json\/wp\/v2\/product_cat?post=1025040"},{"taxonomy":"product_tag","embeddable":true,"href":"https:\/\/vimaterial.de\/it\/wp-json\/wp\/v2\/product_tag?post=1025040"}],"curies":[{"name":"wp","href":"https:\/\/api.w.org\/{rel}","templated":true}]}}