{"id":1024973,"date":"2024-06-17T15:53:25","date_gmt":"2024-06-17T07:53:25","guid":{"rendered":"https:\/\/vimaterial.de\/product\/ossido-di-tungsteno\/"},"modified":"2024-10-28T14:59:04","modified_gmt":"2024-10-28T06:59:04","slug":"ossido-di-tungsteno","status":"publish","type":"product","link":"https:\/\/vimaterial.de\/it\/product\/ossido-di-tungsteno\/","title":{"rendered":"Ossido di tungsteno"},"content":{"rendered":"<p>Informazioni di base<\/p>\n<p>Formula chimica: WO\u2083, \u00e8 costituito da tungsteno (W) e ossigeno (O), la valenza del tungsteno \u00e8 + 6.<br \/>\nStruttura cristallina: Strutture ortorombiche, monoclini e tricline, di cui l&#8217;ortorombico \u00e8 il pi\u00f9 tipico.<br \/>\nAspetto: le particelle di WO\u2083 sono solitamente di colore giallo chiaro o verde giallastro.<br \/>\nDensit\u00e0: 7,16 g\/cm\u00b3.<br \/>\nDurezza: circa 5 &#8211; 6 sulla scala di durezza Mohs.<\/p>\n<p>Campi di applicazione<\/p>\n<p>Pellicole e rivestimenti ottici: l&#8217;ossido di tungsteno viene utilizzato nella preparazione di varie pellicole e rivestimenti ottici, come rivestimenti antiriflesso, pellicole per il miglioramento della trasmittanza e filtri.<\/p>\n<p>Transistor e circuiti integrati: il WO\u2083, come materiale semiconduttore, ha potenziali applicazioni nel campo dei transistor e dei circuiti integrati. Per mezzo del drogaggio e della nanostrutturazione, le sue propriet\u00e0 elettriche possono essere migliorate, rendendo possibile l&#8217;utilizzo come strato attivo o materiale canale per nuovi dispositivi elettronici e fornendo un nuovo modo per superare il collo di bottiglia della tecnologia elettronica esistente a base di silicio.<\/p>\n<p>Materiali di conversione fototermica: l&#8217;ossido di tungsteno ha un certo potenziale applicativo nella conversione fototermica. Utilizzando le sue propriet\u00e0 di assorbimento della luce nelle bande del visibile e del vicino infrarosso, pu\u00f2 convertire in modo efficiente l&#8217;energia luminosa come l&#8217;energia solare in energia termica.<\/p>\n<p>Materiali degli elettrodi per batterie agli ioni di litio: nella ricerca sulle batterie agli ioni di litio, l&#8217;ossido di tungsteno ha ricevuto attenzione come materiale per elettrodi. la struttura cristallina di WO\u2083 fornisce un canale per l&#8217;incorporamento e il de-incorporamento degli ioni di litio e la sua elevata capacit\u00e0 specifica teorica offre la possibilit\u00e0 di aumentare la densit\u00e0 di energia della batteria.<\/p>\n","protected":false},"excerpt":{"rendered":"<p>Pellicole e rivestimenti ottici: l&#8217;ossido di tungsteno viene utilizzato nella preparazione di varie pellicole e rivestimenti ottici, come rivestimenti antiriflesso, pellicole per il miglioramento della trasmittanza e filtri.<\/p>\n<p>Transistor e circuiti integrati: l&#8217;ossido di tungsteno, come materiale semiconduttore, ha potenziali applicazioni nel campo dei transistor e dei circuiti integrati. Per mezzo del drogaggio e della nanostrutturazione, le sue propriet\u00e0 elettriche possono essere migliorate, rendendo possibile l&#8217;utilizzo come strato attivo o materiale canale per nuovi dispositivi elettronici e fornendo un nuovo modo per superare il collo di bottiglia della tecnologia elettronica esistente a base di silicio.<\/p>\n","protected":false},"featured_media":1033266,"comment_status":"open","ping_status":"closed","template":"","meta":{"_acf_changed":false},"product_brand":[],"product_cat":[205],"product_tag":[],"class_list":{"0":"post-1024973","1":"product","2":"type-product","3":"status-publish","4":"has-post-thumbnail","6":"product_cat-materiali-ossidi-idrossidi","8":"first","9":"instock","10":"shipping-taxable","11":"purchasable","12":"product-type-variable"},"acf":[],"_links":{"self":[{"href":"https:\/\/vimaterial.de\/it\/wp-json\/wp\/v2\/product\/1024973","targetHints":{"allow":["GET"]}}],"collection":[{"href":"https:\/\/vimaterial.de\/it\/wp-json\/wp\/v2\/product"}],"about":[{"href":"https:\/\/vimaterial.de\/it\/wp-json\/wp\/v2\/types\/product"}],"replies":[{"embeddable":true,"href":"https:\/\/vimaterial.de\/it\/wp-json\/wp\/v2\/comments?post=1024973"}],"wp:featuredmedia":[{"embeddable":true,"href":"https:\/\/vimaterial.de\/it\/wp-json\/wp\/v2\/media\/1033266"}],"wp:attachment":[{"href":"https:\/\/vimaterial.de\/it\/wp-json\/wp\/v2\/media?parent=1024973"}],"wp:term":[{"taxonomy":"product_brand","embeddable":true,"href":"https:\/\/vimaterial.de\/it\/wp-json\/wp\/v2\/product_brand?post=1024973"},{"taxonomy":"product_cat","embeddable":true,"href":"https:\/\/vimaterial.de\/it\/wp-json\/wp\/v2\/product_cat?post=1024973"},{"taxonomy":"product_tag","embeddable":true,"href":"https:\/\/vimaterial.de\/it\/wp-json\/wp\/v2\/product_tag?post=1024973"}],"curies":[{"name":"wp","href":"https:\/\/api.w.org\/{rel}","templated":true}]}}