{"id":1024930,"date":"2024-06-17T15:53:26","date_gmt":"2024-06-17T07:53:26","guid":{"rendered":"https:\/\/vimaterial.de\/product\/ossido-di-tungsteno-ossido-di-rame\/"},"modified":"2024-10-28T13:58:26","modified_gmt":"2024-10-28T05:58:26","slug":"ossido-di-tungsteno-ossido-di-rame","status":"publish","type":"product","link":"https:\/\/vimaterial.de\/it\/product\/ossido-di-tungsteno-ossido-di-rame\/","title":{"rendered":"Ossido di tungsteno &#8211; Ossido di rame"},"content":{"rendered":"<p>Ossido di tungsteno &#8211; Ossido di rame\u00a0\u00e8 un tipo di bersaglio di ossido composito, che ha importanti applicazioni nei campi della scienza dei materiali, dell&#8217;elettronica, dell&#8217;ottica e dei sensori.<\/p>\n<h3>Informazioni di base<\/h3>\n<p>Composizione: Composto da triossido di tungsteno (WO\u2083) e ossido di rame (CuO), \u00e8 un ossido composito binario.<\/p>\n<p>Due strutture cristalline: WO\u2083 ha una variet\u00e0 di strutture cristalline, un sistema cristallino ortorombico comune e una struttura del sistema cristallino monoclino. Il CuO appartiene alla struttura del sistema cristallino monoclino. Nei bersagli compositi WO\u2083 &#8211; CuO, le strutture cristalline dei due ossidi interagiscono tra loro e possono esserci distorsioni reticolari, interazioni interfacciali e altri fenomeni.<br \/>\nAspetto: Generalmente grumi o dischi neri o marrone scuro, il colore dipende principalmente dal contenuto di WO\u2083 e CuO e dal processo di preparazione.<\/p>\n<h3>Campi di applicazione<\/h3>\n<p>Transistor a film sottile (TFT): nella produzione TFT, Ossido di tungsteno &#8211; Ossido di rame pu\u00f2 essere utilizzato come materiale dello strato attivo. Grazie alle sue propriet\u00e0 elettriche uniche, pu\u00f2 ottenere un controllo efficace della corrente, che dovrebbe migliorare le prestazioni del TFT, come la velocit\u00e0 di commutazione, la mobilit\u00e0 e la stabilit\u00e0.<\/p>\n<p>Pellicole conduttive e materiali per elettrodi: \u00e8 possibile preparare pellicole conduttive e materiali per elettrodi. Ossido di tungsteno &#8211; Ossido di rame viene depositato sulla superficie dei componenti elettronici mediante deposizione fisica da vapore per formare uno strato conduttivo, che viene utilizzato per collegare circuiti o come materiale di schermatura elettromagnetica.<\/p>\n<p>Pellicole e rivestimenti ottici: utilizzati nella produzione di pellicole e rivestimenti ottici, come la deposizione di pellicole WO\u2083 &#8211; CuO sulla superficie delle celle solari fotovoltaiche, come rivestimento antiriflesso o strato di miglioramento dell&#8217;assorbimento della luce, per migliorare l&#8217;efficienza di conversione fotoelettrica della batteria.<\/p>\n<p>Applicazioni fotocatalitiche: in base alle sue propriet\u00e0 fotocatalitiche, i target di Ossido di tungsteno &#8211; Ossido di rame possono essere utilizzati per preparare reattori fotocatalitici o rivestimenti fotocatalitici. Nel campo della depurazione ambientale, possono essere utilizzati per degradare gli inquinanti organici presenti nell&#8217;aria, come la formaldeide, il benzene, ecc., o per trattare coloranti organici, metalli pesanti e altri inquinanti nelle acque reflue industriali.<\/p>\n","protected":false},"excerpt":{"rendered":"<p>Ossido di tungsteno &#8211; Ossido di rame\u00a0 \u00e8 un tipo di bersaglio di ossido composito, che ha importanti applicazioni nei campi della scienza dei materiali, dell&#8217;elettronica, dell&#8217;ottica e dei sensori.<\/p>\n<p>Transistor a film sottile (TFT): nella produzione TFT, Ossido di tungsteno &#8211; Ossido di rame pu\u00f2 essere utilizzato come materiale dello strato attivo. Grazie alle sue propriet\u00e0 elettriche uniche, pu\u00f2 ottenere un controllo efficace della corrente, che dovrebbe migliorare le prestazioni del TFT, come la velocit\u00e0 di commutazione, la mobilit\u00e0 e la stabilit\u00e0.<\/p>\n<p>Pellicole conduttive e materiali per elettrodi: \u00e8 possibile preparare pellicole conduttive e materiali per elettrodi. Ossido di tungsteno &#8211; Ossido di rame viene depositato sulla superficie dei componenti elettronici mediante deposizione fisica da vapore per formare uno strato conduttivo, che viene utilizzato per collegare circuiti o come materiale di schermatura elettromagnetica.<\/p>\n","protected":false},"featured_media":1033276,"comment_status":"open","ping_status":"closed","template":"","meta":{"_acf_changed":false},"product_brand":[],"product_cat":[197],"product_tag":[],"class_list":{"0":"post-1024930","1":"product","2":"type-product","3":"status-publish","4":"has-post-thumbnail","6":"product_cat-obiettivi-di-sputtering-planari","8":"first","9":"instock","10":"shipping-taxable","11":"product-type-variable"},"acf":[],"_links":{"self":[{"href":"https:\/\/vimaterial.de\/it\/wp-json\/wp\/v2\/product\/1024930","targetHints":{"allow":["GET"]}}],"collection":[{"href":"https:\/\/vimaterial.de\/it\/wp-json\/wp\/v2\/product"}],"about":[{"href":"https:\/\/vimaterial.de\/it\/wp-json\/wp\/v2\/types\/product"}],"replies":[{"embeddable":true,"href":"https:\/\/vimaterial.de\/it\/wp-json\/wp\/v2\/comments?post=1024930"}],"wp:featuredmedia":[{"embeddable":true,"href":"https:\/\/vimaterial.de\/it\/wp-json\/wp\/v2\/media\/1033276"}],"wp:attachment":[{"href":"https:\/\/vimaterial.de\/it\/wp-json\/wp\/v2\/media?parent=1024930"}],"wp:term":[{"taxonomy":"product_brand","embeddable":true,"href":"https:\/\/vimaterial.de\/it\/wp-json\/wp\/v2\/product_brand?post=1024930"},{"taxonomy":"product_cat","embeddable":true,"href":"https:\/\/vimaterial.de\/it\/wp-json\/wp\/v2\/product_cat?post=1024930"},{"taxonomy":"product_tag","embeddable":true,"href":"https:\/\/vimaterial.de\/it\/wp-json\/wp\/v2\/product_tag?post=1024930"}],"curies":[{"name":"wp","href":"https:\/\/api.w.org\/{rel}","templated":true}]}}