{"id":1024903,"date":"2024-06-17T15:53:27","date_gmt":"2024-06-17T07:53:27","guid":{"rendered":"https:\/\/vimaterial.de\/product\/disolfuro-di-tungsteno-2\/"},"modified":"2024-10-28T13:32:04","modified_gmt":"2024-10-28T05:32:04","slug":"disolfuro-di-tungsteno-2","status":"publish","type":"product","link":"https:\/\/vimaterial.de\/it\/product\/disolfuro-di-tungsteno-2\/","title":{"rendered":"Disolfuro di tungsteno"},"content":{"rendered":"<h3>Informazioni di base<\/h3>\n<p>Formula chimica: WS\u2082, composto da due elementi, tungsteno (W) e zolfo (S), il tungsteno \u00e8 +4 valenza, lo zolfo \u00e8 -2 valenza.<\/p>\n<p>Struttura cristallina: WS\u2082 ha una struttura cristallina stratificata, simile a quella della grafite.<\/p>\n<p>Aspetto e colore: Di solito \u00e8 una polvere nera o grigia.<\/p>\n<p>Densit\u00e0: WS\u2082 ha una densit\u00e0 relativamente moderata di circa 7,5 g\/cm\u00b3.<\/p>\n<p>Durezza: WS\u2082 \u00e8 un materiale relativamente morbido con una bassa durezza Mohs di circa 1 &#8211; 2.<\/p>\n<h3>Aree di applicazione<\/h3>\n<p>Lubrificazione: il disolfuro di tungsteno ha eccellenti propriet\u00e0 lubrificanti grazie alla sua struttura cristallina stratificata, quindi \u00e8 ampiamente utilizzato in una variet\u00e0 di applicazioni che richiedono lubrificazione.<\/p>\n<p>Transistor e circuiti integrati: le propriet\u00e0 semiconduttive del disolfuro di tungsteno e la banda proibita regolabile gli conferiscono un grande potenziale per l&#8217;uso in transistor e circuiti integrati.<\/p>\n<p>Dispositivi optoelettronici: WS\u2082 ha anche molte applicazioni nei dispositivi optoelettronici. Ad esempio, i fotorivelatori basati su WS\u2082 possono sfruttare le sue propriet\u00e0 di assorbimento della luce nella banda di lunghezza d&#8217;onda dell&#8217;infrarosso per ottenere un rilevamento altamente sensibile dei segnali di luce infrarossa.<\/p>\n<p>Materiali per elettrodi per batterie: nel campo dell&#8217;accumulo di energia, come le batterie agli ioni di litio, WS\u2082 sta gradualmente attirando l&#8217;attenzione come materiale per elettrodi. la struttura a strati di WS\u2082 pu\u00f2 fornire buoni canali per l&#8217;incorporamento e il de-incorporamento degli ioni di litio e, allo stesso tempo, la sua elevata capacit\u00e0 specifica teorica offre anche la possibilit\u00e0 di aumentare la densit\u00e0 di energia della batteria.<\/p>\n","protected":false},"excerpt":{"rendered":"<p>Il disolfuro di tungsteno \u00e8 un composto inorganico con formula molecolare WS2 e peso molecolare di 247,97. \u00c8 un cristallo grigio fine o polvere con lucentezza metallica, appartiene al sistema cristallino esagonale e ha propriet\u00e0 semiconduttive e antimagnetiche. Il minerale naturale \u00e8 la scheelite. Struttura stratificata, facile da dissociare, con propriet\u00e0 lubrificanti simili alla grafite.<\/p>\n","protected":false},"featured_media":1033286,"comment_status":"open","ping_status":"closed","template":"","meta":{"_acf_changed":false},"product_brand":[],"product_cat":[200],"product_tag":[],"class_list":{"0":"post-1024903","1":"product","2":"type-product","3":"status-publish","4":"has-post-thumbnail","6":"product_cat-materiali-calcogenidici","8":"first","9":"instock","10":"shipping-taxable","11":"purchasable","12":"product-type-variable"},"acf":[],"_links":{"self":[{"href":"https:\/\/vimaterial.de\/it\/wp-json\/wp\/v2\/product\/1024903","targetHints":{"allow":["GET"]}}],"collection":[{"href":"https:\/\/vimaterial.de\/it\/wp-json\/wp\/v2\/product"}],"about":[{"href":"https:\/\/vimaterial.de\/it\/wp-json\/wp\/v2\/types\/product"}],"replies":[{"embeddable":true,"href":"https:\/\/vimaterial.de\/it\/wp-json\/wp\/v2\/comments?post=1024903"}],"wp:featuredmedia":[{"embeddable":true,"href":"https:\/\/vimaterial.de\/it\/wp-json\/wp\/v2\/media\/1033286"}],"wp:attachment":[{"href":"https:\/\/vimaterial.de\/it\/wp-json\/wp\/v2\/media?parent=1024903"}],"wp:term":[{"taxonomy":"product_brand","embeddable":true,"href":"https:\/\/vimaterial.de\/it\/wp-json\/wp\/v2\/product_brand?post=1024903"},{"taxonomy":"product_cat","embeddable":true,"href":"https:\/\/vimaterial.de\/it\/wp-json\/wp\/v2\/product_cat?post=1024903"},{"taxonomy":"product_tag","embeddable":true,"href":"https:\/\/vimaterial.de\/it\/wp-json\/wp\/v2\/product_tag?post=1024903"}],"curies":[{"name":"wp","href":"https:\/\/api.w.org\/{rel}","templated":true}]}}