{"id":1024896,"date":"2024-06-17T15:53:27","date_gmt":"2024-06-17T07:53:27","guid":{"rendered":"https:\/\/vimaterial.de\/product\/lega-di-tungsteno-e-renio\/"},"modified":"2024-10-28T11:36:41","modified_gmt":"2024-10-28T03:36:41","slug":"lega-di-tungsteno-e-renio","status":"publish","type":"product","link":"https:\/\/vimaterial.de\/it\/product\/lega-di-tungsteno-e-renio\/","title":{"rendered":"Lega di renio di tungsteno"},"content":{"rendered":"<p>L&#8217;obiettivo della Lega di renio di tungsteno \u00e8 un materiale con importanti applicazioni in molti campi high-tech.<\/p>\n<h3>Informazioni di base<\/h3>\n<p>Componenti principali: i bersagli WRe sono composti da due elementi: tungsteno (W) e renio (Re).<\/p>\n<p>Dimensioni: I target WRe sono dimensionati in base alle esigenze specifiche dell&#8217;applicazione e dell&#8217;attrezzatura utilizzata.<\/p>\n<p>Forma: Generalmente a forma di disco, questa forma \u00e8 adatta per l&#8217;uso in apparecchiature di sputtering ed \u00e8 facile da montare e ruotare per una deposizione uniforme del materiale.<\/p>\n<p>Densit\u00e0: l&#8217;alta densit\u00e0 dei bersagli WRe \u00e8 dovuta alle propriet\u00e0 intrinseche di alta densit\u00e0 del tungsteno e del renio. Ad esempio, il tungsteno ha una densit\u00e0 di circa 19,3 g\/cm\u00b3 e il renio ha una densit\u00e0 di circa 21,02 g\/cm\u00b3.<\/p>\n<h3>Aree di applicazione<\/h3>\n<p>Deposizione di film sottile: i bersagli in lega di renio di tungsteno sono ampiamente utilizzati per la deposizione di film sottili nell&#8217;elettronica e nella produzione di semiconduttori. Il WRe viene depositato sulla superficie di chip semiconduttori, circuiti stampati o componenti elettronici mediante tecniche di deposizione fisica da vapore come lo sputtering o l&#8217;evaporazione a fascio di elettroni, e i film WRe possono essere utilizzati come strati conduttivi, barriera alla diffusione o di contatto.<\/p>\n<p>Elettronica ad alta temperatura: a causa del loro alto punto di fusione e stabilit\u00e0 termica, i bersagli in lega di renio di tungsteno possono essere utilizzati per realizzare componenti elettronici ad alta temperatura. In alcune apparecchiature elettroniche che devono funzionare in un ambiente ad alta temperatura, come l&#8217;aerospaziale, il militare e altri campi dei componenti elettronici, i materiali WRe possono garantire il normale funzionamento dei componenti ad alte temperature, migliorare le prestazioni e l&#8217;affidabilit\u00e0 dell&#8217;apparecchiatura.<\/p>\n<p>Rivestimento resistente all&#8217;usura: i bersagli WRe possono essere utilizzati per depositare rivestimenti resistenti all&#8217;usura sulla superficie dei materiali. Depositando i rivestimenti WRe sulle superfici di utensili da taglio, stampi e altre parti meccaniche, \u00e8 possibile migliorare la resistenza all&#8217;usura delle parti e prolungarne la durata.<\/p>\n","protected":false},"excerpt":{"rendered":"<p>Il bersaglio della lega di renio di tungsteno (bersaglio del renio di tungsteno) \u00e8 un materiale con importanti applicazioni in molti campi high-tech.<\/p>\n<p>Deposizione di film sottile: i bersagli in lega di renio di tungsteno sono ampiamente utilizzati per la deposizione di film sottili nell&#8217;elettronica e nella produzione di semiconduttori. Il WRe viene depositato sulla superficie di chip semiconduttori, circuiti stampati o componenti elettronici mediante tecniche di deposizione fisica da vapore come lo sputtering o l&#8217;evaporazione a fascio di elettroni, e i film WRe possono essere utilizzati come strati conduttivi, barriera alla diffusione o di contatto.<\/p>\n","protected":false},"featured_media":1033281,"comment_status":"open","ping_status":"closed","template":"","meta":{"_acf_changed":false},"product_brand":[],"product_cat":[197],"product_tag":[],"class_list":{"0":"post-1024896","1":"product","2":"type-product","3":"status-publish","4":"has-post-thumbnail","6":"product_cat-obiettivi-di-sputtering-planari","8":"first","9":"instock","10":"shipping-taxable","11":"purchasable","12":"product-type-variable"},"acf":[],"_links":{"self":[{"href":"https:\/\/vimaterial.de\/it\/wp-json\/wp\/v2\/product\/1024896","targetHints":{"allow":["GET"]}}],"collection":[{"href":"https:\/\/vimaterial.de\/it\/wp-json\/wp\/v2\/product"}],"about":[{"href":"https:\/\/vimaterial.de\/it\/wp-json\/wp\/v2\/types\/product"}],"replies":[{"embeddable":true,"href":"https:\/\/vimaterial.de\/it\/wp-json\/wp\/v2\/comments?post=1024896"}],"wp:featuredmedia":[{"embeddable":true,"href":"https:\/\/vimaterial.de\/it\/wp-json\/wp\/v2\/media\/1033281"}],"wp:attachment":[{"href":"https:\/\/vimaterial.de\/it\/wp-json\/wp\/v2\/media?parent=1024896"}],"wp:term":[{"taxonomy":"product_brand","embeddable":true,"href":"https:\/\/vimaterial.de\/it\/wp-json\/wp\/v2\/product_brand?post=1024896"},{"taxonomy":"product_cat","embeddable":true,"href":"https:\/\/vimaterial.de\/it\/wp-json\/wp\/v2\/product_cat?post=1024896"},{"taxonomy":"product_tag","embeddable":true,"href":"https:\/\/vimaterial.de\/it\/wp-json\/wp\/v2\/product_tag?post=1024896"}],"curies":[{"name":"wp","href":"https:\/\/api.w.org\/{rel}","templated":true}]}}