{"id":1024846,"date":"2024-06-17T15:53:28","date_gmt":"2024-06-17T07:53:28","guid":{"rendered":"https:\/\/vimaterial.de\/product\/seleniuro-di-tungsteno\/"},"modified":"2024-10-12T14:45:29","modified_gmt":"2024-10-12T06:45:29","slug":"seleniuro-di-tungsteno","status":"publish","type":"product","link":"https:\/\/vimaterial.de\/it\/product\/seleniuro-di-tungsteno\/","title":{"rendered":"Seleniuro di tungsteno"},"content":{"rendered":"<p>Il bersaglio del diseleniuro di tungsteno (WSe\u2082) \u00e8 un importante materiale di rivestimento.<\/p>\n<p>&nbsp;<\/p>\n<p>Informazioni di base:<\/p>\n<p>&nbsp;<\/p>\n<p>Formula chimica: WSe\u2082, composto da due elementi, tungsteno (W) e selenio (Se).<\/p>\n<p>Numero di accesso CAS: 12067-46-8.<\/p>\n<p>Aspetto: Di solito appare solido cristallino grigio-blu.<\/p>\n<p>Densit\u00e0: La densit\u00e0 teorica \u00e8 di circa 9,32 g\/cm\u00b3.<\/p>\n<p>Punto di fusione: informazioni come il punto di fusione del materiale non sono menzionate esplicitamente in alcuni dati, ma generalmente hanno un&#8217;elevata stabilit\u00e0 termica.<\/p>\n<p>Solubilit\u00e0: Insolubile in acqua e nella maggior parte dei solventi organici.<\/p>\n<p>Propriet\u00e0 chimiche: Buona stabilit\u00e0 chimica in aria e acqua.<\/p>\n<p>&nbsp;<\/p>\n<p>Metodo di preparazione:<\/p>\n<p>&nbsp;<\/p>\n<p>Deposizione chimica da vapore (CVD): facendo reagire il gas precursore contenente tungsteno e selenio ad alta temperatura, viene depositato sul substrato per formare un film di seleniuro di tungsteno, quindi il film viene rimosso dal substrato per ottenere il materiale bersaglio del seleniuro di tungsteno.<\/p>\n<p>&nbsp;<\/p>\n<p>Metodo di sinterizzazione per pressatura a caldo: la polvere di tungsteno e la polvere di selenio vengono miscelate in una certa proporzione, sinterizzate ad alta temperatura e alta pressione per ottenere il materiale target WSe\u2082.<\/p>\n<p>&nbsp;<\/p>\n<p>Campo di applicazione:<\/p>\n<p>&nbsp;<\/p>\n<p>Campo dei semiconduttori: il seleniuro di tungsteno \u00e8 un materiale semiconduttore con una banda proibita di circa 1,5 eV, che ha potenziali applicazioni nella produzione di dispositivi a semiconduttore, come transistor ad effetto di campo (FET), fotorivelatori, ecc.<\/p>\n<p>&nbsp;<\/p>\n<p>Campo ottico: grazie alla sua speciale struttura elettronica e alle propriet\u00e0 ottiche, pu\u00f2 essere utilizzato in dispositivi ottici come rivestimenti ottici e laser, che possono migliorare le prestazioni dei dispositivi ottici.<\/p>\n<p>&nbsp;<\/p>\n<p>Campo della batteria: pu\u00f2 essere utilizzato come materiale per elettrodi per batterie al litio-zolfo, ecc., per migliorare la stabilit\u00e0 del ciclo e le prestazioni di velocit\u00e0 della batteria.<\/p>\n<p>&nbsp;<\/p>\n<p>Campo di rivestimento: come obiettivo dello sputtering del magnetron, dell&#8217;evaporazione a fascio di elettroni e di altre tecnologie di rivestimento, viene utilizzato per depositare film WSe\u2082 su vari substrati per preparare film funzionali con propriet\u00e0 speciali, come strati di assorbimento per celle solari, strati sensibili per sensori, ecc.<\/p>\n","protected":false},"excerpt":{"rendered":"<p>Il bersaglio del diseleniuro di tungsteno (WSe\u2082) \u00e8 un importante materiale di rivestimento.<\/p>\n<p>Campo dei semiconduttori: il seleniuro di tungsteno \u00e8 un materiale semiconduttore con una banda proibita di circa 1,5 eV, che ha potenziali applicazioni nella produzione di dispositivi a semiconduttore, come transistor ad effetto di campo (FET), fotorivelatori, ecc.<\/p>\n<p>Campo ottico: grazie alla sua speciale struttura elettronica e alle propriet\u00e0 ottiche, pu\u00f2 essere utilizzato in dispositivi ottici come rivestimenti ottici e laser, che possono migliorare le prestazioni dei dispositivi ottici.<\/p>\n<p>&nbsp;<\/p>\n","protected":false},"featured_media":1033301,"comment_status":"open","ping_status":"closed","template":"","meta":{"_acf_changed":false},"product_brand":[],"product_cat":[197],"product_tag":[],"class_list":{"0":"post-1024846","1":"product","2":"type-product","3":"status-publish","4":"has-post-thumbnail","6":"product_cat-obiettivi-di-sputtering-planari","8":"first","9":"instock","10":"shipping-taxable","11":"product-type-variable"},"acf":[],"_links":{"self":[{"href":"https:\/\/vimaterial.de\/it\/wp-json\/wp\/v2\/product\/1024846","targetHints":{"allow":["GET"]}}],"collection":[{"href":"https:\/\/vimaterial.de\/it\/wp-json\/wp\/v2\/product"}],"about":[{"href":"https:\/\/vimaterial.de\/it\/wp-json\/wp\/v2\/types\/product"}],"replies":[{"embeddable":true,"href":"https:\/\/vimaterial.de\/it\/wp-json\/wp\/v2\/comments?post=1024846"}],"wp:featuredmedia":[{"embeddable":true,"href":"https:\/\/vimaterial.de\/it\/wp-json\/wp\/v2\/media\/1033301"}],"wp:attachment":[{"href":"https:\/\/vimaterial.de\/it\/wp-json\/wp\/v2\/media?parent=1024846"}],"wp:term":[{"taxonomy":"product_brand","embeddable":true,"href":"https:\/\/vimaterial.de\/it\/wp-json\/wp\/v2\/product_brand?post=1024846"},{"taxonomy":"product_cat","embeddable":true,"href":"https:\/\/vimaterial.de\/it\/wp-json\/wp\/v2\/product_cat?post=1024846"},{"taxonomy":"product_tag","embeddable":true,"href":"https:\/\/vimaterial.de\/it\/wp-json\/wp\/v2\/product_tag?post=1024846"}],"curies":[{"name":"wp","href":"https:\/\/api.w.org\/{rel}","templated":true}]}}