{"id":1024802,"date":"2024-06-17T15:53:29","date_gmt":"2024-06-17T07:53:29","guid":{"rendered":"https:\/\/vimaterial.de\/product\/tellururo-di-tungsteno-2\/"},"modified":"2024-10-12T10:11:43","modified_gmt":"2024-10-12T02:11:43","slug":"tellururo-di-tungsteno-2","status":"publish","type":"product","link":"https:\/\/vimaterial.de\/it\/product\/tellururo-di-tungsteno-2\/","title":{"rendered":"Tellururo di tungsteno"},"content":{"rendered":"<p>La polvere di tellururo di tungsteno \u00e8 una polvere composta da due elementi, tungsteno (W) e tellurio (Te).<\/p>\n<p>&nbsp;<\/p>\n<p>Propriet\u00e0 di base:<\/p>\n<p>&nbsp;<\/p>\n<p>Formula chimica: WTe\u2082. Peso molecolare: 439,04. Aspetto: polvere grigio-nera a temperatura e pressione normali. Densit\u00e0: Relativamente alta, circa 9,43 g\/cm\u00b3. Punto di fusione: alto, circa 1127\u00b0C. Struttura cristallina: struttura stratificata. Nella sua cella ortogonale, la catena di tungsteno \u00e8 unidimensionale lungo l&#8217;asse A dello strato di tellurio. Questa struttura speciale conferisce alla polvere di tellururo di tungsteno propriet\u00e0 fisiche e chimiche uniche in determinate direzioni.<\/p>\n<p>&nbsp;<\/p>\n<p>Propriet\u00e0 fisiche:<\/p>\n<p>&nbsp;<\/p>\n<p>Conducibilit\u00e0 elettrica: \u00e8 un materiale semimetallico non magnetico con una buona conduttivit\u00e0 elettrica.<\/p>\n<p>&nbsp;<\/p>\n<p>Caratteristiche di magnetoresistenza: Ha una magnetoresistenza molto grande e le sue caratteristiche di magnetoresistenza sono davvero uniche a bassa temperatura e ad alta intensit\u00e0 del campo magnetico.<\/p>\n<p>&nbsp;<\/p>\n<p>Metodi di preparazione: i metodi di preparazione comuni includono la metallurgia delle polveri, la fusione sotto vuoto, la deposizione chimica da vapore, ecc.<\/p>\n<p>&nbsp;<\/p>\n<p>Il metodo della metallurgia delle polveri consiste nel mescolare la polvere di tungsteno e la polvere di tellurio secondo una certa proporzione, attraverso la pressatura, la sinterizzazione e altri processi per preparare;<\/p>\n<p>&nbsp;<\/p>\n<p>Il metodo di fusione sotto vuoto consiste nel riscaldare il tungsteno e il tellurio ad alta temperatura in un ambiente sottovuoto per fondere e quindi raffreddare e solidificare;<\/p>\n<p>&nbsp;<\/p>\n<p>Il metodo di deposizione chimica da vapore \u00e8 l&#8217;uso di reazioni chimiche per depositare la polvere di tellururo di tungsteno sul substrato.<\/p>\n<p>&nbsp;<\/p>\n<p>Campo di applicazione:<\/p>\n<p>&nbsp;<\/p>\n<p>Campo dei semiconduttori: pu\u00f2 essere utilizzato per preparare dispositivi a semiconduttore, come i transistor. La sua speciale struttura elettronica e le sue propriet\u00e0 elettriche gli conferiscono un potenziale valore applicativo nell&#8217;elettronica dei semiconduttori.<\/p>\n<p>&nbsp;<\/p>\n<p>Il campo della tecnologia quantistica: \u00e8 di grande importanza per lo sviluppo della tecnologia quantistica, ad esempio, pu\u00f2 avere prospettive di applicazione nell&#8217;informatica quantistica, nella comunicazione quantistica, ecc.<\/p>\n<p>&nbsp;<\/p>\n<p>Campo di accumulo di energia: pu\u00f2 essere utilizzato come materiale per elettrodi in dispositivi di accumulo di energia come supercondensatori e batterie e la sua buona conduttivit\u00e0 elettrica e le propriet\u00e0 fisiche uniche possono essere utilizzate per migliorare le prestazioni dei dispositivi di accumulo di energia.<\/p>\n<p>&nbsp;<\/p>\n<p>Campo sensore: Grazie alla sua sensibilit\u00e0 ai campi magnetici, pu\u00f2 essere utilizzato per preparare sensori magnetici e altri dispositivi.<\/p>\n","protected":false},"excerpt":{"rendered":"<p>La polvere di tellururo di tungsteno \u00e8 una polvere composta da due elementi, tungsteno (W) e tellurio (Te). Campo dei semiconduttori: pu\u00f2 essere utilizzato per preparare dispositivi a semiconduttore, come i transistor. La sua speciale struttura elettronica e le sue propriet\u00e0 elettriche gli conferiscono un potenziale valore applicativo nell&#8217;elettronica dei semiconduttori. Il campo della tecnologia quantistica: \u00e8 di grande importanza per lo sviluppo della tecnologia quantistica, ad esempio, pu\u00f2 avere prospettive di applicazione nell&#8217;informatica quantistica, nella comunicazione quantistica, ecc.<\/p>\n","protected":false},"featured_media":1033321,"comment_status":"open","ping_status":"closed","template":"","meta":{"_acf_changed":false},"product_brand":[],"product_cat":[200],"product_tag":[],"class_list":{"0":"post-1024802","1":"product","2":"type-product","3":"status-publish","4":"has-post-thumbnail","6":"product_cat-materiali-calcogenidici","8":"first","9":"instock","10":"shipping-taxable","11":"purchasable","12":"product-type-variable"},"acf":[],"_links":{"self":[{"href":"https:\/\/vimaterial.de\/it\/wp-json\/wp\/v2\/product\/1024802","targetHints":{"allow":["GET"]}}],"collection":[{"href":"https:\/\/vimaterial.de\/it\/wp-json\/wp\/v2\/product"}],"about":[{"href":"https:\/\/vimaterial.de\/it\/wp-json\/wp\/v2\/types\/product"}],"replies":[{"embeddable":true,"href":"https:\/\/vimaterial.de\/it\/wp-json\/wp\/v2\/comments?post=1024802"}],"wp:featuredmedia":[{"embeddable":true,"href":"https:\/\/vimaterial.de\/it\/wp-json\/wp\/v2\/media\/1033321"}],"wp:attachment":[{"href":"https:\/\/vimaterial.de\/it\/wp-json\/wp\/v2\/media?parent=1024802"}],"wp:term":[{"taxonomy":"product_brand","embeddable":true,"href":"https:\/\/vimaterial.de\/it\/wp-json\/wp\/v2\/product_brand?post=1024802"},{"taxonomy":"product_cat","embeddable":true,"href":"https:\/\/vimaterial.de\/it\/wp-json\/wp\/v2\/product_cat?post=1024802"},{"taxonomy":"product_tag","embeddable":true,"href":"https:\/\/vimaterial.de\/it\/wp-json\/wp\/v2\/product_tag?post=1024802"}],"curies":[{"name":"wp","href":"https:\/\/api.w.org\/{rel}","templated":true}]}}