{"id":1024483,"date":"2024-06-17T15:53:32","date_gmt":"2024-06-17T07:53:32","guid":{"rendered":"https:\/\/vimaterial.de\/product\/osmio-metallico-2\/"},"modified":"2024-10-28T11:21:13","modified_gmt":"2024-10-28T03:21:13","slug":"osmio-metallico-2","status":"publish","type":"product","link":"https:\/\/vimaterial.de\/it\/product\/osmio-metallico-2\/","title":{"rendered":"Metallo di osmio"},"content":{"rendered":"<p>Le particelle Metallo di osmio sono un materiale con propriet\u00e0 uniche e un&#8217;ampia gamma di applicazioni.<\/p>\n<h3>Informazioni di base:<\/h3>\n<p>Numero atomico: 76.<\/p>\n<p>Simbolo: Os.<\/p>\n<p>Colore e lucentezza: le particelle di osmio di solito appaiono grigio bluastre o grigio argenteo con una lucentezza metallica.<\/p>\n<p>Morfologia delle particelle: le particelle di osmio possono assumere la forma di polvere irregolare o possono essere trasformate in forme sferiche, traballanti o altre forme regolari mediante specifiche tecniche di lavorazione.<\/p>\n<p>Densit\u00e0: L&#8217;osmio \u00e8 il metallo pi\u00f9 denso conosciuto sulla terra, con una densit\u00e0 di circa 22,59 g\/cm\u00b3.<\/p>\n<p>Durezza: L&#8217;osmio ha un&#8217;elevata durezza, tra le pi\u00f9 alte del gruppo dei metalli del platino.<\/p>\n<p>Punto di fusione: 3033\u00b0C.<\/p>\n<p>Punto di ebollizione: 5012\u00b0C.<\/p>\n<p>Coefficiente di dilatazione termica: Il coefficiente di dilatazione termica dell&#8217;osmio \u00e8 relativamente piccolo, circa 5,1\u00d710-\u2076\/K.<\/p>\n<h3>Campi di applicazione<\/h3>\n<p>Catalisi di sintesi organica: le particelle Metallo di osmio svolgono un ruolo importante come catalizzatori efficienti nelle reazioni di sintesi organica.<\/p>\n<p>Catalisi industriale: nella produzione industriale, le particelle di osmio possono essere utilizzate per catalizzare una serie di importanti reazioni chimiche, come le reazioni di idrogenazione e raffinazione petrolchimica e le reazioni di sintesi dell&#8217;ammoniaca.<\/p>\n<p>Produzione di componenti elettronici: le particelle Metallo di osmio hanno una buona conduttivit\u00e0 elettrica e stabilit\u00e0 termica, possono essere utilizzate nella produzione di componenti elettronici, come resistori, condensatori e cos\u00ec via.<\/p>\n<p>Materiali elettrici: In alcuni materiali elettrici speciali, come l&#8217;elemento riscaldante dei forni ad alta temperatura e il materiale degli elettrodi dei generatori termoelettrici, l&#8217;alto punto di fusione e le propriet\u00e0 termoelettriche delle particelle di osmio li rendono una scelta di materiale ideale.<\/p>\n<p>Materiali resistenti all&#8217;usura: l&#8217;elevata durezza e la buona resistenza all&#8217;usura delle particelle di osmio li rendono adatti alla produzione di materiali resistenti all&#8217;usura. L&#8217;aggiunta di particelle di osmio a una matrice metallica o ceramica pu\u00f2 migliorare la resistenza all&#8217;usura del materiale della matrice, che viene utilizzato per realizzare utensili da taglio, cuscinetti, stampi e altre parti meccaniche.<\/p>\n","protected":false},"excerpt":{"rendered":"<p>Le particelle Metallo di osmio sono un materiale con propriet\u00e0 uniche e un&#8217;ampia gamma di applicazioni.<\/p>\n<p>Catalisi di sintesi organica: le particelle Metallo di osmio svolgono un ruolo importante come catalizzatori efficienti nelle reazioni di sintesi organica.<\/p>\n<p>Catalisi industriale: nella produzione industriale, le particelle di osmio possono essere utilizzate per catalizzare una serie di importanti reazioni chimiche, come le reazioni di idrogenazione e raffinazione petrolchimica e le reazioni di sintesi dell&#8217;ammoniaca.<\/p>\n","protected":false},"featured_media":1033371,"comment_status":"open","ping_status":"closed","template":"","meta":{"_acf_changed":false},"product_brand":[],"product_cat":[198],"product_tag":[],"class_list":{"0":"post-1024483","1":"product","2":"type-product","3":"status-publish","4":"has-post-thumbnail","6":"product_cat-materiali-per-levaporazione","8":"first","9":"instock","10":"shipping-taxable","11":"product-type-variable"},"acf":[],"_links":{"self":[{"href":"https:\/\/vimaterial.de\/it\/wp-json\/wp\/v2\/product\/1024483","targetHints":{"allow":["GET"]}}],"collection":[{"href":"https:\/\/vimaterial.de\/it\/wp-json\/wp\/v2\/product"}],"about":[{"href":"https:\/\/vimaterial.de\/it\/wp-json\/wp\/v2\/types\/product"}],"replies":[{"embeddable":true,"href":"https:\/\/vimaterial.de\/it\/wp-json\/wp\/v2\/comments?post=1024483"}],"wp:featuredmedia":[{"embeddable":true,"href":"https:\/\/vimaterial.de\/it\/wp-json\/wp\/v2\/media\/1033371"}],"wp:attachment":[{"href":"https:\/\/vimaterial.de\/it\/wp-json\/wp\/v2\/media?parent=1024483"}],"wp:term":[{"taxonomy":"product_brand","embeddable":true,"href":"https:\/\/vimaterial.de\/it\/wp-json\/wp\/v2\/product_brand?post=1024483"},{"taxonomy":"product_cat","embeddable":true,"href":"https:\/\/vimaterial.de\/it\/wp-json\/wp\/v2\/product_cat?post=1024483"},{"taxonomy":"product_tag","embeddable":true,"href":"https:\/\/vimaterial.de\/it\/wp-json\/wp\/v2\/product_tag?post=1024483"}],"curies":[{"name":"wp","href":"https:\/\/api.w.org\/{rel}","templated":true}]}}