{"id":1024168,"date":"2024-06-17T15:44:08","date_gmt":"2024-06-17T07:44:08","guid":{"rendered":"https:\/\/vimaterial.de\/product\/ferrite-di-bario-2\/"},"modified":"2024-10-30T09:20:46","modified_gmt":"2024-10-30T01:20:46","slug":"ferrite-di-bario-2","status":"publish","type":"product","link":"https:\/\/vimaterial.de\/it\/product\/ferrite-di-bario-2\/","title":{"rendered":"Ferrite di bario"},"content":{"rendered":"<p>La polvere di BaFe\u2081\u2082O\u2081\u2089 \u00e8 un importante materiale magnetico.<\/p>\n<h3>Informazioni di base:<\/h3>\n<p>Formula chimica: BaFe\u2081\u2082O\u2081\u2089, composto da tre elementi: bario (Ba), ferro (Fe) e ossigeno (O).<\/p>\n<p>Massa molare: 1111,448 g\/mol.<\/p>\n<p>Aspetto: polvere solitamente nera o marrone scuro.<\/p>\n<p>Densit\u00e0: circa 5,28 g\/cm\u00b3.<\/p>\n<p>Punto di fusione: 1316 \u00b0C.<\/p>\n<p>Solubilit\u00e0: insolubile in acqua, solubile in acido cloridrico caldo.<\/p>\n<p>Struttura cristallina: BaFe\u2081\u2082O\u2081\u2089 appartiene alla struttura di magnetite di tipo M con simmetria esagonale e appartiene al sistema cristallino esagonale.<\/p>\n<h3>Aree di applicazione:<\/h3>\n<p>Supporti di registrazione magnetici: la ferrite di bario pu\u00f2 essere utilizzata nella produzione di nastri magnetici e di dispositivi di registrazione magnetici come le unit\u00e0 disco rigido, che sono in grado di registrare e memorizzare informazioni in modo stabile sfruttando la loro elevata coercitivit\u00e0 e l&#8217;elevata anisotropia magnetocristallina.<\/p>\n<p>Materiali magnetici permanenti: ferrite di bario Utilizzato nella produzione di pellicole magnetiche, magneti isotropi, magneti permanenti per generatori, ecc., Che sono ampiamente utilizzati nei motori a magneti permanenti.<\/p>\n<p>Apparecchiature di comunicazione: pu\u00f2 essere utilizzato come materiale del nucleo magnetico per apparecchiature di comunicazione radio, come antenne, filtri, ecc., per migliorare le prestazioni delle apparecchiature di comunicazione.<\/p>\n<p>Dispositivi a microonde: grazie alle sue speciali propriet\u00e0 magnetiche e dielettriche, pu\u00f2 essere utilizzato per produrre dispositivi a microonde, come filtri a microonde, assorbitori a microonde e cos\u00ec via.<\/p>\n","protected":false},"excerpt":{"rendered":"<p>La polvere di BaFe\u2081\u2082O\u2081\u2089 \u00e8 un importante materiale magnetico.<\/p>\n<p>Supporti di registrazione magnetici: la ferrite di bario pu\u00f2 essere utilizzata nella produzione di nastri magnetici e di dispositivi di registrazione magnetici come le unit\u00e0 disco rigido, che sono in grado di registrare e memorizzare informazioni in modo stabile sfruttando la loro elevata coercitivit\u00e0 e l&#8217;elevata anisotropia magnetocristallina.<\/p>\n<p>Materiali magnetici permanenti: ferrite di bario Utilizzato nella produzione di pellicole magnetiche, magneti isotropi, magneti permanenti per generatori, ecc., Che sono ampiamente utilizzati nei motori a magneti permanenti.<\/p>\n","protected":false},"featured_media":1032806,"comment_status":"open","ping_status":"closed","template":"","meta":{"_acf_changed":false},"product_brand":[],"product_cat":[206],"product_tag":[],"class_list":{"0":"post-1024168","1":"product","2":"type-product","3":"status-publish","4":"has-post-thumbnail","6":"product_cat-altri-materiali","8":"first","9":"instock","10":"shipping-taxable","11":"product-type-variable"},"acf":[],"_links":{"self":[{"href":"https:\/\/vimaterial.de\/it\/wp-json\/wp\/v2\/product\/1024168","targetHints":{"allow":["GET"]}}],"collection":[{"href":"https:\/\/vimaterial.de\/it\/wp-json\/wp\/v2\/product"}],"about":[{"href":"https:\/\/vimaterial.de\/it\/wp-json\/wp\/v2\/types\/product"}],"replies":[{"embeddable":true,"href":"https:\/\/vimaterial.de\/it\/wp-json\/wp\/v2\/comments?post=1024168"}],"wp:featuredmedia":[{"embeddable":true,"href":"https:\/\/vimaterial.de\/it\/wp-json\/wp\/v2\/media\/1032806"}],"wp:attachment":[{"href":"https:\/\/vimaterial.de\/it\/wp-json\/wp\/v2\/media?parent=1024168"}],"wp:term":[{"taxonomy":"product_brand","embeddable":true,"href":"https:\/\/vimaterial.de\/it\/wp-json\/wp\/v2\/product_brand?post=1024168"},{"taxonomy":"product_cat","embeddable":true,"href":"https:\/\/vimaterial.de\/it\/wp-json\/wp\/v2\/product_cat?post=1024168"},{"taxonomy":"product_tag","embeddable":true,"href":"https:\/\/vimaterial.de\/it\/wp-json\/wp\/v2\/product_tag?post=1024168"}],"curies":[{"name":"wp","href":"https:\/\/api.w.org\/{rel}","templated":true}]}}