{"id":1024111,"date":"2024-06-17T15:44:09","date_gmt":"2024-06-17T07:44:09","guid":{"rendered":"https:\/\/vimaterial.de\/product\/ossido-di-bario\/"},"modified":"2024-10-29T16:51:21","modified_gmt":"2024-10-29T08:51:21","slug":"ossido-di-bario","status":"publish","type":"product","link":"https:\/\/vimaterial.de\/it\/product\/ossido-di-bario\/","title":{"rendered":"Ossido di bario"},"content":{"rendered":"<p>Il bersaglio dell&#8217;ossido di bario \u00e8 un importante bersaglio ceramico.<\/p>\n<h3>Informazioni di base:<\/h3>\n<p>Formula chimica: BaO, composto da due elementi: bario (Ba) e ossigeno (O).<\/p>\n<p>N. CAS: 1304-28-5.<\/p>\n<p>Numero atomico: Il numero atomico del bario \u00e8 56 e si trova nel gruppo II.A del sesto periodo della tavola periodica.<\/p>\n<p>Aspetto: solitamente solido cristallino bianco, con una certa lucentezza.<\/p>\n<p>Punto di fusione: 1923\u00b0C, appartiene alle sostanze ad alto punto di fusione.<\/p>\n<p>Propriet\u00e0 chimiche: L&#8217;ossido di bario ha determinate propriet\u00e0 ossidanti e pu\u00f2 reagire con alcuni agenti riducenti nelle reazioni chimiche.<\/p>\n<h3>Campi di applicazione<\/h3>\n<p>Campo elettronico: nella produzione di semiconduttori, i target BaO possono essere utilizzati per preparare film con un&#8217;elevata costante dielettrica, come quelli utilizzati nei condensatori, nei transistor ad effetto di campo e in altri componenti elettronici per migliorarne il valore di capacit\u00e0 e le prestazioni.<\/p>\n<p>Campo ottico: poich\u00e9 l&#8217;ossido di bario ha un alto indice di rifrazione e buone propriet\u00e0 ottiche, i bersagli BaO possono essere utilizzati per la preparazione di pellicole ottiche, come pellicole di miglioramento della trasmittanza, pellicole riflettenti, ecc., utilizzate per migliorare le prestazioni dei dispositivi ottici.<\/p>\n<p>Campo dei materiali superconduttori: nella ricerca e preparazione di alcuni materiali superconduttori, i bersagli BaO possono essere utilizzati come una delle materie prime, attraverso lo sputtering o la reazione con composti di altri elementi insieme, per preparare film o materiali con propriet\u00e0 superconduttive.<\/p>\n","protected":false},"excerpt":{"rendered":"<p>Il bersaglio dell&#8217;ossido di bario \u00e8 un importante bersaglio ceramico.<\/p>\n<p>Campo elettronico: nella produzione di semiconduttori, i target di ossido di bario possono essere utilizzati per preparare film con un&#8217;elevata costante dielettrica, come quelli utilizzati in condensatori, transistor ad effetto di campo e altri componenti elettronici per migliorare il loro valore di capacit\u00e0 e le prestazioni.<\/p>\n","protected":false},"featured_media":1032821,"comment_status":"open","ping_status":"closed","template":"","meta":{"_acf_changed":false},"product_brand":[],"product_cat":[197],"product_tag":[],"class_list":{"0":"post-1024111","1":"product","2":"type-product","3":"status-publish","4":"has-post-thumbnail","6":"product_cat-obiettivi-di-sputtering-planari","8":"first","9":"instock","10":"shipping-taxable","11":"product-type-variable"},"acf":[],"_links":{"self":[{"href":"https:\/\/vimaterial.de\/it\/wp-json\/wp\/v2\/product\/1024111","targetHints":{"allow":["GET"]}}],"collection":[{"href":"https:\/\/vimaterial.de\/it\/wp-json\/wp\/v2\/product"}],"about":[{"href":"https:\/\/vimaterial.de\/it\/wp-json\/wp\/v2\/types\/product"}],"replies":[{"embeddable":true,"href":"https:\/\/vimaterial.de\/it\/wp-json\/wp\/v2\/comments?post=1024111"}],"wp:featuredmedia":[{"embeddable":true,"href":"https:\/\/vimaterial.de\/it\/wp-json\/wp\/v2\/media\/1032821"}],"wp:attachment":[{"href":"https:\/\/vimaterial.de\/it\/wp-json\/wp\/v2\/media?parent=1024111"}],"wp:term":[{"taxonomy":"product_brand","embeddable":true,"href":"https:\/\/vimaterial.de\/it\/wp-json\/wp\/v2\/product_brand?post=1024111"},{"taxonomy":"product_cat","embeddable":true,"href":"https:\/\/vimaterial.de\/it\/wp-json\/wp\/v2\/product_cat?post=1024111"},{"taxonomy":"product_tag","embeddable":true,"href":"https:\/\/vimaterial.de\/it\/wp-json\/wp\/v2\/product_tag?post=1024111"}],"curies":[{"name":"wp","href":"https:\/\/api.w.org\/{rel}","templated":true}]}}