{"id":1024092,"date":"2024-06-17T15:44:09","date_gmt":"2024-06-17T07:44:09","guid":{"rendered":"https:\/\/vimaterial.de\/product\/ossido-di-bario-stagno\/"},"modified":"2024-10-30T09:34:33","modified_gmt":"2024-10-30T01:34:33","slug":"ossido-di-bario-stagno","status":"publish","type":"product","link":"https:\/\/vimaterial.de\/it\/product\/ossido-di-bario-stagno\/","title":{"rendered":"Ossido di bario-stagno"},"content":{"rendered":"<p>Il target BaSnO\u2083 \u00e8 un importante target di materiali inorganici.<\/p>\n<h3>Informazioni di base:<\/h3>\n<p>Formula chimica: BaSnO\u2083, composto da tre elementi: bario (Ba), stagno (Sn) e ossigeno (O).<\/p>\n<p>Peso molecolare: 304,03.<\/p>\n<p>Aspetto: bersaglio solido solitamente bianco.<\/p>\n<p>Densit\u00e0: circa 7,6 g\/cm\u00b3.<\/p>\n<p>Struttura cristallina: Ha una struttura cristallina di tipo calcogenuro. Questa struttura cristallina \u00e8 caratterizzata da unit\u00e0 strutturali ottaedriche collegate da co-angolari, che conferiscono propriet\u00e0 fisiche e chimiche uniche al BaSnO\u2083.<\/p>\n<p>Alta conduttivit\u00e0: \u00e8 un materiale semiconduttore ad ampia banda proibita con un&#8217;elevata conduttivit\u00e0 a temperatura ambiente, che lo rende prezioso per applicazioni nella tecnologia dei semiconduttori e nella produzione di dispositivi elettronici.<\/p>\n<h3>Campi di applicazione:<\/h3>\n<p>Campo dei semiconduttori: l&#8217;ossido di bario-stagno pu\u00f2 essere utilizzato per preparare dispositivi a semiconduttore come transistor a film sottile e transistor ad effetto di campo. Utilizzando la sua elevata conduttivit\u00e0 e le buone propriet\u00e0 dei semiconduttori, le prestazioni e la stabilit\u00e0 del dispositivo possono essere migliorate.<\/p>\n<p>Campo ottico: Grazie alle sue buone propriet\u00e0 ottiche, l&#8217;ossido di bario-stagno pu\u00f2 essere utilizzato per preparare dispositivi ottici, come pellicole conduttive trasparenti, laser e fotorivelatori.<\/p>\n<p>Campo del condensatore: A causa della sua elevata costante dielettrica, pu\u00f2 essere utilizzato per preparare materiali per elettrodi o materiali dielettrici per condensatori. Nei condensatori, il BaSnO\u2083 pu\u00f2 migliorare la densit\u00e0 di accumulo di energia del condensatore e la velocit\u00e0 di carica\/scarica, in modo da soddisfare la domanda di condensatori ad alte prestazioni nei dispositivi elettronici.<\/p>\n","protected":false},"excerpt":{"rendered":"<p>Il target BaSnO\u2083 \u00e8 un importante target di materiali inorganici.<\/p>\n<p>Campo dei semiconduttori: l&#8217;ossido di bario-stagno pu\u00f2 essere utilizzato per preparare dispositivi a semiconduttore come transistor a film sottile e transistor ad effetto di campo. Utilizzando la sua elevata conduttivit\u00e0 e le buone propriet\u00e0 dei semiconduttori, le prestazioni e la stabilit\u00e0 del dispositivo possono essere migliorate.<\/p>\n<p>Campo ottico: Grazie alle sue buone propriet\u00e0 ottiche, l&#8217;ossido di bario-stagno pu\u00f2 essere utilizzato per preparare dispositivi ottici, come pellicole conduttive trasparenti, laser e fotorivelatori.<\/p>\n<p>&nbsp;<\/p>\n","protected":false},"featured_media":1032831,"comment_status":"open","ping_status":"closed","template":"","meta":{"_acf_changed":false},"product_brand":[],"product_cat":[197],"product_tag":[],"class_list":{"0":"post-1024092","1":"product","2":"type-product","3":"status-publish","4":"has-post-thumbnail","6":"product_cat-obiettivi-di-sputtering-planari","8":"first","9":"instock","10":"shipping-taxable","11":"product-type-variable"},"acf":[],"_links":{"self":[{"href":"https:\/\/vimaterial.de\/it\/wp-json\/wp\/v2\/product\/1024092","targetHints":{"allow":["GET"]}}],"collection":[{"href":"https:\/\/vimaterial.de\/it\/wp-json\/wp\/v2\/product"}],"about":[{"href":"https:\/\/vimaterial.de\/it\/wp-json\/wp\/v2\/types\/product"}],"replies":[{"embeddable":true,"href":"https:\/\/vimaterial.de\/it\/wp-json\/wp\/v2\/comments?post=1024092"}],"wp:featuredmedia":[{"embeddable":true,"href":"https:\/\/vimaterial.de\/it\/wp-json\/wp\/v2\/media\/1032831"}],"wp:attachment":[{"href":"https:\/\/vimaterial.de\/it\/wp-json\/wp\/v2\/media?parent=1024092"}],"wp:term":[{"taxonomy":"product_brand","embeddable":true,"href":"https:\/\/vimaterial.de\/it\/wp-json\/wp\/v2\/product_brand?post=1024092"},{"taxonomy":"product_cat","embeddable":true,"href":"https:\/\/vimaterial.de\/it\/wp-json\/wp\/v2\/product_cat?post=1024092"},{"taxonomy":"product_tag","embeddable":true,"href":"https:\/\/vimaterial.de\/it\/wp-json\/wp\/v2\/product_tag?post=1024092"}],"curies":[{"name":"wp","href":"https:\/\/api.w.org\/{rel}","templated":true}]}}