{"id":1024083,"date":"2024-06-17T15:44:09","date_gmt":"2024-06-17T07:44:09","guid":{"rendered":"https:\/\/vimaterial.de\/product\/solfuro-di-bario\/"},"modified":"2024-10-29T17:05:12","modified_gmt":"2024-10-29T09:05:12","slug":"solfuro-di-bario","status":"publish","type":"product","link":"https:\/\/vimaterial.de\/it\/product\/solfuro-di-bario\/","title":{"rendered":"Solfuro di bario"},"content":{"rendered":"<p>La polvere di solfuro di bario \u00e8 un importante composto inorganico.<\/p>\n<h3>Informazioni di base:<\/h3>\n<p>Aspetto: di solito polvere cristallina bianca, ma i prodotti industriali sono solitamente polvere marrone chiaro o nera, anche in grumi. Pu\u00f2 essere fosforescente quando contiene tracce di impurit\u00e0.<br \/>\nDensit\u00e0: la densit\u00e0 relativa \u00e8 di 4,25 g\/cm\u00b3.<br \/>\nPunto di fusione: 1200\u00b0C.<br \/>\nSolubilit\u00e0: solubile in acqua, disciolto e idrolizzato in Ba (HS)\u2082 e Ba (OH)\u2082.<br \/>\nIdrolisi: Idrolizzata gradualmente in idrossido di bario e idrogeno solforato a contatto con l&#8217;acqua, la soluzione acquosa \u00e8 fortemente alcalina e corrosiva, in grado di bruciare la pelle e far cadere i capelli.<br \/>\nReazione con l&#8217;acido: l&#8217;idrogeno solforato gassoso viene rilasciato quando incontra l&#8217;acido (compresa l&#8217;anidride carbonica nell&#8217;aria umida).<br \/>\nReazione di ossidazione: facilmente ossidabile in aria umida.<\/p>\n<h3>Campi di applicazione:<\/h3>\n<p>Industria chimica: il solfuro di bario \u00e8 un&#8217;importante materia prima per la produzione di vari composti di bario, come per la preparazione di solfuro di calcio, solfuro di stronzio e cos\u00ec via.<\/p>\n<p>Industria elettronica: come materiale elettronico, pu\u00f2 essere utilizzato nella produzione di componenti elettronici ed \u00e8 anche il substrato della polvere luminescente, che viene utilizzata nei display elettronici e in altri campi. Industria petrolchimica: Utilizzato nel processo di desolforazione per rimuovere i composti di zolfo nel gas.<\/p>\n","protected":false},"excerpt":{"rendered":"<p>La polvere di solfuro di bario \u00e8 un importante composto inorganico.<\/p>\n<p>Industria chimica: il solfuro di bario \u00e8 un&#8217;importante materia prima per la produzione di vari composti di bario, come per la preparazione di solfuro di calcio, solfuro di stronzio e cos\u00ec via.<\/p>\n<p>Industria elettronica: come materiale elettronico, pu\u00f2 essere utilizzato nella produzione di componenti elettronici ed \u00e8 anche il substrato della polvere luminescente, che viene utilizzata nei display elettronici e in altri campi.<\/p>\n<p>&nbsp;<\/p>\n","protected":false},"featured_media":1032826,"comment_status":"open","ping_status":"closed","template":"","meta":{"_acf_changed":false},"product_brand":[],"product_cat":[200],"product_tag":[],"class_list":{"0":"post-1024083","1":"product","2":"type-product","3":"status-publish","4":"has-post-thumbnail","6":"product_cat-materiali-calcogenidici","8":"first","9":"instock","10":"shipping-taxable","11":"product-type-variable"},"acf":[],"_links":{"self":[{"href":"https:\/\/vimaterial.de\/it\/wp-json\/wp\/v2\/product\/1024083","targetHints":{"allow":["GET"]}}],"collection":[{"href":"https:\/\/vimaterial.de\/it\/wp-json\/wp\/v2\/product"}],"about":[{"href":"https:\/\/vimaterial.de\/it\/wp-json\/wp\/v2\/types\/product"}],"replies":[{"embeddable":true,"href":"https:\/\/vimaterial.de\/it\/wp-json\/wp\/v2\/comments?post=1024083"}],"wp:featuredmedia":[{"embeddable":true,"href":"https:\/\/vimaterial.de\/it\/wp-json\/wp\/v2\/media\/1032826"}],"wp:attachment":[{"href":"https:\/\/vimaterial.de\/it\/wp-json\/wp\/v2\/media?parent=1024083"}],"wp:term":[{"taxonomy":"product_brand","embeddable":true,"href":"https:\/\/vimaterial.de\/it\/wp-json\/wp\/v2\/product_brand?post=1024083"},{"taxonomy":"product_cat","embeddable":true,"href":"https:\/\/vimaterial.de\/it\/wp-json\/wp\/v2\/product_cat?post=1024083"},{"taxonomy":"product_tag","embeddable":true,"href":"https:\/\/vimaterial.de\/it\/wp-json\/wp\/v2\/product_tag?post=1024083"}],"curies":[{"name":"wp","href":"https:\/\/api.w.org\/{rel}","templated":true}]}}