{"id":1024034,"date":"2024-06-17T15:44:10","date_gmt":"2024-06-17T07:44:10","guid":{"rendered":"https:\/\/vimaterial.de\/product\/titanato-di-bario-e-stronzio-2\/"},"modified":"2024-10-29T16:36:47","modified_gmt":"2024-10-29T08:36:47","slug":"titanato-di-bario-e-stronzio-2","status":"publish","type":"product","link":"https:\/\/vimaterial.de\/it\/product\/titanato-di-bario-e-stronzio-2\/","title":{"rendered":"Titanato di bario e stronzio"},"content":{"rendered":"<p>Il bersaglio di titanato di bario e stronzio \u00e8 un importante bersaglio ceramico.<\/p>\n<h3>Informazioni di base:<\/h3>\n<p>Formula chimica: BaSrTiO3, composto da quattro elementi: bario (Ba), stronzio (Sr), titanio (Ti) e ossigeno (O).<\/p>\n<p>Aspetto: Generalmente grumo solido grigio o nero.<\/p>\n<p>Densit\u00e0: circa 4,91 g\/cm\u00b3.<\/p>\n<p>Struttura cristallina: con struttura cristallina di tipo minerale di calcite-titanio.<\/p>\n<p>Densit\u00e0: circa 4,91 g\/cm\u00b3.<\/p>\n<h3>Campo di applicazione:<\/h3>\n<p>Campo elettronico: il titanato di bario stronzio pu\u00f2 essere utilizzato per preparare film sottili in vari dispositivi elettronici, come ad esempio utilizzato come materiale dielettrico per condensatori in DRAM (Dynamic Random Access Memory) per migliorare la capacit\u00e0 di archiviazione e le prestazioni.<\/p>\n<p>Campo ottico: ci sono applicazioni nel rivestimento ottico, pu\u00f2 essere depositato sul substrato polverizzando il film target BaSrTiO3 per la preparazione di film antiriflesso per lenti ottiche, film di miglioramento della trasmittanza, ecc., Per migliorare le prestazioni dei dispositivi ottici.<\/p>\n<p>Campo del sensore: grazie alle sue propriet\u00e0 ferroelettriche e alla risposta sensibile ai cambiamenti ambientali, pu\u00f2 essere utilizzato per realizzare sensori sensibili alla pressione, sensori sensibili all&#8217;umidit\u00e0 e cos\u00ec via.<\/p>\n","protected":false},"excerpt":{"rendered":"<p>Il bersaglio di titanato di bario e stronzio \u00e8 un importante bersaglio ceramico.<\/p>\n<p>Campo elettronico: il titanato di bario stronzio pu\u00f2 essere utilizzato per preparare film sottili in vari dispositivi elettronici, come ad esempio utilizzato come materiale dielettrico per condensatori in DRAM (Dynamic Random Access Memory) per migliorare la capacit\u00e0 di archiviazione e le prestazioni.<\/p>\n<p>Campo ottico: ci sono applicazioni nel rivestimento ottico, pu\u00f2 essere depositato sul substrato polverizzando il film target BaSrTiO3 per la preparazione di film antiriflesso per lenti ottiche, film di miglioramento della trasmittanza, ecc., Per migliorare le prestazioni dei dispositivi ottici.<\/p>\n","protected":false},"featured_media":1032846,"comment_status":"open","ping_status":"closed","template":"","meta":{"_acf_changed":false},"product_brand":[],"product_cat":[197],"product_tag":[],"class_list":{"0":"post-1024034","1":"product","2":"type-product","3":"status-publish","4":"has-post-thumbnail","6":"product_cat-obiettivi-di-sputtering-planari","8":"first","9":"instock","10":"shipping-taxable","11":"product-type-variable"},"acf":[],"_links":{"self":[{"href":"https:\/\/vimaterial.de\/it\/wp-json\/wp\/v2\/product\/1024034","targetHints":{"allow":["GET"]}}],"collection":[{"href":"https:\/\/vimaterial.de\/it\/wp-json\/wp\/v2\/product"}],"about":[{"href":"https:\/\/vimaterial.de\/it\/wp-json\/wp\/v2\/types\/product"}],"replies":[{"embeddable":true,"href":"https:\/\/vimaterial.de\/it\/wp-json\/wp\/v2\/comments?post=1024034"}],"wp:featuredmedia":[{"embeddable":true,"href":"https:\/\/vimaterial.de\/it\/wp-json\/wp\/v2\/media\/1032846"}],"wp:attachment":[{"href":"https:\/\/vimaterial.de\/it\/wp-json\/wp\/v2\/media?parent=1024034"}],"wp:term":[{"taxonomy":"product_brand","embeddable":true,"href":"https:\/\/vimaterial.de\/it\/wp-json\/wp\/v2\/product_brand?post=1024034"},{"taxonomy":"product_cat","embeddable":true,"href":"https:\/\/vimaterial.de\/it\/wp-json\/wp\/v2\/product_cat?post=1024034"},{"taxonomy":"product_tag","embeddable":true,"href":"https:\/\/vimaterial.de\/it\/wp-json\/wp\/v2\/product_tag?post=1024034"}],"curies":[{"name":"wp","href":"https:\/\/api.w.org\/{rel}","templated":true}]}}