{"id":1024006,"date":"2024-06-17T15:44:10","date_gmt":"2024-06-17T07:44:10","guid":{"rendered":"https:\/\/vimaterial.de\/product\/titanato-di-bario-ossido-di-bario-e-titanio-3\/"},"modified":"2024-10-30T10:05:41","modified_gmt":"2024-10-30T02:05:41","slug":"titanato-di-bario-ossido-di-bario-e-titanio-3","status":"publish","type":"product","link":"https:\/\/vimaterial.de\/it\/product\/titanato-di-bario-ossido-di-bario-e-titanio-3\/","title":{"rendered":"Titanato di bario (ossido di titanio di bario)"},"content":{"rendered":"<p>Il target BaTiO3 \u00e8 un importante target ossido-ceramico con un&#8217;ampia gamma di applicazioni.<\/p>\n<h3>Informazioni di base:<\/h3>\n<p>Formula chimica: BaTiO3, composto da tre elementi: bario (Ba), titanio (Ti) e ossigeno (O). Peso molecolare: 233,1922.<\/p>\n<p>Punto di fusione: 1625\u00b0C.<\/p>\n<p>Densit\u00e0 relativa: circa 6,017 g\/cm\u00b3.<\/p>\n<p>Numero CAS: 12047-27-7.<\/p>\n<p>Aspetto: di solito bersaglio rotondo o quadrato solido bianco, l&#8217;aspetto dovrebbe essere piatto, liscio, senza evidenti crepe, graffi e altri difetti.<\/p>\n<p>Durezza: ha una certa durezza, nel processo di lavorazione e utilizzo \u00e8 necessario prestare attenzione per evitare collisioni e graffi, in modo da non influire sulle prestazioni e sulla durata del materiale target.<\/p>\n<p>Struttura cristallina: BaTiO3 ha una struttura cristallina calcogenuro, che conferisce a BaTiO3 propriet\u00e0 elettriche e ottiche uniche.<\/p>\n<h3>Campo di applicazione:<\/h3>\n<p>Campo elettronico: ossido di titanio di bario pu\u00f2 essere utilizzato per preparare dispositivi elettronici come condensatori, memoria ferroelettrica, transistor ad effetto di campo e cos\u00ec via. Nei condensatori, il BaTiO3 pu\u00f2 essere utilizzato come materiale dielettrico per aumentare la densit\u00e0 di accumulo di energia dei condensatori.<\/p>\n<p>Campo ottico: ossido di titanio di bario pu\u00f2 essere utilizzato per preparare dispositivi di modulazione ottica, interruttori ottici, guide d&#8217;onda ottiche e altri dispositivi ottici grazie alla sua certa trasmittanza nella gamma della luce visibile e al buon effetto ottico non lineare.<\/p>\n<p>Campo sensore: utilizzando la piezoelettricit\u00e0 e la ferroelettricit\u00e0, pu\u00f2 essere utilizzato per realizzare sensori di pressione, sensori di temperatura, sensori di accelerazione e altri tipi di dispositivi sensori, in grado di convertire segnali fisici esterni in segnali elettrici per il rilevamento e la misurazione.<\/p>\n","protected":false},"excerpt":{"rendered":"<p>Il target BaTiO3 \u00e8 un importante target ossido-ceramico con un&#8217;ampia gamma di applicazioni.<\/p>\n<p>Campo elettronico: ossido di titanio di bario pu\u00f2 essere utilizzato per preparare dispositivi elettronici come condensatori, memoria ferroelettrica, transistor ad effetto di campo e cos\u00ec via. Nei condensatori, il BaTiO3 pu\u00f2 essere utilizzato come materiale dielettrico per aumentare la densit\u00e0 di accumulo di energia dei condensatori.<\/p>\n<p>Campo ottico: ossido di titanio di bario pu\u00f2 essere utilizzato per preparare dispositivi di modulazione ottica, interruttori ottici, guide d&#8217;onda ottiche e altri dispositivi ottici grazie alla sua certa trasmittanza nella gamma della luce visibile e al buon effetto ottico non lineare.<\/p>\n","protected":false},"featured_media":1032856,"comment_status":"open","ping_status":"closed","template":"","meta":{"_acf_changed":false},"product_brand":[],"product_cat":[206],"product_tag":[],"class_list":{"0":"post-1024006","1":"product","2":"type-product","3":"status-publish","4":"has-post-thumbnail","6":"product_cat-altri-materiali","8":"first","9":"instock","10":"shipping-taxable","11":"purchasable","12":"product-type-variable"},"acf":[],"_links":{"self":[{"href":"https:\/\/vimaterial.de\/it\/wp-json\/wp\/v2\/product\/1024006","targetHints":{"allow":["GET"]}}],"collection":[{"href":"https:\/\/vimaterial.de\/it\/wp-json\/wp\/v2\/product"}],"about":[{"href":"https:\/\/vimaterial.de\/it\/wp-json\/wp\/v2\/types\/product"}],"replies":[{"embeddable":true,"href":"https:\/\/vimaterial.de\/it\/wp-json\/wp\/v2\/comments?post=1024006"}],"wp:featuredmedia":[{"embeddable":true,"href":"https:\/\/vimaterial.de\/it\/wp-json\/wp\/v2\/media\/1032856"}],"wp:attachment":[{"href":"https:\/\/vimaterial.de\/it\/wp-json\/wp\/v2\/media?parent=1024006"}],"wp:term":[{"taxonomy":"product_brand","embeddable":true,"href":"https:\/\/vimaterial.de\/it\/wp-json\/wp\/v2\/product_brand?post=1024006"},{"taxonomy":"product_cat","embeddable":true,"href":"https:\/\/vimaterial.de\/it\/wp-json\/wp\/v2\/product_cat?post=1024006"},{"taxonomy":"product_tag","embeddable":true,"href":"https:\/\/vimaterial.de\/it\/wp-json\/wp\/v2\/product_tag?post=1024006"}],"curies":[{"name":"wp","href":"https:\/\/api.w.org\/{rel}","templated":true}]}}