{"id":1023996,"date":"2024-06-17T15:44:10","date_gmt":"2024-06-17T07:44:10","guid":{"rendered":"https:\/\/vimaterial.de\/product\/titanato-di-bario-ossido-di-bario-e-titanio-2\/"},"modified":"2024-10-30T09:51:18","modified_gmt":"2024-10-30T01:51:18","slug":"titanato-di-bario-ossido-di-bario-e-titanio-2","status":"publish","type":"product","link":"https:\/\/vimaterial.de\/it\/product\/titanato-di-bario-ossido-di-bario-e-titanio-2\/","title":{"rendered":"Titanato di bario (ossido di titanio di bario)"},"content":{"rendered":"<p>Le particelle di BaTiO\u2083 sono un importante materiale funzionale inorganico con molte propriet\u00e0 uniche e un&#8217;ampia gamma di applicazioni.<\/p>\n<p>Informazioni di base:<\/p>\n<p>Formula chimica: BaTiO\u2083, composta da tre elementi: bario (Ba), titanio (Ti) e ossigeno (O).<br \/>\nAspetto: solitamente polvere bianca.<br \/>\nStruttura cristallina: BaTiO\u2083 ha una struttura cristallina di tipo calcite.<br \/>\nDensit\u00e0: la densit\u00e0 relativa \u00e8 grande, il valore specifico varia a seconda del metodo di preparazione e della struttura della fase cristallina.<br \/>\nStabilit\u00e0 termica: buona stabilit\u00e0 termica entro un certo intervallo di temperatura, ma pu\u00f2 subire modifiche strutturali o decomposizione ad alte temperature.<\/p>\n<p>Campo di applicazione:<\/p>\n<p>Ceramica elettronica: ossido di titanio di bario \u00e8 un materiale importante nel campo della ceramica elettronica e pu\u00f2 essere utilizzato per preparare componenti elettronici come condensatori ceramici multistrato (MLCC), termistori a coefficiente di temperatura positivo (PTC) e varistori.<\/p>\n<p>Sensori: utilizzando la ferroelettricit\u00e0 e la piezoelettricit\u00e0, ossido di titanio di bario pu\u00f2 essere utilizzato per realizzare una variet\u00e0 di parti di sensori come sensori di pressione, sensori di temperatura e sensori di accelerazione.<\/p>\n<p>Dispositivi ottici: in campo ottico, pu\u00f2 essere utilizzato per preparare dispositivi di modulazione ottica, dispositivi di comunicazione in fibra ottica, interruttori ottici, ecc. Biomedico: con una buona biocompatibilit\u00e0, pu\u00f2 essere utilizzato in campi biomedici come bio-imaging, somministrazione di farmaci, ingegneria tissutale, ecc.<\/p>\n","protected":false},"excerpt":{"rendered":"<p>Le particelle di BaTiO\u2083 sono un importante materiale funzionale inorganico con molte propriet\u00e0 uniche e un&#8217;ampia gamma di applicazioni.<\/p>\n<p>Ceramica elettronica: ossido di titanio di bario \u00e8 un materiale importante nel campo della ceramica elettronica e pu\u00f2 essere utilizzato per preparare componenti elettronici come condensatori ceramici multistrato (MLCC), termistori a coefficiente di temperatura positivo (PTC) e varistori.<\/p>\n<p>Sensori: utilizzando la ferroelettricit\u00e0 e la piezoelettricit\u00e0, ossido di titanio di bario pu\u00f2 essere utilizzato per realizzare una variet\u00e0 di parti di sensori come sensori di pressione, sensori di temperatura e sensori di accelerazione.<\/p>\n","protected":false},"featured_media":1032851,"comment_status":"open","ping_status":"closed","template":"","meta":{"_acf_changed":false},"product_brand":[],"product_cat":[198],"product_tag":[],"class_list":{"0":"post-1023996","1":"product","2":"type-product","3":"status-publish","4":"has-post-thumbnail","6":"product_cat-materiali-per-levaporazione","8":"first","9":"instock","10":"shipping-taxable","11":"purchasable","12":"product-type-variable"},"acf":[],"_links":{"self":[{"href":"https:\/\/vimaterial.de\/it\/wp-json\/wp\/v2\/product\/1023996","targetHints":{"allow":["GET"]}}],"collection":[{"href":"https:\/\/vimaterial.de\/it\/wp-json\/wp\/v2\/product"}],"about":[{"href":"https:\/\/vimaterial.de\/it\/wp-json\/wp\/v2\/types\/product"}],"replies":[{"embeddable":true,"href":"https:\/\/vimaterial.de\/it\/wp-json\/wp\/v2\/comments?post=1023996"}],"wp:featuredmedia":[{"embeddable":true,"href":"https:\/\/vimaterial.de\/it\/wp-json\/wp\/v2\/media\/1032851"}],"wp:attachment":[{"href":"https:\/\/vimaterial.de\/it\/wp-json\/wp\/v2\/media?parent=1023996"}],"wp:term":[{"taxonomy":"product_brand","embeddable":true,"href":"https:\/\/vimaterial.de\/it\/wp-json\/wp\/v2\/product_brand?post=1023996"},{"taxonomy":"product_cat","embeddable":true,"href":"https:\/\/vimaterial.de\/it\/wp-json\/wp\/v2\/product_cat?post=1023996"},{"taxonomy":"product_tag","embeddable":true,"href":"https:\/\/vimaterial.de\/it\/wp-json\/wp\/v2\/product_tag?post=1023996"}],"curies":[{"name":"wp","href":"https:\/\/api.w.org\/{rel}","templated":true}]}}