{"id":1023936,"date":"2024-06-17T15:47:20","date_gmt":"2024-06-17T07:47:20","guid":{"rendered":"https:\/\/vimaterial.de\/product\/ossido-di-bario-e-vanadio-2\/"},"modified":"2024-10-29T15:02:51","modified_gmt":"2024-10-29T07:02:51","slug":"ossido-di-bario-e-vanadio-2","status":"publish","type":"product","link":"https:\/\/vimaterial.de\/it\/product\/ossido-di-bario-e-vanadio-2\/","title":{"rendered":"Ossido di bario vanadio"},"content":{"rendered":"<p>La polvere di ossido di bario vanadio \u00e8 un importante composto inorganico in polvere.<\/p>\n<h3>Informazioni di base:<\/h3>\n<p>Formula chimica: BaVO\u2083, composto da tre elementi: bario (Ba), vanadio (V) e ossigeno (O).<\/p>\n<p>Numero CAS: 39416-30-3. Aspetto: polvere solitamente bianca o biancastra.<\/p>\n<p>Struttura cristallina: Struttura cristallina di calcite.<\/p>\n<p>Dimensione delle particelle: la dimensione delle particelle della polvere pu\u00f2 essere regolata in base a diversi metodi di preparazione e requisiti applicativi.<\/p>\n<p>Stabilit\u00e0: \u00e8 relativamente stabile a temperatura e pressione ambiente, ma pu\u00f2 essere reagito chimicamente in condizioni speciali come alta temperatura, acido forte e alcali forti.<\/p>\n<h3>Applicazioni<\/h3>\n<p>Materiali della batteria: nei sistemi di batterie come le batterie agli ioni di litio, l&#8217;ossido di bario vanadio ha un certo potenziale applicativo come materiale per elettrodi. La sua struttura unica e le sue propriet\u00e0 chimiche possono fornire una maggiore capacit\u00e0 e migliori prestazioni del moltiplicatore.<\/p>\n<p>Catalizzatore: A causa della presenza dell&#8217;elemento vanadio, la polvere di ossido di bario vanadio pu\u00f2 essere utilizzata come catalizzatore o vettore di catalizzatore in alcune reazioni catalitiche, come in alcune reazioni di sintesi organica, reazioni di ossidazione, ecc.<\/p>\n<p>Materiali ottici: Nel campo dell&#8217;ottica, la polvere di BaVO\u2083 pu\u00f2 essere utilizzata per preparare pellicole ottiche, vetro ottico, ecc., utilizzando le sue speciali propriet\u00e0 ottiche per migliorare le propriet\u00e0 ottiche dei materiali.<\/p>\n<p>Materiali ceramici: pu\u00f2 essere utilizzato come additivo per materiali ceramici per migliorare le propriet\u00e0 della ceramica, come migliorare la durezza, la resistenza all&#8217;abrasione e la resistenza alle alte temperature della ceramica.<\/p>\n","protected":false},"excerpt":{"rendered":"<p>La polvere di ossido di bario vanadio \u00e8 un importante composto inorganico in polvere.<\/p>\n<p>Materiali della batteria: nei sistemi di batterie come le batterie agli ioni di litio, l&#8217;ossido di bario vanadio ha un certo potenziale applicativo come materiale per elettrodi. La sua struttura unica e le sue propriet\u00e0 chimiche possono fornire una maggiore capacit\u00e0 e migliori prestazioni del moltiplicatore.<\/p>\n<p>Catalizzatore: A causa della presenza dell&#8217;elemento vanadio, la polvere di BaVO\u2083 pu\u00f2 essere utilizzata come catalizzatore o vettore di catalizzatore in alcune reazioni catalitiche, come in alcune reazioni di sintesi organica, reazioni di ossidazione, ecc.<\/p>\n<p>&nbsp;<\/p>\n","protected":false},"featured_media":1032871,"comment_status":"open","ping_status":"closed","template":"","meta":{"_acf_changed":false},"product_brand":[],"product_cat":[206],"product_tag":[],"class_list":{"0":"post-1023936","1":"product","2":"type-product","3":"status-publish","4":"has-post-thumbnail","6":"product_cat-altri-materiali","8":"first","9":"instock","10":"shipping-taxable","11":"product-type-variable"},"acf":[],"_links":{"self":[{"href":"https:\/\/vimaterial.de\/it\/wp-json\/wp\/v2\/product\/1023936","targetHints":{"allow":["GET"]}}],"collection":[{"href":"https:\/\/vimaterial.de\/it\/wp-json\/wp\/v2\/product"}],"about":[{"href":"https:\/\/vimaterial.de\/it\/wp-json\/wp\/v2\/types\/product"}],"replies":[{"embeddable":true,"href":"https:\/\/vimaterial.de\/it\/wp-json\/wp\/v2\/comments?post=1023936"}],"wp:featuredmedia":[{"embeddable":true,"href":"https:\/\/vimaterial.de\/it\/wp-json\/wp\/v2\/media\/1032871"}],"wp:attachment":[{"href":"https:\/\/vimaterial.de\/it\/wp-json\/wp\/v2\/media?parent=1023936"}],"wp:term":[{"taxonomy":"product_brand","embeddable":true,"href":"https:\/\/vimaterial.de\/it\/wp-json\/wp\/v2\/product_brand?post=1023936"},{"taxonomy":"product_cat","embeddable":true,"href":"https:\/\/vimaterial.de\/it\/wp-json\/wp\/v2\/product_cat?post=1023936"},{"taxonomy":"product_tag","embeddable":true,"href":"https:\/\/vimaterial.de\/it\/wp-json\/wp\/v2\/product_tag?post=1023936"}],"curies":[{"name":"wp","href":"https:\/\/api.w.org\/{rel}","templated":true}]}}