{"id":1023912,"date":"2024-06-17T15:47:20","date_gmt":"2024-06-17T07:47:20","guid":{"rendered":"https:\/\/vimaterial.de\/product\/zirconato-di-bario-ossido-di-bario-e-zirconio-2\/"},"modified":"2024-10-29T15:36:52","modified_gmt":"2024-10-29T07:36:52","slug":"zirconato-di-bario-ossido-di-bario-e-zirconio-2","status":"publish","type":"product","link":"https:\/\/vimaterial.de\/it\/product\/zirconato-di-bario-ossido-di-bario-e-zirconio-2\/","title":{"rendered":"Zirconato di bario (ossido di zirconio di bario)"},"content":{"rendered":"<h3>Informazioni di base:<\/h3>\n<p>Formula chimica: BaZrO\u2083, composto da tre elementi: bario (Ba), zirconio (Zr) e ossigeno (O).<\/p>\n<p>Peso molecolare: 276,55.<\/p>\n<p>Numero CAS: 12009-21-1.<\/p>\n<p>Aspetto: Solitamente polvere biancastra o biancastra.<\/p>\n<p>Densit\u00e0: circa 5,52 g\/cm\u00b3.<\/p>\n<p>Dimensione delle particelle: la dimensione delle particelle pu\u00f2 essere regolata in base a diversi metodi di preparazione e requisiti applicativi, con una variet\u00e0 di specifiche tra cui scegliere.<\/p>\n<p>Stabilit\u00e0: \u00e8 relativamente stabile a temperatura e pressione ambiente, ma le reazioni chimiche possono verificarsi in condizioni speciali come alta temperatura, acido forte e alcali forti.<\/p>\n<h3>Aree di applicazione:<\/h3>\n<p>Materiali elettronici: grazie alle sue buone propriet\u00e0 dielettriche,Ossido di bario e zirconio pu\u00f2 essere utilizzato nella produzione di condensatori ceramici, termistori PTC, filtri, dispositivi a microonde e altri componenti elettronici.<\/p>\n<p>Celle a combustibile: nelle celle a combustibile con membrana ceramica protonica, i conduttori protonici a base di ossido di zirconio di bario sono un importante materiale elettrolitico con elevata stabilit\u00e0 chimica e conduttivit\u00e0 di massa.<\/p>\n<p>Materiale refrattario: l&#8217;ossido di bario e zirconio ha una buona stabilit\u00e0 meccanica e strutturale in ambienti a calore estremo e pu\u00f2 essere utilizzato per preparare materiali refrattari e crogioli per forni e forni ad alta temperatura.<\/p>\n<p>Materiali ottici: nel campo dell&#8217;ottica, pu\u00f2 essere utilizzato per preparare pellicole ottiche, vetri ottici, ecc., utilizzando le sue speciali propriet\u00e0 ottiche per migliorare le propriet\u00e0 ottiche del materiale.<\/p>\n<p>Additivi per materiali ceramici: come additivi per materiali ceramici, possono migliorare le propriet\u00e0 della ceramica, come migliorare la durezza, la resistenza all&#8217;usura e la resistenza alle alte temperature della ceramica.<\/p>\n","protected":false},"excerpt":{"rendered":"<p>Materiali elettronici: grazie alle sue buone propriet\u00e0 dielettriche, Ossido di bario e zirconio pu\u00f2 essere utilizzato nella produzione di condensatori ceramici, termistori PTC, filtri, dispositivi a microonde e altri componenti elettronici.<\/p>\n<p>Celle a combustibile: nelle celle a combustibile a membrana ceramica protonica, i conduttori protonici a base di Ossido di bario e zirconio sono un importante materiale elettrolitico con elevata stabilit\u00e0 chimica e conduttivit\u00e0 di massa.<\/p>\n","protected":false},"featured_media":1032876,"comment_status":"open","ping_status":"closed","template":"","meta":{"_acf_changed":false},"product_brand":[],"product_cat":[206],"product_tag":[],"class_list":{"0":"post-1023912","1":"product","2":"type-product","3":"status-publish","4":"has-post-thumbnail","6":"product_cat-altri-materiali","8":"first","9":"instock","10":"shipping-taxable","11":"purchasable","12":"product-type-variable"},"acf":[],"_links":{"self":[{"href":"https:\/\/vimaterial.de\/it\/wp-json\/wp\/v2\/product\/1023912","targetHints":{"allow":["GET"]}}],"collection":[{"href":"https:\/\/vimaterial.de\/it\/wp-json\/wp\/v2\/product"}],"about":[{"href":"https:\/\/vimaterial.de\/it\/wp-json\/wp\/v2\/types\/product"}],"replies":[{"embeddable":true,"href":"https:\/\/vimaterial.de\/it\/wp-json\/wp\/v2\/comments?post=1023912"}],"wp:featuredmedia":[{"embeddable":true,"href":"https:\/\/vimaterial.de\/it\/wp-json\/wp\/v2\/media\/1032876"}],"wp:attachment":[{"href":"https:\/\/vimaterial.de\/it\/wp-json\/wp\/v2\/media?parent=1023912"}],"wp:term":[{"taxonomy":"product_brand","embeddable":true,"href":"https:\/\/vimaterial.de\/it\/wp-json\/wp\/v2\/product_brand?post=1023912"},{"taxonomy":"product_cat","embeddable":true,"href":"https:\/\/vimaterial.de\/it\/wp-json\/wp\/v2\/product_cat?post=1023912"},{"taxonomy":"product_tag","embeddable":true,"href":"https:\/\/vimaterial.de\/it\/wp-json\/wp\/v2\/product_tag?post=1023912"}],"curies":[{"name":"wp","href":"https:\/\/api.w.org\/{rel}","templated":true}]}}