{"id":1023904,"date":"2024-06-17T15:47:20","date_gmt":"2024-06-17T07:47:20","guid":{"rendered":"https:\/\/vimaterial.de\/product\/ossido-di-bario-e-vanadio\/"},"modified":"2024-10-29T15:19:22","modified_gmt":"2024-10-29T07:19:22","slug":"ossido-di-bario-e-vanadio","status":"publish","type":"product","link":"https:\/\/vimaterial.de\/it\/product\/ossido-di-bario-e-vanadio\/","title":{"rendered":"Ossido di bario vanadio"},"content":{"rendered":"<p>Il bersaglio dell&#8217;ossido di bario vanadio \u00e8 un importante materiale funzionale.<\/p>\n<h3>Informazioni di base:<\/h3>\n<p>Composizione chimica: \u00c8 costituito da tre elementi: bario (Ba), vanadio (V) e ossigeno (O), con la formula chimica BaVO\u2083.<\/p>\n<p>Numero CAS: 39416-30-3.<\/p>\n<p>Purezza: generalmente pu\u00f2 raggiungere %-99.99% di elevata purezza, al fine di soddisfare i requisiti di diversi scenari applicativi sulle prestazioni del materiale.<\/p>\n<p>Aspetto: Di solito grumi solidi grigi o neri.<\/p>\n<p>Densit\u00e0: l&#8217;alta densit\u00e0, che fa s\u00ec che il bersaglio possa mantenere una migliore stabilit\u00e0 nel processo di sputtering, ridurre il processo di sputtering degli spruzzi di particelle, favorisce il miglioramento della qualit\u00e0 del film sputtered.<\/p>\n<p>Struttura cristallina: Ha una struttura cristallina di tipo calcogenuro.<\/p>\n<h3>Campo di applicazione:<\/h3>\n<p>Campo elettronico: l&#8217;ossido di bario vanadio pu\u00f2 essere utilizzato per preparare film sottili in dispositivi elettronici, come ad esempio utilizzati come resistori a film sottile e materiali per elettrodi in dispositivi a semiconduttore; utilizzato come materiale dielettrico nei condensatori, che aiuta a migliorare le prestazioni dei condensatori.<\/p>\n<p>Campo ottico: ha alcune applicazioni nel rivestimento ottico e pu\u00f2 essere utilizzato per depositare un film sottile sul substrato spruzzando il bersaglio BaVO\u2083, che pu\u00f2 essere utilizzato per preparare film antiriflesso e film che migliorano la trasmittanza per lenti ottiche, ecc. e migliorare le prestazioni dei dispositivi ottici.<\/p>\n<p>Campo sensore: Grazie alle sue speciali propriet\u00e0 elettriche e fisiche, pu\u00f2 essere utilizzato per preparare una variet\u00e0 di sensori, come sensori di gas, sensori di umidit\u00e0 e cos\u00ec via.<\/p>\n","protected":false},"excerpt":{"rendered":"<p>Il bersaglio dell&#8217;ossido di bario vanadio \u00e8 un importante materiale funzionale.<\/p>\n<p>Campo elettronico: l&#8217;ossido di bario vanadio pu\u00f2 essere utilizzato per preparare film sottili in dispositivi elettronici, come ad esempio utilizzati come resistori a film sottile e materiali per elettrodi in dispositivi a semiconduttore; utilizzato come materiale dielettrico nei condensatori, che aiuta a migliorare le prestazioni dei condensatori.<\/p>\n<p>Campo ottico: ha alcune applicazioni nel rivestimento ottico e pu\u00f2 essere utilizzato per depositare un film sottile sul substrato spruzzando il bersaglio BaVO\u2083, che pu\u00f2 essere utilizzato per preparare film antiriflesso e film che migliorano la trasmittanza per lenti ottiche, ecc. e migliorare le prestazioni dei dispositivi ottici.<\/p>\n","protected":false},"featured_media":1032871,"comment_status":"open","ping_status":"closed","template":"","meta":{"_acf_changed":false},"product_brand":[],"product_cat":[197],"product_tag":[],"class_list":{"0":"post-1023904","1":"product","2":"type-product","3":"status-publish","4":"has-post-thumbnail","6":"product_cat-obiettivi-di-sputtering-planari","8":"first","9":"instock","10":"shipping-taxable","11":"product-type-variable"},"acf":[],"_links":{"self":[{"href":"https:\/\/vimaterial.de\/it\/wp-json\/wp\/v2\/product\/1023904","targetHints":{"allow":["GET"]}}],"collection":[{"href":"https:\/\/vimaterial.de\/it\/wp-json\/wp\/v2\/product"}],"about":[{"href":"https:\/\/vimaterial.de\/it\/wp-json\/wp\/v2\/types\/product"}],"replies":[{"embeddable":true,"href":"https:\/\/vimaterial.de\/it\/wp-json\/wp\/v2\/comments?post=1023904"}],"wp:featuredmedia":[{"embeddable":true,"href":"https:\/\/vimaterial.de\/it\/wp-json\/wp\/v2\/media\/1032871"}],"wp:attachment":[{"href":"https:\/\/vimaterial.de\/it\/wp-json\/wp\/v2\/media?parent=1023904"}],"wp:term":[{"taxonomy":"product_brand","embeddable":true,"href":"https:\/\/vimaterial.de\/it\/wp-json\/wp\/v2\/product_brand?post=1023904"},{"taxonomy":"product_cat","embeddable":true,"href":"https:\/\/vimaterial.de\/it\/wp-json\/wp\/v2\/product_cat?post=1023904"},{"taxonomy":"product_tag","embeddable":true,"href":"https:\/\/vimaterial.de\/it\/wp-json\/wp\/v2\/product_tag?post=1023904"}],"curies":[{"name":"wp","href":"https:\/\/api.w.org\/{rel}","templated":true}]}}