{"id":1023828,"date":"2024-06-17T15:47:21","date_gmt":"2024-06-17T07:47:21","guid":{"rendered":"https:\/\/vimaterial.de\/product\/afnio-metallico-3\/"},"modified":"2024-10-29T14:33:09","modified_gmt":"2024-10-29T06:33:09","slug":"afnio-metallico-3","status":"publish","type":"product","link":"https:\/\/vimaterial.de\/it\/product\/afnio-metallico-3\/","title":{"rendered":"Afnio metallico"},"content":{"rendered":"<p>La lamina Afnio metallico \u00e8 un prodotto simile a un foglio realizzato in afnio (Hf) come materiale di base.<\/p>\n<h3>Informazioni di base<\/h3>\n<p>Informazioni elementari: L&#8217;afnio \u00e8 un elemento chimico con un numero atomico di 72 e si trova nel Gruppo IVB, Periodo 5 della tavola periodica.<\/p>\n<p>Aspetto: lucentezza metallizzata grigio argento.<\/p>\n<p>Densit\u00e0: 13,31 g\/cm\u00b3.<\/p>\n<p>Durezza di Mohs: 5,5.<\/p>\n<p>Punto di fusione: 2233\u00b0C.<\/p>\n<p>Punto di ebollizione: 4602\u00b0C.<\/p>\n<p>Conducibilit\u00e0 termica dell&#8217;afnio: circa 23,0 W\/(m\u30fbK).<\/p>\n<p>Struttura cristallina: L&#8217;afnio ha una struttura cristallina esagonale densamente compatta.<\/p>\n<h3>Campi di applicazione<\/h3>\n<p>Produzione di componenti elettronici: la lamina Afnio metallico ha molte applicazioni nella produzione di componenti elettronici. Nella produzione di condensatori, la lamina di afnio pu\u00f2 essere utilizzata come materiale per elettrodi, utilizzando la sua buona conduttivit\u00e0 elettrica e stabilit\u00e0 chimica per migliorare le prestazioni e la durata dei condensatori.<\/p>\n<p>Materiali di schermatura elettromagnetica: la lamina di afnio pu\u00f2 essere utilizzata come materiale di schermatura elettromagnetica nelle apparecchiature elettroniche grazie alla sua buona conduttivit\u00e0 elettrica e alla capacit\u00e0 di riflettere le onde elettromagnetiche.<\/p>\n<p>Materiali di rivestimento ottico: la lamina di afnio \u00e8 uno dei materiali importanti per il rivestimento ottico. Attraverso la deposizione fisica o chimica in fase vapore, la lamina di afnio viene evaporata o decomposta e depositata sulla superficie di lenti ottiche, display e altre superfici, che possono formare pellicole antiriflesso, pellicole che migliorano la trasmissione e altre pellicole sottili ottiche. Industria nucleare: nei reattori nucleari, la lamina di afnio pu\u00f2 essere utilizzata per realizzare materiali di schermatura speciali o componenti per barre di controllo.<\/p>\n","protected":false},"excerpt":{"rendered":"<p>La lamina Afnio metallico \u00e8 un prodotto simile a un foglio realizzato in afnio (Hf) come materiale di base.<\/p>\n<p>Produzione di componenti elettronici: la lamina Afnio metallico ha molte applicazioni nella produzione di componenti elettronici. Nella produzione di condensatori, la lamina di afnio pu\u00f2 essere utilizzata come materiale per elettrodi, utilizzando la sua buona conduttivit\u00e0 elettrica e stabilit\u00e0 chimica per migliorare le prestazioni e la durata dei condensatori.<\/p>\n<p>Materiali di schermatura elettromagnetica: la lamina di afnio pu\u00f2 essere utilizzata come materiale di schermatura elettromagnetica nelle apparecchiature elettroniche grazie alla sua buona conduttivit\u00e0 elettrica e alla capacit\u00e0 di riflettere le onde elettromagnetiche.<\/p>\n","protected":false},"featured_media":1032901,"comment_status":"open","ping_status":"closed","template":"","meta":{"_acf_changed":false},"product_brand":[],"product_cat":[207],"product_tag":[],"class_list":{"0":"post-1023828","1":"product","2":"type-product","3":"status-publish","4":"has-post-thumbnail","6":"product_cat-profilo","8":"first","9":"instock","10":"shipping-taxable","11":"purchasable","12":"product-type-variable"},"acf":[],"_links":{"self":[{"href":"https:\/\/vimaterial.de\/it\/wp-json\/wp\/v2\/product\/1023828","targetHints":{"allow":["GET"]}}],"collection":[{"href":"https:\/\/vimaterial.de\/it\/wp-json\/wp\/v2\/product"}],"about":[{"href":"https:\/\/vimaterial.de\/it\/wp-json\/wp\/v2\/types\/product"}],"replies":[{"embeddable":true,"href":"https:\/\/vimaterial.de\/it\/wp-json\/wp\/v2\/comments?post=1023828"}],"wp:featuredmedia":[{"embeddable":true,"href":"https:\/\/vimaterial.de\/it\/wp-json\/wp\/v2\/media\/1032901"}],"wp:attachment":[{"href":"https:\/\/vimaterial.de\/it\/wp-json\/wp\/v2\/media?parent=1023828"}],"wp:term":[{"taxonomy":"product_brand","embeddable":true,"href":"https:\/\/vimaterial.de\/it\/wp-json\/wp\/v2\/product_brand?post=1023828"},{"taxonomy":"product_cat","embeddable":true,"href":"https:\/\/vimaterial.de\/it\/wp-json\/wp\/v2\/product_cat?post=1023828"},{"taxonomy":"product_tag","embeddable":true,"href":"https:\/\/vimaterial.de\/it\/wp-json\/wp\/v2\/product_tag?post=1023828"}],"curies":[{"name":"wp","href":"https:\/\/api.w.org\/{rel}","templated":true}]}}