{"id":1023625,"date":"2024-06-17T15:47:24","date_gmt":"2024-06-17T07:47:24","guid":{"rendered":"https:\/\/vimaterial.de\/product\/nitruro-di-afnio\/"},"modified":"2025-09-23T13:45:23","modified_gmt":"2025-09-23T05:45:23","slug":"nitruro-di-afnio","status":"publish","type":"product","link":"https:\/\/vimaterial.de\/it\/product\/nitruro-di-afnio\/","title":{"rendered":"Nitruro di afnio"},"content":{"rendered":"<h2><span style=\"font-size: 14pt;\">Panoramica dei target per sputtering in nitruro di afnio<\/span><\/h2>\n<p>I target per sputtering in<span style=\"color: #0000ff;\"><a style=\"color: #0000ff;\" href=\"https:\/\/vimaterial.de\/it\/search\/?type=name&#038;keyword=Nitruro+di+afnio\"> nitruro di afnio<\/a><\/span> sono realizzati in nitruro di afnio ad alta purezza e sono ampiamente utilizzati nella deposizione di film sottili, nella tecnologia di rivestimento e nell&#8217;industria dei semiconduttori. I target per sputtering in nitruro di afnio di VImaterial offrono un&#8217;eccellente stabilit\u00e0 chimica e durezza, rendendoli adatti a una variet\u00e0 di applicazioni di film sottili ad alta precisione. Garantiscono una velocit\u00e0 di sputtering uniforme durante la deposizione di film sottili, consentendo un controllo preciso dello spessore e della qualit\u00e0 del materiale depositato.<\/p>\n<h2><span style=\"font-size: 14pt;\">Vantaggi del prodotto<\/span><\/h2>\n<p><strong>Materiale ad alta purezza:<\/strong> i nostri target sono realizzati con materie prime ad alta purezza, garantendo l&#8217;assenza di impurit\u00e0 durante il processo di sputtering e film di alta qualit\u00e0.<\/p>\n<p><strong>Eccellente stabilit\u00e0 termica:<\/strong> i nostri target offrono un&#8217;elevata conduttivit\u00e0 termica e resistenza alle alte temperature, consentendo un funzionamento stabile in ambienti ad alta temperatura e adatti a processi di deposizione in diverse condizioni estreme.<\/p>\n<p><strong>Elevata stabilit\u00e0 chimica:<\/strong> i nostri target sono altamente resistenti all&#8217;ossidazione e alla corrosione, mantenendo una stabilit\u00e0 a lungo termine in una variet\u00e0 di ambienti chimici.<\/p>\n<p><strong>Ampie applicazioni:<\/strong> adatti per rivestimenti duri, rivestimenti funzionali, rivestimenti ottici, film sottili di semiconduttori e altre applicazioni, soddisfacendo i requisiti dei processi di deposizione di film sottili di fascia alta.<\/p>\n<h2><span style=\"font-size: 14pt;\">Parametri tecnici<\/span><\/h2>\n<table style=\"border-collapse: collapse; width: 55.134%; height: 288px;\">\n<tbody>\n<tr style=\"height: 24px;\">\n<td style=\"width: 19.2839%; height: 24px; text-align: center;\">Parametri<\/td>\n<td style=\"width: 31.9829%; height: 24px; text-align: center;\">Specifiche<\/td>\n<\/tr>\n<tr style=\"height: 24px;\">\n<td style=\"width: 19.2839%; height: 24px; text-align: center;\">Formula chimica<\/td>\n<td style=\"width: 31.9829%; height: 24px; text-align: center;\">HfN<\/td>\n<\/tr>\n<tr style=\"height: 24px;\">\n<td style=\"width: 19.2839%; height: 24px; text-align: center;\">Purezza<\/td>\n<td style=\"width: 31.9829%; height: 24px; text-align: center;\">99,5%<\/td>\n<\/tr>\n<tr style=\"height: 24px;\">\n<td style=\"width: 19.2839%; height: 24px; text-align: center;\">Diametro e spessore<\/td>\n<td style=\"width: 31.9829%; height: 24px; text-align: center;\">Personalizzato<\/td>\n<\/tr>\n<tr style=\"height: 24px;\">\n<td style=\"width: 19.2839%; height: 24px; text-align: center;\">Densit\u00e0<\/td>\n<td style=\"width: 31.9829%; height: 24px; text-align: center;\">12,5 g\/cm\u00b3<\/td>\n<\/tr>\n<tr style=\"height: 24px;\">\n<td style=\"width: 19.2839%; height: 24px; text-align: center;\">Durezza<\/td>\n<td style=\"width: 31.9829%; height: 24px; text-align: center;\">1600 HV<\/td>\n<\/tr>\n<tr style=\"height: 24px;\">\n<td style=\"width: 19.2839%; height: 24px; text-align: center;\">Conduttivit\u00e0 termica<\/td>\n<td style=\"width: 31.9829%; height: 24px; text-align: center;\">14 W\/m\u00b7K<\/td>\n<\/tr>\n<tr style=\"height: 24px;\">\n<td style=\"width: 19.2839%; height: 24px; text-align: center;\">Temperatura di esercizio<\/td>\n<td style=\"width: 31.9829%; height: 24px; text-align: center;\">1000 \u00b0C (fino a 1500 \u00b0C)<\/td>\n<\/tr>\n<tr style=\"height: 24px;\">\n<td style=\"width: 19.2839%; height: 24px; text-align: center;\">Metodo di sputtering<\/td>\n<td style=\"width: 31.9829%; height: 24px; text-align: center;\">Sputtering DC \/ Sputtering RF \/ Sputtering laser pulsato<\/td>\n<\/tr>\n<tr style=\"height: 24px;\">\n<td style=\"width: 19.2839%; height: 24px; text-align: center;\"><span style=\"color: #0000ff;\"><a style=\"color: #0000ff;\" href=\"https:\/\/en.wikipedia.org\/wiki\/Crystal_structure\" rel=\"nofollow noopener\" target=\"_blank\">Struttura cristallina<\/a><\/span><\/td>\n<td style=\"width: 31.9829%; height: 24px; text-align: center;\">Cubico a facce centrate (FCC)<\/td>\n<\/tr>\n<tr style=\"height: 24px;\">\n<td style=\"width: 19.2839%; height: 24px; text-align: center;\">Metodo di incollaggio<\/td>\n<td style=\"width: 31.9829%; height: 24px; text-align: center;\">Incollaggio di metalli \/ Adesivo conduttivo \/ Saldatura del backplane<\/td>\n<\/tr>\n<tr style=\"height: 24px;\">\n<td style=\"width: 19.2839%; height: 24px; text-align: center;\">Opzioni del backplane<\/td>\n<td style=\"width: 31.9829%; height: 24px; text-align: center;\">Backplane in rame \/ Backplane in alluminio \/ Backplane in acciaio inossidabile<\/td>\n<\/tr>\n<\/tbody>\n<\/table>\n<h2><span style=\"font-size: 14pt;\">Applicazioni<\/span><\/h2>\n<p><strong>Rivestimenti duri e rivestimenti funzionali:<\/strong> caratterizzati da un&#8217;eccellente durezza e resistenza all&#8217;usura, questi film sono adatti per rivestimenti superficiali su utensili da taglio, stampi, componenti elettronici e altre applicazioni, migliorando la resistenza del materiale Durata e resistenza ai graffi.<\/p>\n<p><strong>Rivestimenti ottici:<\/strong> i film di nitruro di afnio possono essere utilizzati in rivestimenti riflettenti ad alta temperatura, dispositivi ottici, riflettori laser e altri componenti ottici, offrendo una migliore riflettivit\u00e0 e resistenza ai danni causati dalla luce.<\/p>\n<p><strong>Industria dei semiconduttori:<\/strong> ampiamente utilizzati come strati resistenti alle radiazioni o di isolamento elettrico nei dispositivi a semiconduttore, in particolare nell&#8217;elettronica di potenza, nei MEMS e nell&#8217;optoelettronica.<\/p>\n<p><strong>Tecnologia delle batterie:<\/strong> i film sottili di nitruro di afnio possono essere utilizzati in batterie al litio, supercondensatori e altri dispositivi di accumulo di energia, migliorandone la conduttivit\u00e0 e la stabilit\u00e0, prolungandone cos\u00ec la durata.<\/p>\n<h2><span style=\"font-size: 14pt;\">Perch\u00e9 scegliere VIMATERIAL?<\/span><\/h2>\n<p><span style=\"color: #0000ff;\"><a style=\"color: #0000ff;\" href=\"https:\/\/vimaterial.de\/it\/controllo-qualita\/\"><strong>Garanzia di alta qualit\u00e0:<\/strong> <\/a><\/span>ogni target di sputtering in nitruro di afnio che forniamo viene sottoposto a rigorosi test di qualit\u00e0 per garantirne la stabilit\u00e0 e l&#8217;affidabilit\u00e0 in una variet\u00e0 di applicazioni ad alta precisione.<\/p>\n<p><strong>Personalizzazione:<\/strong> in base alle vostre esigenze specifiche, possiamo fornire servizi personalizzati con diverse dimensioni e purezze per soddisfare i requisiti specifici delle diverse apparecchiature di sputtering.<\/p>\n<p><strong>Prezzi competitivi:<\/strong> in qualit\u00e0 di produttore professionale di target per sputtering, VIMATERIAL offre ai clienti prodotti convenienti e garantisce una fornitura stabile e a lungo termine.<\/p>\n<p><strong>Supporto tecnico:<\/strong> il nostro team tecnico offre servizi completi di supporto e consulenza per aiutare i clienti a risolvere diverse problematiche relative all&#8217;utilizzo dei target per sputtering e garantire un processo fluido.<\/p>\n<h2><span style=\"font-size: 14pt;\">Domande frequenti (FAQ)<\/span><\/h2>\n<h3><span style=\"font-size: 12pt;\">D1: I target in nitruro di afnio sono stabili ad alte temperature?<\/span><\/h3>\n<p>R1: S\u00ec, i target in nitruro di afnio hanno un&#8217;eccellente stabilit\u00e0 termica e possono funzionare stabilmente a temperature fino a 1000 \u00b0C, il che li rende adatti per applicazioni di deposizione di film sottili ad alta temperatura.<\/p>\n<h3><span style=\"font-size: 12pt;\">D2: Posso personalizzare le dimensioni dei miei target per sputtering? Posso personalizzare i miei prodotti?<\/span><\/h3>\n<p>R2: S\u00ec, <span style=\"color: #0000ff;\"><a style=\"color: #0000ff;\" href=\"https:\/\/vimaterial.de\/it\/contatto\/\">VIMATERIAL<\/a> <\/span>offre dimensioni personalizzate per soddisfare le esigenze di diverse apparecchiature di sputtering.<\/p>\n<h3><span style=\"font-size: 12pt;\">D3: VIMATERIAL pu\u00f2 personalizzare i miei prodotti?<\/span><\/h3>\n<p>R3: Disponiamo di un team tecnico professionale che supporta la personalizzazione dei prodotti. Vi preghiamo di fornirci informazioni o idee pertinenti per una valutazione.<\/p>\n<h3><span style=\"font-size: 12pt;\">D4: Quali precauzioni devono essere prese durante lo sputtering di target in nitruro di afnio?<\/span><\/h3>\n<p>A4: Durante lo sputtering del nitruro di afnio, \u00e8 necessario tenere presente i seguenti punti:<\/p>\n<p>1. Scelta dell&#8217;atmosfera di sputtering: utilizzare azoto (N\u2082) o argon (Ar) come gas di sputtering. L&#8217;azoto aiuta il target di nitruro di afnio a formare un film di nitruro stabile sul substrato.<\/p>\n<p>2. Controllo della potenza di sputtering: mantenere una potenza di sputtering adeguata per evitare il surriscaldamento o l&#8217;evaporazione della superficie target, che potrebbero influire sulla qualit\u00e0 del film.<\/p>\n<p>3. Temperatura del substrato: la temperatura del substrato deve essere controllata entro un intervallo appropriato per garantire la qualit\u00e0 e l&#8217;uniformit\u00e0 del film e per evitare un&#8217;eccessiva cristallizzazione o cricche di fragilit\u00e0.<\/p>\n<p>4. Pulizia della superficie target: assicurarsi che la superficie target sia priva di contaminanti. La pulizia pu\u00f2 essere eseguita prima dell&#8217;uso per evitare qualsiasi impatto sulle prestazioni di sputtering.<\/p>\n<p>5. Monitoraggio della velocit\u00e0 di sputtering: mantenere una velocit\u00e0 di sputtering stabile per garantire uno spessore uniforme del film e adattarsi alle diverse esigenze di deposizione.<\/p>\n<h2><span style=\"font-size: 14pt;\">Imballaggio e spedizione<\/span><\/h2>\n<h3><span style=\"font-size: 12pt;\">Imballaggio<\/span><\/h3>\n<p>I target per sputtering in nitruro di afnio vengono imballati in stretta conformit\u00e0 con gli standard internazionali prima della spedizione. Utilizziamo sacchetti di plastica antistatici, schiuma e scatole esterne ad alta resistenza per proteggere i target da eventuali danni durante il trasporto. La superficie del target \u00e8 inoltre trattata con un trattamento protettivo per prevenire graffi e altri danni meccanici durante il trasporto.<\/p>\n<h3><span style=\"font-size: 12pt;\">Trasporto<\/span><\/h3>\n<p>Offriamo diverse opzioni di spedizione, tra cui via mare, via aerea e via terra, per garantire una consegna puntuale e sicura. Tutte le procedure di trasporto rispettano rigorosamente le normative internazionali per garantire che i target in nitruro di afnio siano in condizioni ottimali al momento della consegna.<\/p>\n<h3><span style=\"font-size: 12pt;\">Conservazione<\/span><\/h3>\n<p>I target in nitruro di afnio devono essere conservati in un ambiente asciutto e fresco, evitando l&#8217;esposizione diretta a umidit\u00e0, gas corrosivi o alte temperature, per garantire che le loro prestazioni e qualit\u00e0 non vengano compromesse.<\/p>\n<h2><span style=\"font-size: 14pt;\">Prodotti consigliati<\/span><\/h2>\n<p><span style=\"color: #0000ff;\"><a style=\"color: #0000ff;\" href=\"https:\/\/vimaterial.de\/it\/product\/ossido-di-afnio\/\"><strong>Target per sputtering in ossido di afnio (HfO2):<\/strong><\/a><\/span> utilizzati in rivestimenti resistenti al calore e alle alte temperature, condensatori e film sottili ottici, offrono eccellenti propriet\u00e0 elettriche e stabilit\u00e0 chimica.<\/p>\n<p><span style=\"color: #0000ff;\"><a style=\"color: #0000ff;\" href=\"https:\/\/vimaterial.de\/it\/product\/nitruro-di-silicio\/\"><strong>Target per sputtering in nitruro di silicio (Si3N4)<\/strong>:<\/a><\/span> adatti alla produzione di componenti elettronici, celle solari e dispositivi ottici, offrono elevata resistivit\u00e0 e resistenza all&#8217;usura.<\/p>\n<p><strong><span style=\"color: #0000ff;\"><a style=\"color: #0000ff;\" href=\"https:\/\/vimaterial.de\/it\/product\/nitruro-di-tantalio-2\/\">Target per sputtering in nitruro di tantalio (TaN)<\/a><\/span>:<\/strong> utilizzati nell&#8217;industria dei semiconduttori, nei resistori a film sottile e nei circuiti integrati.<\/p>\n<h2><span style=\"font-size: 14pt;\">Report e documentazione tecnica<\/span><\/h2>\n<p>Forniamo una documentazione tecnica completa sui target per sputtering in nitruro di afnio, inclusi COA (Certificato di analisi), TDS (Scheda tecnica) e MSDS (Scheda di sicurezza). Potete scaricare la documentazione direttamente dalla pagina del prodotto o lasciare un messaggio per contattarci. Vi forniremo un report completo sul prodotto, personalizzato in base alle vostre esigenze. Inoltre, su richiesta, possiamo fornire campioni per la verifica da parte di laboratori di prova terzi, garantendo la piena conformit\u00e0 e affidabilit\u00e0.<\/p>\n","protected":false},"excerpt":{"rendered":"<p>I target per sputtering in<span style=\"color: #0000ff;\"><a style=\"color: #0000ff;\" href=\"https:\/\/vimaterial.de\/it\/search\/?type=name&#038;keyword=Nitruro+di+afnio\"> nitruro di afnio<\/a><\/span> sono realizzati in nitruro di afnio ad alta purezza e sono ampiamente utilizzati nella deposizione di film sottili, nella tecnologia di rivestimento e nell&#8217;industria dei semiconduttori. I target per sputtering in nitruro di afnio di VImaterial offrono un&#8217;eccellente stabilit\u00e0 chimica e durezza, rendendoli adatti a una variet\u00e0 di applicazioni di film sottili ad alta precisione. Garantiscono una velocit\u00e0 di sputtering uniforme durante la deposizione di film sottili, consentendo un controllo preciso dello spessore e della qualit\u00e0 del materiale depositato.<\/p>\n","protected":false},"featured_media":1032961,"comment_status":"open","ping_status":"closed","template":"","meta":{"_acf_changed":false},"product_brand":[],"product_cat":[197],"product_tag":[],"class_list":{"0":"post-1023625","1":"product","2":"type-product","3":"status-publish","4":"has-post-thumbnail","6":"product_cat-obiettivi-di-sputtering-planari","8":"first","9":"instock","10":"shipping-taxable","11":"product-type-variable"},"acf":[],"_links":{"self":[{"href":"https:\/\/vimaterial.de\/it\/wp-json\/wp\/v2\/product\/1023625","targetHints":{"allow":["GET"]}}],"collection":[{"href":"https:\/\/vimaterial.de\/it\/wp-json\/wp\/v2\/product"}],"about":[{"href":"https:\/\/vimaterial.de\/it\/wp-json\/wp\/v2\/types\/product"}],"replies":[{"embeddable":true,"href":"https:\/\/vimaterial.de\/it\/wp-json\/wp\/v2\/comments?post=1023625"}],"wp:featuredmedia":[{"embeddable":true,"href":"https:\/\/vimaterial.de\/it\/wp-json\/wp\/v2\/media\/1032961"}],"wp:attachment":[{"href":"https:\/\/vimaterial.de\/it\/wp-json\/wp\/v2\/media?parent=1023625"}],"wp:term":[{"taxonomy":"product_brand","embeddable":true,"href":"https:\/\/vimaterial.de\/it\/wp-json\/wp\/v2\/product_brand?post=1023625"},{"taxonomy":"product_cat","embeddable":true,"href":"https:\/\/vimaterial.de\/it\/wp-json\/wp\/v2\/product_cat?post=1023625"},{"taxonomy":"product_tag","embeddable":true,"href":"https:\/\/vimaterial.de\/it\/wp-json\/wp\/v2\/product_tag?post=1023625"}],"curies":[{"name":"wp","href":"https:\/\/api.w.org\/{rel}","templated":true}]}}