{"id":1023392,"date":"2024-06-17T15:47:26","date_gmt":"2024-06-17T07:47:26","guid":{"rendered":"https:\/\/vimaterial.de\/product\/seleniuro-di-afnio\/"},"modified":"2024-10-29T11:13:03","modified_gmt":"2024-10-29T03:13:03","slug":"seleniuro-di-afnio","status":"publish","type":"product","link":"https:\/\/vimaterial.de\/it\/product\/seleniuro-di-afnio\/","title":{"rendered":"Seleniuro di afnio"},"content":{"rendered":"<p>Le particelle di seleniuro di afnio sono un materiale con propriet\u00e0 fisiche e chimiche uniche.<\/p>\n<p>Informazioni di base<\/p>\n<p>Formula chimica e composizione: La formula chimica di HfSe\u2082 indica chiaramente che \u00e8 costituito dagli elementi afnio (Hf) e selenio (Se) in un rapporto stechiometrico di 1:2.<\/p>\n<p>Peso molecolare: 336,41.<\/p>\n<p>Struttura cristallina: HfSe\u2082 ha una tipica struttura cristallina stratificata.<\/p>\n<p>Aspetto e morfologia: Di solito si presenta come una sostanza granulare nera o grigia.<\/p>\n<p>Densit\u00e0: Ha una densit\u00e0 relativamente alta, che \u00e8 correlata alla massa atomica degli elementi afnio e selenio stessi, nonch\u00e9 alla struttura cristallina compatta.<\/p>\n<p>Punto di fusione e stabilit\u00e0 termica: l&#8217;HfSe\u2082 ha un alto punto di fusione, il che significa che \u00e8 in grado di mantenere una relativa stabilit\u00e0 strutturale in ambienti ad alta temperatura.<\/p>\n<p>Aree di applicazione<\/p>\n<p>Campo dei dispositivi elettronici: grazie alle sue buone propriet\u00e0 elettriche, in particolare l&#8217;elevata mobilit\u00e0 portante e l&#8217;adatto gap di banda come materiale semiconduttore, il seleniuro di afnio pu\u00f2 essere utilizzato nella preparazione di dispositivi elettronici come transistor ad effetto di campo (FET) e circuiti integrati.<\/p>\n<p>Campo dei dispositivi optoelettronici: utilizzando le sue propriet\u00e0 ottiche, HfSe\u2082 ha potenziali applicazioni in dispositivi optoelettronici come fotorivelatori, diodi emettitori di luce (LED) e celle solari.<\/p>\n<p>Accumulo di energia: la struttura stratificata dell&#8217;HfSe\u2082 e le propriet\u00e0 elettriche lo rendono promettente per l&#8217;uso in dispositivi di accumulo di energia come batterie agli ioni di litio e supercondensatori. Campo di ricerca sui materiali quantistici: come materiale con propriet\u00e0 fisiche speciali, HfSe\u2082 ha anche attirato molta attenzione nella ricerca sui materiali quantistici.<\/p>\n","protected":false},"excerpt":{"rendered":"<p>Le particelle di seleniuro di afnio sono un materiale con propriet\u00e0 fisiche e chimiche uniche.<\/p>\n<p>Campo dei dispositivi elettronici: grazie alle sue buone propriet\u00e0 elettriche, in particolare l&#8217;elevata mobilit\u00e0 portante e l&#8217;adatto gap di banda come materiale semiconduttore, il seleniuro di afnio pu\u00f2 essere utilizzato nella preparazione di dispositivi elettronici come transistor ad effetto di campo (FET) e circuiti integrati.<\/p>\n<p>Campo dei dispositivi optoelettronici: utilizzando le sue propriet\u00e0 ottiche, il seleniuro di afnio ha potenziali applicazioni in dispositivi optoelettronici come fotorivelatori, diodi emettitori di luce (LED) e celle solari.<\/p>\n","protected":false},"featured_media":1033001,"comment_status":"open","ping_status":"closed","template":"","meta":{"_acf_changed":false},"product_brand":[],"product_cat":[198],"product_tag":[],"class_list":{"0":"post-1023392","1":"product","2":"type-product","3":"status-publish","4":"has-post-thumbnail","6":"product_cat-materiali-per-levaporazione","8":"first","9":"instock","10":"shipping-taxable","11":"product-type-variable"},"acf":[],"_links":{"self":[{"href":"https:\/\/vimaterial.de\/it\/wp-json\/wp\/v2\/product\/1023392","targetHints":{"allow":["GET"]}}],"collection":[{"href":"https:\/\/vimaterial.de\/it\/wp-json\/wp\/v2\/product"}],"about":[{"href":"https:\/\/vimaterial.de\/it\/wp-json\/wp\/v2\/types\/product"}],"replies":[{"embeddable":true,"href":"https:\/\/vimaterial.de\/it\/wp-json\/wp\/v2\/comments?post=1023392"}],"wp:featuredmedia":[{"embeddable":true,"href":"https:\/\/vimaterial.de\/it\/wp-json\/wp\/v2\/media\/1033001"}],"wp:attachment":[{"href":"https:\/\/vimaterial.de\/it\/wp-json\/wp\/v2\/media?parent=1023392"}],"wp:term":[{"taxonomy":"product_brand","embeddable":true,"href":"https:\/\/vimaterial.de\/it\/wp-json\/wp\/v2\/product_brand?post=1023392"},{"taxonomy":"product_cat","embeddable":true,"href":"https:\/\/vimaterial.de\/it\/wp-json\/wp\/v2\/product_cat?post=1023392"},{"taxonomy":"product_tag","embeddable":true,"href":"https:\/\/vimaterial.de\/it\/wp-json\/wp\/v2\/product_tag?post=1023392"}],"curies":[{"name":"wp","href":"https:\/\/api.w.org\/{rel}","templated":true}]}}