{"id":1023353,"date":"2024-06-17T15:47:26","date_gmt":"2024-06-17T07:47:26","guid":{"rendered":"https:\/\/vimaterial.de\/product\/tantalio-metallico-6\/"},"modified":"2024-10-14T17:42:43","modified_gmt":"2024-10-14T09:42:43","slug":"metallo-al-tantalio-4","status":"publish","type":"product","link":"https:\/\/vimaterial.de\/it\/product\/metallo-al-tantalio-4\/","title":{"rendered":"Metallo al tantalio"},"content":{"rendered":"<p>Il lingotto di tantalio \u00e8 un prodotto grumoso realizzato in tantalio metallico.<\/p>\n<p>&nbsp;<\/p>\n<p>Informazioni di base:<\/p>\n<p>Aspetto: di solito si presenta con una lucentezza metallica grigio argentea con una superficie relativamente liscia. Densit\u00e0: 16,6 g\/cm3.<br \/>\nPunto di fusione: 2996\u00b0C.<br \/>\nConducibilit\u00e0: buona conducibilit\u00e0<br \/>\nelettricaPropriet\u00e0 superficiali: la superficie del lingotto di tantalio \u00e8 facile da formare uno strato di film di ossido denso e stabile, questo strato di film di ossido ha propriet\u00e0 metalliche conduttive unidirezionali della valvola, pu\u00f2 proteggere ulteriormente l&#8217;interno del lingotto di tantalio dall&#8217;ossidazione e dalla corrosione.<\/p>\n<p>&nbsp;<\/p>\n<p>Processo produttivo.<\/p>\n<p>&nbsp;<\/p>\n<p>Preparazione delle materie prime: il minerale di tantalio ad alta purezza o i rifiuti di tantalio vengono selezionati come materie prime e, dopo l&#8217;arricchimento, la purificazione e altri processi per rimuovere le impurit\u00e0, per ottenere materie prime metalliche in tantalio ad alta purezza.<\/p>\n<p>Fusione: la materia prima metallica al tantalio purificata viene messa in un forno ad alta temperatura per la fusione, che di solito adotta i metodi di fusione a fascio di elettroni, fusione ad arco sottovuoto e cos\u00ec via.<\/p>\n<p>Colata in lingotti: il liquido metallico di tantalio fuso viene versato in stampi per la colata in lingotti, in modo che si raffreddi e si solidifichi in lingotti di tantalio.<\/p>\n<p>&nbsp;<\/p>\n<p>Campi di applicazione.<\/p>\n<p>&nbsp;<\/p>\n<p>Industria elettronica: il lingotto Metallo al tantalio \u00e8 uno dei materiali importanti per la produzione di componenti elettronici, come condensatori, resistori, induttori e cos\u00ec via.<\/p>\n<p>Aerospaziale: Metallo al tantalio grazie alla sua elevata resistenza alle temperature e alla corrosione, nonch\u00e9 alle buone propriet\u00e0 meccaniche, il lingotto di tantalio pu\u00f2 essere utilizzato per produrre parti nel campo aerospaziale, come lo strato di protezione termica dei motori degli aerei, gli ugelli dei motori a razzo, ecc.<\/p>\n<p>Industria chimica: Metallo al tantalio pu\u00f2 essere utilizzato per produrre parti resistenti alla corrosione in apparecchiature chimiche, come reattori, condutture, valvole e cos\u00ec via. In mezzi chimici fortemente corrosivi, i lingotti di tantalio possono prevenire efficacemente la corrosione e i danni all&#8217;apparecchiatura.<\/p>\n","protected":false},"excerpt":{"rendered":"<p>Il lingotto di tantalio \u00e8 un prodotto grumoso realizzato in tantalio metallico.<\/p>\n<p>Industria elettronica: il lingotto Metallo al tantalio \u00e8 uno dei materiali importanti per la produzione di componenti elettronici, come condensatori, resistori, induttori e cos\u00ec via.<\/p>\n<p>Aerospaziale:Metallo al tantalio grazie alla sua elevata resistenza alle temperature e alla corrosione, nonch\u00e9 alle buone propriet\u00e0 meccaniche, il lingotto di tantalio pu\u00f2 essere utilizzato per produrre parti nel campo aerospaziale, come lo strato di protezione termica dei motori degli aerei, gli ugelli dei motori a razzo, ecc.<\/p>\n<p>&nbsp;<\/p>\n","protected":false},"featured_media":1033016,"comment_status":"open","ping_status":"closed","template":"","meta":{"_acf_changed":false},"product_brand":[],"product_cat":[198],"product_tag":[],"class_list":{"0":"post-1023353","1":"product","2":"type-product","3":"status-publish","4":"has-post-thumbnail","6":"product_cat-materiali-per-levaporazione","8":"first","9":"instock","10":"shipping-taxable","11":"purchasable","12":"product-type-variable"},"acf":[],"_links":{"self":[{"href":"https:\/\/vimaterial.de\/it\/wp-json\/wp\/v2\/product\/1023353","targetHints":{"allow":["GET"]}}],"collection":[{"href":"https:\/\/vimaterial.de\/it\/wp-json\/wp\/v2\/product"}],"about":[{"href":"https:\/\/vimaterial.de\/it\/wp-json\/wp\/v2\/types\/product"}],"replies":[{"embeddable":true,"href":"https:\/\/vimaterial.de\/it\/wp-json\/wp\/v2\/comments?post=1023353"}],"wp:featuredmedia":[{"embeddable":true,"href":"https:\/\/vimaterial.de\/it\/wp-json\/wp\/v2\/media\/1033016"}],"wp:attachment":[{"href":"https:\/\/vimaterial.de\/it\/wp-json\/wp\/v2\/media?parent=1023353"}],"wp:term":[{"taxonomy":"product_brand","embeddable":true,"href":"https:\/\/vimaterial.de\/it\/wp-json\/wp\/v2\/product_brand?post=1023353"},{"taxonomy":"product_cat","embeddable":true,"href":"https:\/\/vimaterial.de\/it\/wp-json\/wp\/v2\/product_cat?post=1023353"},{"taxonomy":"product_tag","embeddable":true,"href":"https:\/\/vimaterial.de\/it\/wp-json\/wp\/v2\/product_tag?post=1023353"}],"curies":[{"name":"wp","href":"https:\/\/api.w.org\/{rel}","templated":true}]}}